{"id":1027,"date":"2023-08-14T11:53:55","date_gmt":"2023-08-14T17:53:55","guid":{"rendered":"https:\/\/ecologicosolar.com\/?post_type=product&#038;p=1027"},"modified":"2023-08-16T08:17:40","modified_gmt":"2023-08-16T14:17:40","slug":"kitfsr4-kit-de-estructura-frs-para-4-modulos","status":"publish","type":"product","link":"https:\/\/ecologicosolar.com\/en\/product\/kitfsr4-kit-de-estructura-frs-para-4-modulos\/","title":{"rendered":"KITFSR4 &#8211; Kit de Estructura FRS &#8211; Para 4 M\u00f3dulos"},"content":{"rendered":"<p>Introduciendo la Nueva Estructura para Paneles Solares FRS: la soluci\u00f3n definitiva para maximizar el potencial de energ\u00eda solar en cualquier entorno. Dise\u00f1ada con una ingenier\u00eda especializada y meticulosa atenci\u00f3n a los detalles, esta estructura innovadora est\u00e1 lista para revolucionar la forma en que aprovechamos la energ\u00eda solar.<\/p>\n<p>La Estructura para Paneles Solares FRS cuenta con el prestigioso Certificado DIN, lo que garantiza su calidad y rendimiento excepcionales. Adem\u00e1s, estamos en proceso de obtener la certificaci\u00f3n UL en M\u00e9xico.<\/p>\n<p>Un atributo distintivo de esta estructura es su riel altamente resistente, dise\u00f1ado para soportar las condiciones clim\u00e1ticas m\u00e1s desafiantes y garantizar la durabilidad a largo plazo.<\/p>\n<p>La instalaci\u00f3n es un juego de ni\u00f1os: \u00a1puedes armarla por completo con tan solo un dado o una llave de 13 mm! Esto no solo facilita la instalaci\u00f3n, sino que tambi\u00e9n agiliza el proceso, ahorrando tiempo y esfuerzo.<\/p>\n<p>Con un dise\u00f1o que prioriza la resistencia y la longevidad, la Estructura para Paneles Solares FRS est\u00e1 respaldada por una garant\u00eda de fabricante de ATLAS SOLAR SUPPORT de 25 a\u00f1os. Puedes confiar en que tu inversi\u00f3n estar\u00e1 protegida y que disfrutar\u00e1s de los beneficios de la energ\u00eda solar durante d\u00e9cadas.<\/p>\n<p>Descarga su plano de instalaci\u00f3n AQUI:<\/p>\n<p><a href=\"https:\/\/ecologicosolar.com\/wp-content\/uploads\/2023\/08\/4M-1P15TC-St2m.pdf\">4M-1P15TC (St=2m)<\/a><\/p>\n<p>Manual de Instalaci\u00f3n AQUI:<\/p>\n<p><a href=\"https:\/\/ecologicosolar.com\/wp-content\/uploads\/2023\/08\/Manual-de-Instalacion-Sistema-1P_G.pdf\">Manual de Instalacion Sistema 1P_G<\/a><\/p>","protected":false},"excerpt":{"rendered":"<p>Introduciendo la Nueva Estructura para Paneles Solares FRS: la soluci\u00f3n definitiva para maximizar el potencial de energ\u00eda solar en cualquier entorno. Dise\u00f1ada con una ingenier\u00eda especializada y meticulosa atenci\u00f3n a los detalles, esta estructura innovadora est\u00e1 lista para revolucionar la forma en que aprovechamos la energ\u00eda solar.<\/p>\n<p>La instalaci\u00f3n es un juego de ni\u00f1os: \u00a1puedes armarla por completo con tan solo un dado o una llave de 13 mm! Esto no solo facilita la instalaci\u00f3n, sino que tambi\u00e9n agiliza el proceso, ahorrando tiempo y esfuerzo.<\/p>\n<p>El kit Incluye:<\/p>\n<table width=\"714\">\n<tbody>\n<tr>\n<td width=\"167\">RFSR<\/td>\n<td width=\"333\">Riel de 4.8m aluminio Anodizado tipo FSR<\/td>\n<td width=\"214\">2<\/td>\n<\/tr>\n<tr>\n<td>CFSR<\/td>\n<td>Union de Riel FSR<\/td>\n<td>Sin Union<\/td>\n<\/tr>\n<tr>\n<td>AFSR<\/td>\n<td>Ancla FRS con pieza tipo Pata<\/td>\n<td>6<\/td>\n<\/tr>\n<tr>\n<td>C90FSR<\/td>\n<td>Union de 90 grados para Riel FSR<\/td>\n<td>6<\/td>\n<\/tr>\n<tr>\n<td>MID35FSR<\/td>\n<td>Mid clamp FSR<\/td>\n<td>6<\/td>\n<\/tr>\n<tr>\n<td>END35FSR<\/td>\n<td>End clamp FSR<\/td>\n<td>4<\/td>\n<\/tr>\n<tr>\n<td>TFSR<\/td>\n<td>Tierra fisica FSR<\/td>\n<td>1<\/td>\n<\/tr>\n<\/tbody>\n<\/table>\n<p>Descarga su plano de instalaci\u00f3n AQUI:<\/p>\n<p><a href=\"https:\/\/ecologicosolar.com\/wp-content\/uploads\/2023\/08\/4M-1P15TC-St2m.pdf\">4M-1P15TC (St=2m)<\/a><\/p>\n<p>Manual de Instalaci\u00f3n AQUI:<\/p>\n<p><a href=\"https:\/\/ecologicosolar.com\/wp-content\/uploads\/2023\/08\/Manual-de-Instalacion-Sistema-1P_G.pdf\">Manual de Instalacion Sistema 1P_G<\/a><\/p>","protected":false},"featured_media":1029,"template":"","meta":{"_coblocks_attr":"","_coblocks_dimensions":"","_coblocks_responsive_height":"","_coblocks_accordion_ie_support":"","_regular_price":["2200"],"currency_symbol":[]},"pwb-brand":[],"product_brand":[],"product_cat":[26],"product_tag":[54],"class_list":{"0":"post-1027","1":"product","2":"type-product","3":"status-publish","4":"has-post-thumbnail","6":"product_cat-accesorios","7":"product_tag-estructura","9":"first","10":"instock","11":"sale","12":"shipping-taxable","13":"purchasable","14":"product-type-simple"},"post_slider_layout_featured_media_urls":{"thumbnail":["https:\/\/ecologicosolar.com\/wp-content\/uploads\/2023\/08\/FSR-4-MODULOS-150x150.png",150,150,true],"post_slider_layout_landscape_large":["https:\/\/ecologicosolar.com\/wp-content\/uploads\/2023\/08\/FSR-4-MODULOS.png",763,730,false],"post_slider_layout_portrait_large":["https:\/\/ecologicosolar.com\/wp-content\/uploads\/2023\/08\/FSR-4-MODULOS.png",763,730,false],"post_slider_layout_square_large":["https:\/\/ecologicosolar.com\/wp-content\/uploads\/2023\/08\/FSR-4-MODULOS.png",763,730,false],"post_slider_layout_landscape":["https:\/\/ecologicosolar.com\/wp-content\/uploads\/2023\/08\/FSR-4-MODULOS-600x400.png",600,400,true],"post_slider_layout_portrait":["https:\/\/ecologicosolar.com\/wp-content\/uploads\/2023\/08\/FSR-4-MODULOS-600x730.png",600,730,true],"post_slider_layout_square":["https:\/\/ecologicosolar.com\/wp-content\/uploads\/2023\/08\/FSR-4-MODULOS-600x600.png",600,600,true],"full":["https:\/\/ecologicosolar.com\/wp-content\/uploads\/2023\/08\/FSR-4-MODULOS.png",763,730,false]},"brands":[],"_links":{"self":[{"href":"https:\/\/ecologicosolar.com\/en\/wp-json\/wp\/v2\/product\/1027","targetHints":{"allow":["GET"]}}],"collection":[{"href":"https:\/\/ecologicosolar.com\/en\/wp-json\/wp\/v2\/product"}],"about":[{"href":"https:\/\/ecologicosolar.com\/en\/wp-json\/wp\/v2\/types\/product"}],"wp:featuredmedia":[{"embeddable":true,"href":"https:\/\/ecologicosolar.com\/en\/wp-json\/wp\/v2\/media\/1029"}],"wp:attachment":[{"href":"https:\/\/ecologicosolar.com\/en\/wp-json\/wp\/v2\/media?parent=1027"}],"wp:term":[{"taxonomy":"pwb-brand","embeddable":true,"href":"https:\/\/ecologicosolar.com\/en\/wp-json\/wp\/v2\/pwb-brand?post=1027"},{"taxonomy":"product_brand","embeddable":true,"href":"https:\/\/ecologicosolar.com\/en\/wp-json\/wp\/v2\/product_brand?post=1027"},{"taxonomy":"product_cat","embeddable":true,"href":"https:\/\/ecologicosolar.com\/en\/wp-json\/wp\/v2\/product_cat?post=1027"},{"taxonomy":"product_tag","embeddable":true,"href":"https:\/\/ecologicosolar.com\/en\/wp-json\/wp\/v2\/product_tag?post=1027"}],"curies":[{"name":"wp","href":"https:\/\/api.w.org\/{rel}","templated":true}]}}