{"id":28,"date":"2023-05-07T04:34:50","date_gmt":"2023-05-07T04:34:50","guid":{"rendered":"https:\/\/ecologicosolar.com\/?post_type=product&#038;p=28"},"modified":"2023-08-06T23:21:12","modified_gmt":"2023-08-07T05:21:12","slug":"inversor-hibrido-min-7600-tl-xh","status":"publish","type":"product","link":"https:\/\/ecologicosolar.com\/en\/product\/inversor-hibrido-min-7600-tl-xh\/","title":{"rendered":"GWMIN7.6KWH &#8211; INVERSOR GROWATT HIBRIDO MIN-7600-TL-XH"},"content":{"rendered":"<p><img fetchpriority=\"high\" decoding=\"async\" class=\"alignnone size-medium wp-image-29\" src=\"https:\/\/ecologicosolar.com\/wp-content\/uploads\/2023\/05\/Inversor-hibrido-Growatt-300x300.jpg\" alt=\"inversor solar hibrido a la red electrica growatt en guatemala \" width=\"300\" height=\"300\" srcset=\"https:\/\/ecologicosolar.com\/wp-content\/uploads\/2023\/05\/Inversor-hibrido-Growatt-300x300.jpg 300w, https:\/\/ecologicosolar.com\/wp-content\/uploads\/2023\/05\/Inversor-hibrido-Growatt-100x100.jpg 100w, https:\/\/ecologicosolar.com\/wp-content\/uploads\/2023\/05\/Inversor-hibrido-Growatt-600x600.jpg 600w, https:\/\/ecologicosolar.com\/wp-content\/uploads\/2023\/05\/Inversor-hibrido-Growatt-1024x1024.jpg 1024w, https:\/\/ecologicosolar.com\/wp-content\/uploads\/2023\/05\/Inversor-hibrido-Growatt-150x150.jpg 150w, https:\/\/ecologicosolar.com\/wp-content\/uploads\/2023\/05\/Inversor-hibrido-Growatt-768x768.jpg 768w, https:\/\/ecologicosolar.com\/wp-content\/uploads\/2023\/05\/Inversor-hibrido-Growatt.jpg 1080w\" sizes=\"(max-width: 300px) 100vw, 300px\" \/><\/p>","protected":false},"excerpt":{"rendered":"<p data-aos=\"fade-up\"><a href=\"https:\/\/ecologicosolar.com\/wp-content\/uploads\/2023\/05\/GROWATT-MIN-3000-7600TL-XH-US-Datasheet.pdf\">GROWATT-MIN 3000-7600TL XH-US Datasheet<\/a><\/p>\n<p class=\"bt bta aos-init aos-animate\" data-aos=\"fade-up\">LISTO PARA BATER\u00cdA, A PRUEBA DE FUTURO<\/p>\n<p class=\"cpnc_a aos-init aos-animate\" data-aos=\"fade-up\">La serie XH es el \u00faltimo inversor residencial inteligente conectado a la red y tiene una gran adaptabilidad, lo que permite a los clientes tener una inversi\u00f3n inicial baja.\u00a0La interfaz de la bater\u00eda lo hace f\u00e1cilmente extensible a un sistema de almacenamiento en el futuro sin un dispositivo adicional o costo de actualizaci\u00f3n, tambi\u00e9n admite 2 veces la potencia de salida.<\/p>\n<p>Potentes plataformas gratuitas para clientes globales<br \/>\nPlataforma de monitoreo Growatt<\/p>\n<p>&#8211; Relaci\u00f3n DC\/AC hasta 2.0<\/p>\n<p>&#8211; M\u00e1x.\u00a0eficiencia 98.4%<\/p>\n<p>&#8211; Seguidores MPP duales<\/p>\n<p>&nbsp;<\/p>\n<p>Seguridad y Confiabilidad<\/p>\n<p>&#8211; Tipo II SPD en el lado de CC<\/p>\n<p>&#8211; Limitaci\u00f3n de exportaci\u00f3n de soporte<\/p>\n<p>&#8211; Funci\u00f3n AFCI opcional<\/p>\n<p>Valor central<\/p>\n<p>&#8211; Bater\u00eda preparada para el futuro<\/p>\n<p>&#8211; Baja inversi\u00f3n inicial<\/p>","protected":false},"featured_media":29,"template":"","meta":{"_coblocks_attr":"","_coblocks_dimensions":"","_coblocks_responsive_height":"","_coblocks_accordion_ie_support":"","_regular_price":["11740"],"currency_symbol":[]},"pwb-brand":[],"product_brand":[],"product_cat":[2],"product_tag":[3],"class_list":{"0":"post-28","1":"product","2":"type-product","3":"status-publish","4":"has-post-thumbnail","6":"product_cat-inversor-a-la-red","7":"product_tag-inversorhibrido","9":"first","10":"instock","11":"shipping-taxable","12":"purchasable","13":"product-type-simple"},"post_slider_layout_featured_media_urls":{"thumbnail":["https:\/\/ecologicosolar.com\/wp-content\/uploads\/2023\/05\/Inversor-hibrido-Growatt-150x150.jpg",150,150,true],"post_slider_layout_landscape_large":["https:\/\/ecologicosolar.com\/wp-content\/uploads\/2023\/05\/Inversor-hibrido-Growatt.jpg",800,800,false],"post_slider_layout_portrait_large":["https:\/\/ecologicosolar.com\/wp-content\/uploads\/2023\/05\/Inversor-hibrido-Growatt.jpg",1080,1080,false],"post_slider_layout_square_large":["https:\/\/ecologicosolar.com\/wp-content\/uploads\/2023\/05\/Inversor-hibrido-Growatt.jpg",1080,1080,false],"post_slider_layout_landscape":["https:\/\/ecologicosolar.com\/wp-content\/uploads\/2023\/05\/Inversor-hibrido-Growatt.jpg",400,400,false],"post_slider_layout_portrait":["https:\/\/ecologicosolar.com\/wp-content\/uploads\/2023\/05\/Inversor-hibrido-Growatt.jpg",600,600,false],"post_slider_layout_square":["https:\/\/ecologicosolar.com\/wp-content\/uploads\/2023\/05\/Inversor-hibrido-Growatt.jpg",600,600,false],"full":["https:\/\/ecologicosolar.com\/wp-content\/uploads\/2023\/05\/Inversor-hibrido-Growatt.jpg",1080,1080,false]},"brands":[],"_links":{"self":[{"href":"https:\/\/ecologicosolar.com\/en\/wp-json\/wp\/v2\/product\/28","targetHints":{"allow":["GET"]}}],"collection":[{"href":"https:\/\/ecologicosolar.com\/en\/wp-json\/wp\/v2\/product"}],"about":[{"href":"https:\/\/ecologicosolar.com\/en\/wp-json\/wp\/v2\/types\/product"}],"wp:featuredmedia":[{"embeddable":true,"href":"https:\/\/ecologicosolar.com\/en\/wp-json\/wp\/v2\/media\/29"}],"wp:attachment":[{"href":"https:\/\/ecologicosolar.com\/en\/wp-json\/wp\/v2\/media?parent=28"}],"wp:term":[{"taxonomy":"pwb-brand","embeddable":true,"href":"https:\/\/ecologicosolar.com\/en\/wp-json\/wp\/v2\/pwb-brand?post=28"},{"taxonomy":"product_brand","embeddable":true,"href":"https:\/\/ecologicosolar.com\/en\/wp-json\/wp\/v2\/product_brand?post=28"},{"taxonomy":"product_cat","embeddable":true,"href":"https:\/\/ecologicosolar.com\/en\/wp-json\/wp\/v2\/product_cat?post=28"},{"taxonomy":"product_tag","embeddable":true,"href":"https:\/\/ecologicosolar.com\/en\/wp-json\/wp\/v2\/product_tag?post=28"}],"curies":[{"name":"wp","href":"https:\/\/api.w.org\/{rel}","templated":true}]}}