{"id":348,"date":"2023-05-07T18:15:47","date_gmt":"2023-05-08T00:15:47","guid":{"rendered":"https:\/\/ecologicosolar.com\/?post_type=product&#038;p=348"},"modified":"2025-03-07T13:10:29","modified_gmt":"2025-03-07T19:10:29","slug":"ege100wp-panel-solar-de-100-watts-poly","status":"publish","type":"product","link":"https:\/\/ecologicosolar.com\/en\/product\/ege100wp-panel-solar-de-100-watts-poly\/","title":{"rendered":"EGE100P &#8211; Panel Solar de 100 Watts Poly"},"content":{"rendered":"<figure id=\"attachment_349\" aria-describedby=\"caption-attachment-349\" style=\"width: 300px\" class=\"wp-caption alignnone\"><img fetchpriority=\"high\" decoding=\"async\" class=\"size-medium wp-image-349\" src=\"https:\/\/ecologicosolar.com\/wp-content\/uploads\/2023\/05\/EGE-100P-36-300x300.jpg\" alt=\"\" width=\"300\" height=\"300\" srcset=\"https:\/\/ecologicosolar.com\/wp-content\/uploads\/2023\/05\/EGE-100P-36-300x300.jpg 300w, https:\/\/ecologicosolar.com\/wp-content\/uploads\/2023\/05\/EGE-100P-36-1024x1024.jpg 1024w, https:\/\/ecologicosolar.com\/wp-content\/uploads\/2023\/05\/EGE-100P-36-150x150.jpg 150w, https:\/\/ecologicosolar.com\/wp-content\/uploads\/2023\/05\/EGE-100P-36-768x768.jpg 768w, https:\/\/ecologicosolar.com\/wp-content\/uploads\/2023\/05\/EGE-100P-36-600x600.jpg 600w, https:\/\/ecologicosolar.com\/wp-content\/uploads\/2023\/05\/EGE-100P-36-100x100.jpg 100w, https:\/\/ecologicosolar.com\/wp-content\/uploads\/2023\/05\/EGE-100P-36.jpg 1080w\" sizes=\"(max-width: 300px) 100vw, 300px\" \/><figcaption id=\"caption-attachment-349\" class=\"wp-caption-text\">Panel solar de 100w<\/figcaption><\/figure>\n<h2 class=\"p-b--10\"><strong>M\u00f3dulo solar policristalino EGE-100P-36<\/strong><\/h2>\n<h5 class=\"fw--medium txt--uppercase p-b--10 txt-light--grey single-product-subtitle\">110 W \/ 36 CELDAS \/ 5 BUSBARS<\/h5>\n<div class=\"single-product-content p-t--10 p-b--10\">\n<p><strong>M\u00f3dulo solar policristalino 110W EGE-100P-36\u00a0<\/strong><\/p>\n<p>El m\u00f3dulo est\u00e1 fabricado\u00a0<strong>solo con celdas Grado A<\/strong>\u00a0 porque as\u00ed podemos generar la m\u00e1xima energ\u00eda,\u00a0 garantizando m\u00e1s de 25 a\u00f1os de vida \u00fatil. Adem\u00e1s de contar con materiales que cuentan con certificaciones y son fabricados por importantes l\u00edderes de la industria solar (Vidrio, EVA, marco, caja de control y dem\u00e1s).<\/p>\n<p>CARACTER\u00cdSTICAS CLAVE:<\/p>\n<p>M\u00f3dulo solar EGE-110P-36 policristalino 5BB, con eficiencia hasta 21%<\/p>\n<p>Caja de conexiones IP67 para resistencia a la intemperie a largo plazo<\/p>\n<p>Marco de aluminio de alta calidad, resistente a cargas de hasta 5400 Pa y presiones del viento de hasta 2400 Pa<\/p>\n<p>Vidrio templado de alta transmisividad pero con bajo contenido de hierro<\/p>\n<p>Alto rendimiento en entornos con poca luz<\/p>\n<p>Prueba doble EL antes y despu\u00e9s de la laminaci\u00f3n<\/p>\n<p><strong>CERTIFICADO INTEGRAL:<\/strong><\/p>\n<p>Nuestro m\u00f3dulo solar policristalino 110W EGE-110P-36 es adecuado para instalaciones aisladas. Ofrece una amplia versatilidad\u00a0 para instaladores.<\/p>\n<ul>\n<li>Certificaci\u00f3n TUV SUD (IEC 61730 \/ IEC 61215)<\/li>\n<li>Niebla salina (IEC 61701)<\/li>\n<li>Corrosi\u00f3n por amon\u00edaco (IEC 62716),<\/li>\n<li>Anti-PID, Arena y POLVO (IEC 60068-2-68).<\/li>\n<\/ul>\n<p>Se produce en nuestra\u00a0 f\u00e1brica que est\u00e1 certificada por ISO 9001 es por ello que cumple con buenos sistemas de gesti\u00f3n de calidad.<\/p>\n<\/div>\n<div class=\"table_technical_specifications d--flex m-b--20 m-t--20 border-1-grey\">\n<div class=\"table_technical_specifications_header p-tb--15 p-l--20 p-r--20\">\n<h5 class=\"txt--green\"><strong>CARACTER\u00cdSTICAS MEC\u00c1NICAS<\/strong><\/h5>\n<\/div>\n<div class=\"table_technical_specifications_content d--flex p-tb--15 p-l--20 p-r--20\">\n<p class=\"m--0\"><strong>Tipo de Celda<\/strong><\/p>\n<p class=\"m--0\">Policristalino (156.75&#215;110 mm)<\/p>\n<\/div>\n<div class=\"table_technical_specifications_content d--flex p-tb--15 p-l--20 p-r--20\">\n<p class=\"m--0\"><strong>N\u00famero de Celdas<\/strong><\/p>\n<p class=\"m--0\">36<\/p>\n<\/div>\n<div class=\"table_technical_specifications_content d--flex p-tb--15 p-l--20 p-r--20\">\n<p class=\"m--0\"><strong>Dimensi\u00f3n<\/strong><\/p>\n<p class=\"m--0\">1060\u00d7680\u00d730mm<\/p>\n<\/div>\n<div class=\"table_technical_specifications_content d--flex p-tb--15 p-l--20 p-r--20\">\n<p class=\"m--0\"><strong>Peso<\/strong><\/p>\n<p class=\"m--0\">8.1 kg<\/p>\n<\/div>\n<div class=\"table_technical_specifications_content d--flex p-tb--15 p-l--20 p-r--20\">\n<p class=\"m--0\"><strong>Vidrio<\/strong><\/p>\n<p class=\"m--0\">3.2 mm vidrio templado<\/p>\n<\/div>\n<div class=\"table_technical_specifications_content d--flex p-tb--15 p-l--20 p-r--20\">\n<p class=\"m--0\"><strong>Marco<\/strong><\/p>\n<p class=\"m--0\">Aleaci\u00f3n de aluminio anodizado<\/p>\n<\/div>\n<div class=\"table_technical_specifications_content d--flex p-tb--15 p-l--20 p-r--20\">\n<p class=\"m--0\"><strong>Caja de control<\/strong><\/p>\n<p class=\"m--0\">IP67<\/p>\n<\/div>\n<div class=\"table_technical_specifications_content d--flex p-tb--15 p-l--20 p-r--20\">\n<p class=\"m--0\"><strong>Cable<\/strong><\/p>\n<p class=\"m--0\">0.9 m<\/p>\n<\/div>\n<div class=\"table_technical_specifications_content d--flex p-tb--15 p-l--20 p-r--20\">\n<p class=\"m--0\"><strong>Conector<\/strong><\/p>\n<p class=\"m--0\">MC4 o compatible con MC4<\/p>\n<\/div>\n<\/div>\n<div class=\"table_technical_specifications d--flex m-b--20 m-t--20 border-1-grey\">\n<div class=\"table_technical_specifications_header p-tb--15 p-l--20 p-r--20\">\n<h5 class=\"txt--green\"><strong>DATA EL\u00c9CTRICA EN STC<\/strong><\/h5>\n<\/div>\n<div class=\"table_technical_specifications_content d--flex p-tb--15 p-l--20 p-r--20\">\n<p class=\"m--0\"><strong>M\u00e1xima potencia de salida (Pmax)<\/strong><\/p>\n<p class=\"m--0\">110 W<\/p>\n<\/div>\n<div class=\"table_technical_specifications_content d--flex p-tb--15 p-l--20 p-r--20\">\n<p class=\"m--0\"><strong>Tolerancia de potencia<\/strong><\/p>\n<p class=\"m--0\">0~+3 %<\/p>\n<\/div>\n<div class=\"table_technical_specifications_content d--flex p-tb--15 p-l--20 p-r--20\">\n<p class=\"m--0\"><strong>Eficiencia del m\u00f3dulo<\/strong><\/p>\n<p class=\"m--0\">15.26 %<\/p>\n<\/div>\n<div class=\"table_technical_specifications_content d--flex p-tb--15 p-l--20 p-r--20\">\n<p class=\"m--0\"><strong>Voltaje a m\u00e1xima potencia (Vmp)<\/strong><\/p>\n<p class=\"m--0\">18.43 V<\/p>\n<\/div>\n<div class=\"table_technical_specifications_content d--flex p-tb--15 p-l--20 p-r--20\">\n<p class=\"m--0\"><strong>Intensidad en m\u00e1xima potencia (Imp)<\/strong><\/p>\n<p class=\"m--0\">5.97 A<\/p>\n<\/div>\n<div class=\"table_technical_specifications_content d--flex p-tb--15 p-l--20 p-r--20\">\n<p class=\"m--0\"><strong>Voltaje en circuito abierto (Voc)<\/strong><\/p>\n<p class=\"m--0\">22.63 V<\/p>\n<\/div>\n<div class=\"table_technical_specifications_content d--flex p-tb--15 p-l--20 p-r--20\">\n<p class=\"m--0\"><strong>Intensidad por Corto-Circuito (Isc)<\/strong><\/p>\n<p class=\"m--0\">6.39 A<\/p>\n<\/div>\n<\/div>","protected":false},"excerpt":{"rendered":"<p><a href=\"https:\/\/ecologicosolar.com\/wp-content\/uploads\/2023\/05\/ECO-GREEN-EGE-100W-36-POLY.pdf\">ECO GREEN EGE-100W-36-POLY<\/a><\/p>","protected":false},"featured_media":349,"template":"","meta":{"_coblocks_attr":"","_coblocks_dimensions":"","_coblocks_responsive_height":"","_coblocks_accordion_ie_support":"","_regular_price":["697"],"currency_symbol":[]},"pwb-brand":[],"product_brand":[],"product_cat":[13],"product_tag":[14],"class_list":{"0":"post-348","1":"product","2":"type-product","3":"status-publish","4":"has-post-thumbnail","6":"product_cat-panel-solar","7":"product_tag-panelsolar","9":"first","10":"instock","11":"shipping-taxable","12":"purchasable","13":"product-type-simple"},"post_slider_layout_featured_media_urls":{"thumbnail":["https:\/\/ecologicosolar.com\/wp-content\/uploads\/2023\/05\/EGE-100P-36-150x150.jpg",150,150,true],"post_slider_layout_landscape_large":["https:\/\/ecologicosolar.com\/wp-content\/uploads\/2023\/05\/EGE-100P-36-1080x800.jpg",1080,800,true],"post_slider_layout_portrait_large":["https:\/\/ecologicosolar.com\/wp-content\/uploads\/2023\/05\/EGE-100P-36.jpg",1080,1080,false],"post_slider_layout_square_large":["https:\/\/ecologicosolar.com\/wp-content\/uploads\/2023\/05\/EGE-100P-36.jpg",1080,1080,false],"post_slider_layout_landscape":["https:\/\/ecologicosolar.com\/wp-content\/uploads\/2023\/05\/EGE-100P-36-600x400.jpg",600,400,true],"post_slider_layout_portrait":["https:\/\/ecologicosolar.com\/wp-content\/uploads\/2023\/05\/EGE-100P-36-600x900.jpg",600,900,true],"post_slider_layout_square":["https:\/\/ecologicosolar.com\/wp-content\/uploads\/2023\/05\/EGE-100P-36-600x600.jpg",600,600,true],"full":["https:\/\/ecologicosolar.com\/wp-content\/uploads\/2023\/05\/EGE-100P-36.jpg",1080,1080,false]},"brands":[],"_links":{"self":[{"href":"https:\/\/ecologicosolar.com\/en\/wp-json\/wp\/v2\/product\/348","targetHints":{"allow":["GET"]}}],"collection":[{"href":"https:\/\/ecologicosolar.com\/en\/wp-json\/wp\/v2\/product"}],"about":[{"href":"https:\/\/ecologicosolar.com\/en\/wp-json\/wp\/v2\/types\/product"}],"wp:featuredmedia":[{"embeddable":true,"href":"https:\/\/ecologicosolar.com\/en\/wp-json\/wp\/v2\/media\/349"}],"wp:attachment":[{"href":"https:\/\/ecologicosolar.com\/en\/wp-json\/wp\/v2\/media?parent=348"}],"wp:term":[{"taxonomy":"pwb-brand","embeddable":true,"href":"https:\/\/ecologicosolar.com\/en\/wp-json\/wp\/v2\/pwb-brand?post=348"},{"taxonomy":"product_brand","embeddable":true,"href":"https:\/\/ecologicosolar.com\/en\/wp-json\/wp\/v2\/product_brand?post=348"},{"taxonomy":"product_cat","embeddable":true,"href":"https:\/\/ecologicosolar.com\/en\/wp-json\/wp\/v2\/product_cat?post=348"},{"taxonomy":"product_tag","embeddable":true,"href":"https:\/\/ecologicosolar.com\/en\/wp-json\/wp\/v2\/product_tag?post=348"}],"curies":[{"name":"wp","href":"https:\/\/api.w.org\/{rel}","templated":true}]}}