{"id":366,"date":"2023-05-07T19:15:45","date_gmt":"2023-05-08T01:15:45","guid":{"rendered":"https:\/\/ecologicosolar.com\/?post_type=product&#038;p=366"},"modified":"2025-03-07T14:12:15","modified_gmt":"2025-03-07T20:12:15","slug":"inversor-a-la-red-min-10000-tl-x","status":"publish","type":"product","link":"https:\/\/ecologicosolar.com\/en\/product\/inversor-a-la-red-min-10000-tl-x\/","title":{"rendered":"Growatt &#8211; GWMIN10KW &#8211; Inversor a la Red &#8211; MIN-10000-TL-X2"},"content":{"rendered":"<figure id=\"attachment_4114\" aria-describedby=\"caption-attachment-4114\" style=\"width: 240px\" class=\"wp-caption alignnone\"><img fetchpriority=\"high\" decoding=\"async\" class=\"size-medium wp-image-4114\" src=\"https:\/\/ecologicosolar.com\/wp-content\/uploads\/2023\/05\/MIN-10000TL-X2-Arte-Anuncio--240x300.jpg\" alt=\"Inversor Solar Growatt Guatemala MIN 10000-TL-X2\" width=\"240\" height=\"300\" srcset=\"https:\/\/ecologicosolar.com\/wp-content\/uploads\/2023\/05\/MIN-10000TL-X2-Arte-Anuncio--240x300.jpg 240w, https:\/\/ecologicosolar.com\/wp-content\/uploads\/2023\/05\/MIN-10000TL-X2-Arte-Anuncio--819x1024.jpg 819w, https:\/\/ecologicosolar.com\/wp-content\/uploads\/2023\/05\/MIN-10000TL-X2-Arte-Anuncio--768x960.jpg 768w, https:\/\/ecologicosolar.com\/wp-content\/uploads\/2023\/05\/MIN-10000TL-X2-Arte-Anuncio--1229x1536.jpg 1229w, https:\/\/ecologicosolar.com\/wp-content\/uploads\/2023\/05\/MIN-10000TL-X2-Arte-Anuncio--1638x2048.jpg 1638w, https:\/\/ecologicosolar.com\/wp-content\/uploads\/2023\/05\/MIN-10000TL-X2-Arte-Anuncio--10x12.jpg 10w, https:\/\/ecologicosolar.com\/wp-content\/uploads\/2023\/05\/MIN-10000TL-X2-Arte-Anuncio--600x750.jpg 600w, https:\/\/ecologicosolar.com\/wp-content\/uploads\/2023\/05\/MIN-10000TL-X2-Arte-Anuncio--100x125.jpg 100w, https:\/\/ecologicosolar.com\/wp-content\/uploads\/2023\/05\/MIN-10000TL-X2-Arte-Anuncio--scaled.jpg 2048w\" sizes=\"(max-width: 240px) 100vw, 240px\" \/><figcaption id=\"caption-attachment-4114\" class=\"wp-caption-text\">Inversor Solar Growatt Guatemala MIN 10000-TL-X2<\/figcaption><\/figure>\n<h2 data-start=\"157\" data-end=\"193\"><strong data-start=\"160\" data-end=\"191\">GROWATT MIN 7000-10000TL-X2<\/strong><\/h2>\n<p data-start=\"194\" data-end=\"250\">\ud83d\udd0b <strong data-start=\"197\" data-end=\"248\">Mayor Potencia, M\u00e1xima Tecnolog\u00eda en Inversores<\/strong><\/p>\n<p data-start=\"252\" data-end=\"608\">El <strong data-start=\"255\" data-end=\"286\">GROWATT MIN 7000-10000TL-X2<\/strong> redefine el est\u00e1ndar de los inversores solares con <strong data-start=\"338\" data-end=\"391\">mayor capacidad, eficiencia y control inteligente<\/strong>. Dise\u00f1ado para instalaciones monof\u00e1sicas de alto rendimiento, este modelo incorpora <strong data-start=\"476\" data-end=\"487\">3 MPPTs<\/strong> para una optimizaci\u00f3n superior de la energ\u00eda, junto con un dise\u00f1o <strong data-start=\"554\" data-end=\"605\">compacto, robusto y altamente eficiente (98.1%)<\/strong>.<\/p>\n<h3 data-start=\"610\" data-end=\"649\"><strong data-start=\"614\" data-end=\"647\">\ud83d\ude80 Caracter\u00edsticas Destacadas<\/strong><\/h3>\n<p data-start=\"650\" data-end=\"1198\">\u2705 <strong data-start=\"652\" data-end=\"690\">Amplia capacidad de 7kW hasta 10kW<\/strong>, ideal para grandes consumos.<br data-start=\"720\" data-end=\"723\" \/>\u2705 <strong data-start=\"725\" data-end=\"751\">3 MPPTs independientes<\/strong> para una m\u00e1xima eficiencia en la captaci\u00f3n de energ\u00eda.<br data-start=\"806\" data-end=\"809\" \/>\u2705 <strong data-start=\"811\" data-end=\"847\">Corriente en cadena de hasta 18A<\/strong>, perfecta para m\u00f3dulos de alta potencia.<br data-start=\"888\" data-end=\"891\" \/>\u2705 <strong data-start=\"893\" data-end=\"916\">Protecci\u00f3n avanzada<\/strong> con sistema anti-isla, monitoreo de fallos y SPD tipo II.<br data-start=\"974\" data-end=\"977\" \/>\u2705 <strong data-start=\"979\" data-end=\"1002\">Control inteligente<\/strong> con conectividad WiFi, RS485 y compatibilidad con app.<br data-start=\"1057\" data-end=\"1060\" \/>\u2705 <strong data-start=\"1062\" data-end=\"1083\">Dise\u00f1o resistente<\/strong> con certificaci\u00f3n <strong data-start=\"1102\" data-end=\"1110\">IP66<\/strong>, adecuado para exteriores.<br data-start=\"1137\" data-end=\"1140\" data-is-only-node=\"\" \/>\u2705 <strong data-start=\"1142\" data-end=\"1166\">Pantalla OLED t\u00e1ctil<\/strong> para un manejo m\u00e1s intuitivo.<\/p>\n<hr data-start=\"1200\" data-end=\"1203\" \/>\n<h3 data-start=\"1205\" data-end=\"1261\"><strong data-start=\"1209\" data-end=\"1259\">\ud83d\udcca Cuadro Resumen de Especificaciones T\u00e9cnicas<\/strong><\/h3>\n<table data-start=\"1263\" data-end=\"2588\">\n<thead data-start=\"1263\" data-end=\"1376\">\n<tr data-start=\"1263\" data-end=\"1376\">\n<th data-start=\"1263\" data-end=\"1292\"><strong data-start=\"1265\" data-end=\"1283\">Caracter\u00edstica<\/strong><\/th>\n<th data-start=\"1292\" data-end=\"1312\"><strong data-start=\"1294\" data-end=\"1311\">MIN 7000TL-X2<\/strong><\/th>\n<th data-start=\"1312\" data-end=\"1332\"><strong data-start=\"1314\" data-end=\"1331\">MIN 8000TL-X2<\/strong><\/th>\n<th data-start=\"1332\" data-end=\"1352\"><strong data-start=\"1334\" data-end=\"1351\">MIN 9000TL-X2<\/strong><\/th>\n<th data-start=\"1352\" data-end=\"1376\"><strong data-start=\"1354\" data-end=\"1372\">MIN 10000TL-X2<\/strong><\/th>\n<\/tr>\n<\/thead>\n<tbody data-start=\"1485\" data-end=\"2588\">\n<tr data-start=\"1485\" data-end=\"1590\">\n<td><strong data-start=\"1487\" data-end=\"1510\">Potencia nominal CA<\/strong><\/td>\n<td>7000W<\/td>\n<td>8000W<\/td>\n<td>9000W<\/td>\n<td>10000W<\/td>\n<\/tr>\n<tr data-start=\"1591\" data-end=\"1695\">\n<td><strong data-start=\"1593\" data-end=\"1614\">Eficiencia m\u00e1xima<\/strong><\/td>\n<td>98.1%<\/td>\n<td>98.1%<\/td>\n<td>98.1%<\/td>\n<td>98.1%<\/td>\n<\/tr>\n<tr data-start=\"1696\" data-end=\"1800\">\n<td><strong data-start=\"1698\" data-end=\"1717\">N\u00famero de MPPTs<\/strong><\/td>\n<td>3<\/td>\n<td>3<\/td>\n<td>3<\/td>\n<td>3<\/td>\n<\/tr>\n<tr data-start=\"1801\" data-end=\"1905\">\n<td><strong data-start=\"1803\" data-end=\"1828\">Rango de voltaje MPPT<\/strong><\/td>\n<td>60V &#8211; 550V<\/td>\n<td>60V &#8211; 550V<\/td>\n<td>60V &#8211; 550V<\/td>\n<td>60V &#8211; 550V<\/td>\n<\/tr>\n<tr data-start=\"1906\" data-end=\"1997\">\n<td><strong data-start=\"1908\" data-end=\"1937\">Corriente m\u00e1xima por MPPT<\/strong><\/td>\n<td>18A<\/td>\n<td>18A<\/td>\n<td>18A<\/td>\n<td>18A<\/td>\n<\/tr>\n<tr data-start=\"1998\" data-end=\"2089\">\n<td><strong data-start=\"2000\" data-end=\"2029\">Voltaje nominal de salida<\/strong><\/td>\n<td>220V<\/td>\n<td>220V<\/td>\n<td>220V<\/td>\n<td>220V<\/td>\n<\/tr>\n<tr data-start=\"2090\" data-end=\"2184\">\n<td><strong data-start=\"2092\" data-end=\"2120\">Monitoreo y conectividad<\/strong><\/td>\n<td>WiFi + App<\/td>\n<td>WiFi + App<\/td>\n<td>WiFi + App<\/td>\n<td>WiFi + App<\/td>\n<\/tr>\n<tr data-start=\"2185\" data-end=\"2285\">\n<td><strong data-start=\"2187\" data-end=\"2207\">Dimensiones (mm)<\/strong><\/td>\n<td>425x387x180<\/td>\n<td>425x387x180<\/td>\n<td>425x387x180<\/td>\n<td>425x387x180<\/td>\n<\/tr>\n<tr data-start=\"2286\" data-end=\"2386\">\n<td><strong data-start=\"2288\" data-end=\"2296\">Peso<\/strong><\/td>\n<td>20kg<\/td>\n<td>20kg<\/td>\n<td>20kg<\/td>\n<td>20kg<\/td>\n<\/tr>\n<tr data-start=\"2387\" data-end=\"2487\">\n<td><strong data-start=\"2389\" data-end=\"2412\">Grado de protecci\u00f3n<\/strong><\/td>\n<td>IP66<\/td>\n<td>IP66<\/td>\n<td>IP66<\/td>\n<td>IP66<\/td>\n<\/tr>\n<tr data-start=\"2488\" data-end=\"2588\">\n<td><strong data-start=\"2490\" data-end=\"2502\">Garant\u00eda<\/strong><\/td>\n<td>10 &#8211; 15 a\u00f1os<\/td>\n<td>10 &#8211; 15 a\u00f1os<\/td>\n<td>10 &#8211; 15 a\u00f1os<\/td>\n<td>10 &#8211; 15 a\u00f1os<\/td>\n<\/tr>\n<\/tbody>\n<\/table>\n<hr data-start=\"2590\" data-end=\"2593\" \/>\n<h3 data-start=\"2595\" data-end=\"2650\"><strong data-start=\"2599\" data-end=\"2648\">\ud83c\udf1e M\u00e1s Potencia, Mayor Control y Conectividad<\/strong><\/h3>\n<p data-start=\"2651\" data-end=\"2843\">El <strong data-start=\"2654\" data-end=\"2685\">GROWATT MIN 7000-10000TL-X2<\/strong> es la soluci\u00f3n ideal para quienes buscan un <strong data-start=\"2730\" data-end=\"2771\">inversor monof\u00e1sico de alta capacidad<\/strong>, con un rendimiento optimizado y control total desde cualquier lugar.<\/p>\n<p data-start=\"2845\" data-end=\"2960\">\ud83d\udca1 <strong data-start=\"2848\" data-end=\"2904\">Haz que tu energ\u00eda solar alcance el siguiente nivel.<\/strong><\/p>","protected":false},"excerpt":{"rendered":"<p><em><strong>Growatt Marca #1 En Inversores<\/strong><\/em><\/p>\n<p>Modelo de 10000 Watts Nominal<\/p>\n<p>Puedes instalarla hasta 15000 Watts de Potencia Solar<\/p>\n<p>Obt\u00e9n M\u00e1s Valor por tu dinero.<\/p>\n<p>Enlace Wifi incorporado y app gratis para visualizar energ\u00eda.<\/p>\n<p>Dise\u00f1o compacto y duradero.<\/p>\n<p>Garant\u00eda y soporte con nosotros como Ecol\u00f3gico Solar (Distribuidor Autorizado).<\/p>\n<p>Fichas T\u00e9cnicas:<\/p>\n<p><a href=\"https:\/\/ecologicosolar.com\/wp-content\/uploads\/2025\/03\/GROWATT-MIN_700010000TL-X2_MX_202408.pdf\">GROWATT &#8211; MIN_7000~10000TL-X2_MX_202408<\/a><\/p>","protected":false},"featured_media":4114,"template":"","meta":{"_coblocks_attr":"","_coblocks_dimensions":"","_coblocks_responsive_height":"","_coblocks_accordion_ie_support":"","_regular_price":["15030"],"currency_symbol":[]},"pwb-brand":[],"product_brand":[],"product_cat":[2],"product_tag":[15],"class_list":{"0":"post-366","1":"product","2":"type-product","3":"status-publish","4":"has-post-thumbnail","6":"product_cat-inversor-a-la-red","7":"product_tag-growatt","9":"first","10":"instock","11":"sale","12":"sold-individually","13":"shipping-taxable","14":"purchasable","15":"product-type-simple"},"post_slider_layout_featured_media_urls":{"thumbnail":["https:\/\/ecologicosolar.com\/wp-content\/uploads\/2023\/05\/MIN-10000TL-X2-Arte-Anuncio--150x150.jpg",150,150,true],"post_slider_layout_landscape_large":["https:\/\/ecologicosolar.com\/wp-content\/uploads\/2023\/05\/MIN-10000TL-X2-Arte-Anuncio--1200x800.jpg",1200,800,true],"post_slider_layout_portrait_large":["https:\/\/ecologicosolar.com\/wp-content\/uploads\/2023\/05\/MIN-10000TL-X2-Arte-Anuncio--1200x1800.jpg",1200,1800,true],"post_slider_layout_square_large":["https:\/\/ecologicosolar.com\/wp-content\/uploads\/2023\/05\/MIN-10000TL-X2-Arte-Anuncio--1200x1200.jpg",1200,1200,true],"post_slider_layout_landscape":["https:\/\/ecologicosolar.com\/wp-content\/uploads\/2023\/05\/MIN-10000TL-X2-Arte-Anuncio--600x400.jpg",600,400,true],"post_slider_layout_portrait":["https:\/\/ecologicosolar.com\/wp-content\/uploads\/2023\/05\/MIN-10000TL-X2-Arte-Anuncio--600x900.jpg",600,900,true],"post_slider_layout_square":["https:\/\/ecologicosolar.com\/wp-content\/uploads\/2023\/05\/MIN-10000TL-X2-Arte-Anuncio--600x600.jpg",600,600,true],"full":["https:\/\/ecologicosolar.com\/wp-content\/uploads\/2023\/05\/MIN-10000TL-X2-Arte-Anuncio--scaled.jpg",2048,2560,false]},"brands":[],"_links":{"self":[{"href":"https:\/\/ecologicosolar.com\/en\/wp-json\/wp\/v2\/product\/366","targetHints":{"allow":["GET"]}}],"collection":[{"href":"https:\/\/ecologicosolar.com\/en\/wp-json\/wp\/v2\/product"}],"about":[{"href":"https:\/\/ecologicosolar.com\/en\/wp-json\/wp\/v2\/types\/product"}],"wp:featuredmedia":[{"embeddable":true,"href":"https:\/\/ecologicosolar.com\/en\/wp-json\/wp\/v2\/media\/4114"}],"wp:attachment":[{"href":"https:\/\/ecologicosolar.com\/en\/wp-json\/wp\/v2\/media?parent=366"}],"wp:term":[{"taxonomy":"pwb-brand","embeddable":true,"href":"https:\/\/ecologicosolar.com\/en\/wp-json\/wp\/v2\/pwb-brand?post=366"},{"taxonomy":"product_brand","embeddable":true,"href":"https:\/\/ecologicosolar.com\/en\/wp-json\/wp\/v2\/product_brand?post=366"},{"taxonomy":"product_cat","embeddable":true,"href":"https:\/\/ecologicosolar.com\/en\/wp-json\/wp\/v2\/product_cat?post=366"},{"taxonomy":"product_tag","embeddable":true,"href":"https:\/\/ecologicosolar.com\/en\/wp-json\/wp\/v2\/product_tag?post=366"}],"curies":[{"name":"wp","href":"https:\/\/api.w.org\/{rel}","templated":true}]}}