{"id":369,"date":"2023-05-07T19:20:52","date_gmt":"2023-05-08T01:20:52","guid":{"rendered":"https:\/\/ecologicosolar.com\/?post_type=product&#038;p=369"},"modified":"2025-03-12T13:25:14","modified_gmt":"2025-03-12T19:25:14","slug":"inversor-cargador-powmr-5k-48v-h","status":"publish","type":"product","link":"https:\/\/ecologicosolar.com\/en\/product\/inversor-cargador-powmr-5k-48v-h\/","title":{"rendered":"Inversor Cargador POWMR-5K-48V-H"},"content":{"rendered":"<h2>\u00bfCaracter\u00edsticas principales del cargador inversor todo en uno?<\/h2>\n<p>M\u00e1quina paralela: conecte varias m\u00e1quinas de la misma marca y modelo con funciones paralelas al mismo conjunto de bater\u00edas y realice el intercambio de informaci\u00f3n entre las m\u00e1quinas a trav\u00e9s de la conexi\u00f3n de l\u00edneas de comunicaci\u00f3n.<\/p>\n<p>Separaci\u00f3n de fases: la funci\u00f3n de dividir la potencia monof\u00e1sica en potencia bif\u00e1sica o trif\u00e1sica.<br \/>\nFunci\u00f3n de activaci\u00f3n de bater\u00eda de litio: esta funci\u00f3n puede activar la bater\u00eda de litio inactiva bajo la protecci\u00f3n de BMS para que pueda funcionar normalmente.<\/p>\n<h3>Las funciones principales del cargador inversor todo en uno son:<\/h3>\n<ul>\n<li>No es necesario agregar bater\u00edas, ahorrando costos de usuario<\/li>\n<li>Puede agregar paneles solares m\u00e1s potentes para acelerar la velocidad de carga de la energ\u00eda solar a la bater\u00eda.<\/li>\n<li>Darse cuenta de la funci\u00f3n de divisi\u00f3n de fase<\/li>\n<\/ul>\n<h2>nversor todo en uno PowMr de 3500 W Salida del cargador 110\/120 V CA Controlador solar MPPT 80 A integrado Entrada m\u00e1xima de PV 145 V CC 48 V CC Sistema Inversor h\u00edbrido de onda sinusoidal pura de 3,5 KW Apto para EE. UU. CA MX<\/h2>\n<h3>Acerca de este cargador inversor solar PowMr<\/h3>\n<ul>\n<li><span class=\"a-list-item\"><a href=\"https:\/\/powmr.com\/solar-charge-controller\/\">Inversor de carga solar<\/a>\u00a0de 3500 W 48 V CC a 120 V\/110 V CA\u00a0\u00a0y controlador de carga Mppt de 80 A e inversor de onda sinusoidal pura de 3500 W, todo en uno H\u00edbrido todo en una\u00a0\u00a0m\u00e1quina\u00a0<a href=\"https:\/\/powmr.com\/inverters\/all-in-one-inverter-chargers\/\">inversora .<\/a><\/span><\/li>\n<li><span class=\"a-list-item\">Tecnolog\u00eda MPPT avanzada Carga con una eficiencia del 99,9% e\u00a0<a href=\"https:\/\/powmr.com\/inverters\/\">inversor<\/a>\u00a0\u00a0con tecnolog\u00eda SPWM avanzada de CC a CA que genera energ\u00eda de onda sinusoidal pura.<\/span><\/li>\n<li><span class=\"a-list-item\">Apto para bater\u00edas de plomo-\u00e1cido y litio de 40-60 V CC.\u00a0Admite 4 modos de carga: solo energ\u00eda solar, prioridad de red, prioridad solar y carga h\u00edbrida de red y energ\u00eda solar.<\/span><\/li>\n<li><span class=\"a-list-item\">Pantalla LCD y 3 indicadores LED para una visualizaci\u00f3n din\u00e1mica de los datos del sistema y el estado operativo, ventilador inteligente de velocidad variable para disipar el calor de manera eficiente y prolongar la vida \u00fatil del sistema.<\/span><\/li>\n<\/ul>\n<p>La serie Pow es un nuevo\u00a0<a href=\"https:\/\/powmr.com\/inverters\/hybrid-inverters-on-and-off-grid\/\">inversor h\u00edbrido<\/a>\u00a0Inversor de carga solar, que integra almacenamiento de energ\u00eda solar significa almacenamiento de energ\u00eda de carga y salida de onda sinusoidal de CA.\u00a0Gracias al control DSP y al algoritmo de control avanzado, tiene alta velocidad de respuesta, alta confiabilidad y alto est\u00e1ndar industrial.\u00a0Cuatro modos de carga son opcionales, es decir, solo energ\u00eda solar, prioridad de red, prioridad solar y carga h\u00edbrida solar de red;\u00a0y hay dos modos de salida disponibles, es decir, inversor y red el\u00e9ctrica, para cumplir con los diferentes requisitos de la aplicaci\u00f3n.\u00a0El m\u00f3dulo de carga solar aplica la \u00faltima optimizaci\u00f3n;\u00a0tecnolog\u00eda MPPT para rastrear r\u00e1pidamente el punto de m\u00e1xima potencia del conjunto fotovoltaico en cualquier entorno y obtener la m\u00e1xima energ\u00eda del panel solar en tiempo real;\u00a0A trav\u00e9s de un algoritmo de control de \u00faltima generaci\u00f3n, el m\u00f3dulo de carga AC-DC realiza un control de circuito cerrado doble de voltaje y corriente completamente digital,\u00a0con alta precisi\u00f3n de control en un peque\u00f1o volumen;\u00a0El amplio rango de entrada de voltaje de CA y las protecciones completas de entrada\/salida est\u00e1n dise\u00f1adas para una carga y protecci\u00f3n estables y confiables de la bater\u00eda;\u00a0Basado en un dise\u00f1o inteligente totalmente digital, el m\u00f3dulo inversor DC-AC emplea SPWM avanzado;\u00a0tecnolog\u00eda y emite ondas sinusoidales puras para convertir CC en CA.\u00a0Es ideal para cargas de CA como electrodom\u00e9sticos, herramientas el\u00e9ctricas, equipos industriales y equipos electr\u00f3nicos de audio y video.\u00a0El producto viene con un dise\u00f1o de pantalla LCD de segmento que permite tiempo real;\u00a0Visualizaci\u00f3n de los datos de funcionamiento y estado del sistema.\u00a0Las protecciones electr\u00f3nicas integrales mantienen todo el sistema m\u00e1s seguro y estable;\u00a0Basado en un dise\u00f1o inteligente totalmente digital, el m\u00f3dulo inversor DC-AC emplea SPWM avanzado;\u00a0tecnolog\u00eda y emite ondas sinusoidales puras para convertir CC en CA.\u00a0Es ideal para cargas de CA como electrodom\u00e9sticos, herramientas el\u00e9ctricas, equipos industriales y equipos electr\u00f3nicos de audio y video.\u00a0El producto viene con un dise\u00f1o de pantalla LCD de segmento que permite tiempo real;\u00a0Visualizaci\u00f3n de los datos de funcionamiento y estado del sistema.\u00a0Las protecciones electr\u00f3nicas integrales mantienen todo el sistema m\u00e1s seguro y estable;\u00a0Basado en un dise\u00f1o inteligente totalmente digital, el m\u00f3dulo inversor DC-AC emplea SPWM avanzado;\u00a0tecnolog\u00eda y emite ondas sinusoidales puras para convertir CC en CA.\u00a0Es ideal para cargas de CA como electrodom\u00e9sticos, herramientas el\u00e9ctricas, equipos industriales y equipos electr\u00f3nicos de audio y video.\u00a0El producto viene con un dise\u00f1o de pantalla LCD de segmento que permite tiempo real;\u00a0Visualizaci\u00f3n de los datos de funcionamiento y estado del sistema.\u00a0Las protecciones electr\u00f3nicas integrales mantienen todo el sistema m\u00e1s seguro y estable;\u00a0Visualizaci\u00f3n de los datos de funcionamiento y estado del sistema.\u00a0Las protecciones electr\u00f3nicas integrales mantienen todo el sistema m\u00e1s seguro y estable;\u00a0Visualizaci\u00f3n de los datos de funcionamiento y estado del sistema.\u00a0Las protecciones electr\u00f3nicas integrales mantienen todo el sistema m\u00e1s seguro y estable;<\/p>\n<p>Caracter\u00edsticas clave<\/p>\n<p>1. Voltaje digital completo y control de circuito cerrado doble actual, tecnolog\u00eda SPWM avanzada, la salida de onda sinusoidal pura.<br \/>\n2. Dos modos de salida: derivaci\u00f3n de red y salida\u00a0<a href=\"https:\/\/powmr.com\/inverters\/48v-inverter\/\">de inversor de 48 V<\/a>\u00a0\u00a0;\u00a0suministro de energ\u00eda ininterrumpida.<br \/>\n3. Disponible en 4 modos de carga: solo energ\u00eda solar, prioridad de servicios p\u00fablicos, prioridad fotovoltaica, carga h\u00edbrida de servicios p\u00fablicos y solar.<br \/>\n4. Tecnolog\u00eda MPPT avanzada con una eficiencia del 99,9%.<br \/>\n5. Dise\u00f1ado con una pantalla LCD y 3 indicadores LED para una visualizaci\u00f3n din\u00e1mica de los datos del sistema y el estado operativo.<br \/>\n6. Interruptor de encendido\/apagado manual que controla la salida de CA.<br \/>\n7. Modo de ahorro de energ\u00eda disponible para reducir la p\u00e9rdida de carga vac\u00eda.<br \/>\n8. Ventilador inteligente de velocidad variable para disipar el calor de manera eficiente y prolongar la vida \u00fatil del sistema.<br \/>\n9. Activaci\u00f3n de la bater\u00eda de litio por energ\u00eda solar fotovoltaica o red el\u00e9ctrica, lo que permite el acceso a la bater\u00eda de plomo-\u00e1cido y la bater\u00eda de litio.<br \/>\n10. Protecci\u00f3n completa, incluida la protecci\u00f3n contra cortocircuitos, protecci\u00f3n contra sobrevoltaje y bajo voltaje, protecci\u00f3n contra sobrecarga, protecci\u00f3n inversa, etc.<\/p>\n<figure><img decoding=\"async\" src=\"https:\/\/m.media-amazon.com\/images\/S\/aplus-media-library-service-media\/cb9b2fa2-fbb4-4c05-8c7f-7feadc944cfe.__CR0,0,970,600_PT0_SX970_V1___.jpg\" alt=\"inversor 110VAC\" \/><\/figure>\n<table>\n<tbody>\n<tr>\n<td>\u00a0Par\u00e1metro de carga<\/p>\n<ul>\n<li><span class=\"a-list-item\">Tipo de bater\u00eda:\u00a0\u00a0<b>48V plomo \u00e1cido o litio<\/b><\/span><\/li>\n<li><span class=\"a-list-item\">Corriente m\u00e1xima de entrada fotovoltaica: 80A<\/span><\/li>\n<li><span class=\"a-list-item\">Rango de voltaje de carga: 40-60 VCC<\/span><\/li>\n<li><span class=\"a-list-item\">Voltaje m\u00e1ximo del panel solar aceptado: 145Vdc<\/span><\/li>\n<li><span class=\"a-list-item\">Rango de voltaje solar (PV) MPPT: 60-115Vdc<\/span><\/li>\n<li><span class=\"a-list-item\">Forma de onda de salida del inversor\u00a0<b>: onda sinusoidal pura<\/b><\/span><\/li>\n<li><span class=\"a-list-item\">Corriente de carga m\u00e1xima: 40 A cuando se carga de red\/servicio, 0-80 A cuando se carga PV.<\/span><\/li>\n<li><span class=\"a-list-item\">Rango de voltaje de funcionamiento de carga solar (PV): 60-145 V CC (para que PV cargue bancos de bater\u00edas de 48 V, necesitar\u00e1 un voltaje m\u00ednimo de PV Voc de 61 V CC)<\/span><\/li>\n<li><span class=\"a-list-item\">Potencia m\u00e1xima de entrada solar (PV): 4400 W (aseg\u00farese de que los paneles solares nunca excedan este valor)<\/span><\/li>\n<li><span class=\"a-list-item\">Potencia m\u00e1xima de salida solar (PV): 4200 W (el inversor utilizar\u00e1 Max 4200 W para cargar la bater\u00eda, pero est\u00e1 bien aceptar 4400 W de energ\u00eda de su panel solar).<\/span><\/li>\n<\/ul>\n<\/td>\n<\/tr>\n<\/tbody>\n<\/table>\n<p><img decoding=\"async\" src=\"https:\/\/m.media-amazon.com\/images\/S\/aplus-media-library-service-media\/44617732-7d20-4a91-af4d-e006eb4c0ce9.__CR0,0,970,600_PT0_SX970_V1___.jpg\" alt=\"forma de conexion\" \/><\/p>\n<h3>Alambrado<\/h3>\n<ul>\n<li><span class=\"a-list-item\">M\u00f3dulos fotovoltaicos (PV): convierta la energ\u00eda de la luz en energ\u00eda de CC, cargue la bater\u00eda a trav\u00e9s del cargador del inversor solar o invierta directamente en corriente alterna para alimentar la carga.<\/span><\/li>\n<li><span class=\"a-list-item\">Energ\u00eda o generador (utilidad): el acceso a la entrada de CA puede alimentar la carga y cargar la bater\u00eda.\u00a0Si no dispone de fuente de alimentaci\u00f3n o generador, el sistema tambi\u00e9n puede funcionar con normalidad, donde la carga es alimentada por bater\u00edas y m\u00f3dulos fotovoltaicos.<\/span><\/li>\n<li><span class=\"a-list-item\">Bater\u00eda: La funci\u00f3n de la bater\u00eda es garantizar el uso normal de la electricidad para la carga del sistema cuando la energ\u00eda solar es insuficiente y no hay electricidad.<\/span><\/li>\n<li><span class=\"a-list-item\">Carga dom\u00e9stica: se puede acceder a una variedad de cargas dom\u00e9sticas y de oficina, incluidos refrigeradores, l\u00e1mparas, televisores, ventiladores, aire acondicionado y otras cargas de CA.<\/span><\/li>\n<li><span class=\"a-list-item\"><b>Tipo de bater\u00eda: 48 V definida por el usuario\/sellada (predeterminada)\/bater\u00eda AGM\/inundada\/gel\/hierro de litio\/bater\u00eda de litio ternaria.<\/b><\/span><\/li>\n<\/ul>\n<h3>Atenci\u00f3n<\/h3>\n<ul>\n<li><span class=\"a-list-item\">El inversor solar PowMr es adecuado SOLAMENTE para sistemas de bancos de bater\u00edas de 48 V.\u00a0No seguir el requisito m\u00ednimo de CC puede causar da\u00f1os irreversibles a la unidad.<\/span><\/li>\n<li><span class=\"a-list-item\">Los componentes del inversor solar en la entrada\/salida de CA, los componentes de la bater\u00eda y los componentes fotovoltaicos producir\u00e1n una salida de alta energ\u00eda.\u00a0Aseg\u00farese de conectar el componente adecuado a los terminales etiquetados correspondientes.<\/span><\/li>\n<li><span class=\"a-list-item\">Tenga cuidado con los polos positivo y negativo.\u00a0La inversi\u00f3n de los polos puede causar da\u00f1os permanentes al inversor.<\/span><\/li>\n<li><span class=\"a-list-item\">Los terminales de entrada de los inversores tienen grandes condensadores conectados a ellos.\u00a0Una vez que se conecta un cable positivo y negativo a los terminales, completar\u00e1 el circuito y comenzar\u00e1 a generar una corriente intensa moment\u00e1neamente.<\/span><\/li>\n<li>Despu\u00e9s de apagar el interruptor de alimentaci\u00f3n, todav\u00eda hay mucha energ\u00eda dentro del inversor solar, no abra ni toque el dispositivo interno, espere a que se detenga la capacitancia despu\u00e9s de la operaci\u00f3n correspondiente<\/li>\n<\/ul>\n<p>&nbsp;<\/p>\n<p><img fetchpriority=\"high\" decoding=\"async\" class=\"alignnone size-medium wp-image-370\" src=\"https:\/\/ecologicosolar.com\/wp-content\/uploads\/2023\/05\/POWMR-48V-300x298.jpg\" alt=\"\" width=\"300\" height=\"298\" srcset=\"https:\/\/ecologicosolar.com\/wp-content\/uploads\/2023\/05\/POWMR-48V-300x298.jpg 300w, https:\/\/ecologicosolar.com\/wp-content\/uploads\/2023\/05\/POWMR-48V-1024x1016.jpg 1024w, https:\/\/ecologicosolar.com\/wp-content\/uploads\/2023\/05\/POWMR-48V-150x150.jpg 150w, https:\/\/ecologicosolar.com\/wp-content\/uploads\/2023\/05\/POWMR-48V-768x762.jpg 768w, https:\/\/ecologicosolar.com\/wp-content\/uploads\/2023\/05\/POWMR-48V-600x595.jpg 600w, https:\/\/ecologicosolar.com\/wp-content\/uploads\/2023\/05\/POWMR-48V-100x99.jpg 100w, https:\/\/ecologicosolar.com\/wp-content\/uploads\/2023\/05\/POWMR-48V.jpg 1500w\" sizes=\"(max-width: 300px) 100vw, 300px\" \/><\/p>","protected":false},"excerpt":{"rendered":"<h2>\u00bfQu\u00e9 es un cargador inversor todo en uno?<\/h2>\n<p><strong>Cargador de inversor todo en uno<\/strong>\u00a0: tambi\u00e9n lo llamamos\u00a0\u00a0<a href=\"https:\/\/powmr.com\/inverter-charger\/solar-inverter-charger\/\">cargador de inversor solar<\/a>\u00a0, tiene controladores de carga solar PWM o MPPT incorporados, puede usar directamente energ\u00eda solar, red de CA, generador o una combinaci\u00f3n de varios para cargar sus bater\u00edas.\u00a0Es un\u00a0\u00a0<a href=\"https:\/\/powmr.com\/inverters\/\">inversor<\/a>\u00a0muy simple , que se usa ampliamente en sistemas dom\u00e9sticos solares fuera de la red, veh\u00edculos recreativos, lanchas a motor, etc.<\/p>\n<p>Ficha T\u00e9cnica:<\/p>\n<p><a href=\"https:\/\/ecologicosolar.com\/wp-content\/uploads\/2023\/05\/POW-LVM5K-48V-H.pdf\">POW-LVM5K-48V-H<\/a><\/p>","protected":false},"featured_media":874,"template":"","meta":{"_coblocks_attr":"","_coblocks_dimensions":"","_coblocks_responsive_height":"","_coblocks_accordion_ie_support":"","_regular_price":["9630"],"currency_symbol":[]},"pwb-brand":[],"product_brand":[],"product_cat":[17],"product_tag":[18],"class_list":{"0":"post-369","1":"product","2":"type-product","3":"status-publish","4":"has-post-thumbnail","6":"product_cat-inversor-cargador","7":"product_tag-powmr","9":"first","10":"instock","11":"shipping-taxable","12":"purchasable","13":"product-type-simple"},"post_slider_layout_featured_media_urls":{"thumbnail":["https:\/\/ecologicosolar.com\/wp-content\/uploads\/2023\/05\/Inversor_cargador_Powmr_3500w_48v_paneles_solares_baterias-150x150.gif",150,150,true],"post_slider_layout_landscape_large":["https:\/\/ecologicosolar.com\/wp-content\/uploads\/2023\/05\/Inversor_cargador_Powmr_3500w_48v_paneles_solares_baterias-1200x800.gif",1200,800,true],"post_slider_layout_portrait_large":["https:\/\/ecologicosolar.com\/wp-content\/uploads\/2023\/05\/Inversor_cargador_Powmr_3500w_48v_paneles_solares_baterias-1200x1300.gif",1200,1300,true],"post_slider_layout_square_large":["https:\/\/ecologicosolar.com\/wp-content\/uploads\/2023\/05\/Inversor_cargador_Powmr_3500w_48v_paneles_solares_baterias-1200x1200.gif",1200,1200,true],"post_slider_layout_landscape":["https:\/\/ecologicosolar.com\/wp-content\/uploads\/2023\/05\/Inversor_cargador_Powmr_3500w_48v_paneles_solares_baterias-600x400.gif",600,400,true],"post_slider_layout_portrait":["https:\/\/ecologicosolar.com\/wp-content\/uploads\/2023\/05\/Inversor_cargador_Powmr_3500w_48v_paneles_solares_baterias-600x900.gif",600,900,true],"post_slider_layout_square":["https:\/\/ecologicosolar.com\/wp-content\/uploads\/2023\/05\/Inversor_cargador_Powmr_3500w_48v_paneles_solares_baterias-600x600.gif",600,600,true],"full":["https:\/\/ecologicosolar.com\/wp-content\/uploads\/2023\/05\/Inversor_cargador_Powmr_3500w_48v_paneles_solares_baterias.gif",1300,1300,false]},"brands":[],"_links":{"self":[{"href":"https:\/\/ecologicosolar.com\/en\/wp-json\/wp\/v2\/product\/369","targetHints":{"allow":["GET"]}}],"collection":[{"href":"https:\/\/ecologicosolar.com\/en\/wp-json\/wp\/v2\/product"}],"about":[{"href":"https:\/\/ecologicosolar.com\/en\/wp-json\/wp\/v2\/types\/product"}],"wp:featuredmedia":[{"embeddable":true,"href":"https:\/\/ecologicosolar.com\/en\/wp-json\/wp\/v2\/media\/874"}],"wp:attachment":[{"href":"https:\/\/ecologicosolar.com\/en\/wp-json\/wp\/v2\/media?parent=369"}],"wp:term":[{"taxonomy":"pwb-brand","embeddable":true,"href":"https:\/\/ecologicosolar.com\/en\/wp-json\/wp\/v2\/pwb-brand?post=369"},{"taxonomy":"product_brand","embeddable":true,"href":"https:\/\/ecologicosolar.com\/en\/wp-json\/wp\/v2\/product_brand?post=369"},{"taxonomy":"product_cat","embeddable":true,"href":"https:\/\/ecologicosolar.com\/en\/wp-json\/wp\/v2\/product_cat?post=369"},{"taxonomy":"product_tag","embeddable":true,"href":"https:\/\/ecologicosolar.com\/en\/wp-json\/wp\/v2\/product_tag?post=369"}],"curies":[{"name":"wp","href":"https:\/\/api.w.org\/{rel}","templated":true}]}}