{"id":373,"date":"2023-05-07T19:45:03","date_gmt":"2023-05-08T01:45:03","guid":{"rendered":"https:\/\/ecologicosolar.com\/?post_type=product&#038;p=373"},"modified":"2025-03-12T13:29:14","modified_gmt":"2025-03-12T19:29:14","slug":"inversor-cargador-powmr-5k-48v-h-copy","status":"publish","type":"product","link":"https:\/\/ecologicosolar.com\/en\/product\/inversor-cargador-powmr-5k-48v-h-copy\/","title":{"rendered":"Inversor Cargador POWMR-3K-24V"},"content":{"rendered":"<div class=\"csc_faq_question\">\n<div class=\"csc_faq_question_content\">\u00bfQu\u00e9 dispositivos se pueden cargar\/alimentar con el inversor solar de 3000 W y 110 V de PowMr?<\/div>\n<div class=\"csfq_icon csfq_icon_cpm\"><\/div>\n<\/div>\n<div class=\"csc_faq_answer\">\n<div class=\"csc_faq_answer_content\">\n<p>Inversor solar de 3000 W, salidas de CA de 120 V (onda sinusoidal pura), y su potencia de salida m\u00e1xima es de 3000 W, por lo que puede alimentar la mayor\u00eda de los dispositivos por debajo de 3000 W.<\/p>\n<p>Nota amistosa: para algunos dispositivos (carga inductiva) con un motor\/compresor incorporado, la potencia de arranque instant\u00e1neo puede ser de 3 a 6 veces mayor que la potencia nominal, lo que puede exceder el l\u00edmite superior del inversor solar de 3000w.\u00a0Por ejemplo acondicionadores de aire<\/p>\n<\/div>\n<div class=\"csc_faq_question\">\n<div class=\"csc_faq_question_content\">\u00bfC\u00f3mo elegir el panel solar y cu\u00e1l es el tiempo de carga?<\/div>\n<div class=\"csfq_icon csfq_icon_cpm\"><\/div>\n<\/div>\n<div class=\"csc_faq_answer\">\n<div class=\"csc_faq_answer_content\">\n<p>Compatible con cualquier panel solar.\u00a0(Tenga en cuenta que si se trata de energ\u00eda solar de pel\u00edcula delgada, su polo positivo o negativo solo se puede usar sin conexi\u00f3n a tierra).<\/p>\n<p>Tiempo de carga: depende de la potencia de entrada del panel solar (la fuerza de la luz solar directa, los datos realistas var\u00edan seg\u00fan las diferentes temperaturas, \u00e1ngulos, clima, etc.)<\/p>\n<h6>***** Nota amistosa:<\/h6>\n<p>El panel solar debe cumplir con los siguientes requisitos:<\/p>\n<p>1) Voltaje total de circuito abierto (VOC) entre 30 V y 100 V.<\/p>\n<p>2) La potencia total m\u00e1xima no supera los 1600W<\/p>\n<\/div>\n<\/div>\n<div class=\"csc_faq_question\">\n<div class=\"csc_faq_question_content\">\u00bfEste inversor solar limita la corriente fotovoltaica?\u00a0\u00bfNo estoy obteniendo todo mi poder?<\/div>\n<div class=\"csfq_icon csfq_icon_cpm\"><\/div>\n<\/div>\n<div class=\"csc_faq_answer\">\n<div class=\"csc_faq_answer_content\">\n<p>Al configurar el inversor solar, aseg\u00farese de que el Programa [36] (Corriente de carga PV) y el Programa [7] (Corriente de carga m\u00e1xima) est\u00e9n configurados al m\u00e1ximo para garantizar que no haya recorte de corriente PV.<\/p>\n<\/div>\n<div class=\"csc_faq_question\">\n<div class=\"csc_faq_question_content\">\u00bfViene con el m\u00f3dulo wifi que se muestra en la imagen?<\/div>\n<div class=\"csfq_icon csfq_icon_cpm\"><\/div>\n<\/div>\n<div class=\"csc_faq_answer\">\n<div class=\"csc_faq_answer_content\">\n<p>No.<\/p>\n<\/div>\n<div class=\"csc_faq_question\">\n<div class=\"csc_faq_question_content\">\u00bfLa carga de la red p\u00fablica y la salida del inversor pueden funcionar al mismo tiempo?<\/div>\n<div class=\"csfq_icon csfq_icon_cpm\"><\/div>\n<\/div>\n<div class=\"csc_faq_answer\">\n<div class=\"csc_faq_answer_content\">\n<p>S\u00ed.\u00a0El circuito de carga de la red p\u00fablica (AC-DC) y el circuito de salida del inversor (DC-AC) son independientes.\u00a0La salida del inversor se puede utilizar mientras la red el\u00e9ctrica se est\u00e1 cargando, en este caso, puede evitar el impacto en la carga debido a la tensi\u00f3n inestable de la red p\u00fablica.<\/p>\n<\/div>\n<\/div>\n<\/div>\n<\/div>\n<\/div>\n<figure><img decoding=\"async\" src=\"https:\/\/m.media-amazon.com\/images\/S\/aplus-media-library-service-media\/cb9b2fa2-fbb4-4c05-8c7f-7feadc944cfe.__CR0,0,970,600_PT0_SX970_V1___.jpg\" alt=\"inversor 110VAC\" \/><\/figure>\n<p>&nbsp;<\/p>\n<p>&nbsp;<\/p>\n<p>&nbsp;<\/p>\n","protected":false},"excerpt":{"rendered":"<h2>\u00bfQu\u00e9 es un cargador inversor todo en uno?<\/h2>\n<p><strong>Cargador de inversor todo en uno<\/strong>\u00a0: tambi\u00e9n lo llamamos\u00a0\u00a0<a href=\"https:\/\/powmr.com\/inverter-charger\/solar-inverter-charger\/\">cargador de inversor solar<\/a>\u00a0, tiene controladores de carga solar PWM o MPPT incorporados, puede usar directamente energ\u00eda solar, red de CA, generador o una combinaci\u00f3n de varios para cargar sus bater\u00edas.\u00a0Es un\u00a0\u00a0<a href=\"https:\/\/powmr.com\/inverters\/\">inversor<\/a>\u00a0muy simple , que se usa ampliamente en sistemas dom\u00e9sticos solares fuera de la red, veh\u00edculos recreativos, lanchas a motor, etc.<\/p>\n<p>Ficha T\u00e9cnica:<\/p>\n<p><a href=\"https:\/\/ecologicosolar.com\/wp-content\/uploads\/2023\/05\/POW-LVM3K-24V.pdf\">POW-LVM3K-24V<\/a><\/p>","protected":false},"featured_media":4153,"template":"","meta":{"_coblocks_attr":"","_coblocks_dimensions":"","_coblocks_responsive_height":"","_coblocks_accordion_ie_support":"","_regular_price":["6260"],"currency_symbol":[]},"pwb-brand":[],"product_brand":[],"product_cat":[17],"product_tag":[18],"class_list":{"0":"post-373","1":"product","2":"type-product","3":"status-publish","4":"has-post-thumbnail","6":"product_cat-inversor-cargador","7":"product_tag-powmr","9":"first","10":"instock","11":"sold-individually","12":"shipping-taxable","13":"purchasable","14":"product-type-simple"},"post_slider_layout_featured_media_urls":{"thumbnail":["https:\/\/ecologicosolar.com\/wp-content\/uploads\/2023\/05\/Inversor-Cargador-PowMr-3000W-Arte-Informativo-150x150.jpg",150,150,true],"post_slider_layout_landscape_large":["https:\/\/ecologicosolar.com\/wp-content\/uploads\/2023\/05\/Inversor-Cargador-PowMr-3000W-Arte-Informativo-1200x800.jpg",1200,800,true],"post_slider_layout_portrait_large":["https:\/\/ecologicosolar.com\/wp-content\/uploads\/2023\/05\/Inversor-Cargador-PowMr-3000W-Arte-Informativo-1200x1800.jpg",1200,1800,true],"post_slider_layout_square_large":["https:\/\/ecologicosolar.com\/wp-content\/uploads\/2023\/05\/Inversor-Cargador-PowMr-3000W-Arte-Informativo-1200x1200.jpg",1200,1200,true],"post_slider_layout_landscape":["https:\/\/ecologicosolar.com\/wp-content\/uploads\/2023\/05\/Inversor-Cargador-PowMr-3000W-Arte-Informativo-600x400.jpg",600,400,true],"post_slider_layout_portrait":["https:\/\/ecologicosolar.com\/wp-content\/uploads\/2023\/05\/Inversor-Cargador-PowMr-3000W-Arte-Informativo-600x900.jpg",600,900,true],"post_slider_layout_square":["https:\/\/ecologicosolar.com\/wp-content\/uploads\/2023\/05\/Inversor-Cargador-PowMr-3000W-Arte-Informativo-600x600.jpg",600,600,true],"full":["https:\/\/ecologicosolar.com\/wp-content\/uploads\/2023\/05\/Inversor-Cargador-PowMr-3000W-Arte-Informativo-scaled.jpg",2048,2560,false]},"brands":[],"_links":{"self":[{"href":"https:\/\/ecologicosolar.com\/en\/wp-json\/wp\/v2\/product\/373","targetHints":{"allow":["GET"]}}],"collection":[{"href":"https:\/\/ecologicosolar.com\/en\/wp-json\/wp\/v2\/product"}],"about":[{"href":"https:\/\/ecologicosolar.com\/en\/wp-json\/wp\/v2\/types\/product"}],"wp:featuredmedia":[{"embeddable":true,"href":"https:\/\/ecologicosolar.com\/en\/wp-json\/wp\/v2\/media\/4153"}],"wp:attachment":[{"href":"https:\/\/ecologicosolar.com\/en\/wp-json\/wp\/v2\/media?parent=373"}],"wp:term":[{"taxonomy":"pwb-brand","embeddable":true,"href":"https:\/\/ecologicosolar.com\/en\/wp-json\/wp\/v2\/pwb-brand?post=373"},{"taxonomy":"product_brand","embeddable":true,"href":"https:\/\/ecologicosolar.com\/en\/wp-json\/wp\/v2\/product_brand?post=373"},{"taxonomy":"product_cat","embeddable":true,"href":"https:\/\/ecologicosolar.com\/en\/wp-json\/wp\/v2\/product_cat?post=373"},{"taxonomy":"product_tag","embeddable":true,"href":"https:\/\/ecologicosolar.com\/en\/wp-json\/wp\/v2\/product_tag?post=373"}],"curies":[{"name":"wp","href":"https:\/\/api.w.org\/{rel}","templated":true}]}}