{"id":408,"date":"2023-05-07T21:15:09","date_gmt":"2023-05-08T03:15:09","guid":{"rendered":"https:\/\/ecologicosolar.com\/?post_type=product&#038;p=408"},"modified":"2023-08-06T17:48:18","modified_gmt":"2023-08-06T23:48:18","slug":"regulador-mppt-epever-tracer-30a-an","status":"publish","type":"product","link":"https:\/\/ecologicosolar.com\/en\/product\/regulador-mppt-epever-tracer-30a-an\/","title":{"rendered":"EPMPPT30A &#8211; Regulador MPPT Epever 12\/24V de 30A"},"content":{"rendered":"<p><img fetchpriority=\"high\" decoding=\"async\" class=\"alignnone size-medium wp-image-878\" src=\"https:\/\/ecologicosolar.com\/wp-content\/uploads\/2023\/05\/regulador-mppt-panel-solar-panelsolar-guatemala-300x300.png\" alt=\"\" width=\"300\" height=\"300\" srcset=\"https:\/\/ecologicosolar.com\/wp-content\/uploads\/2023\/05\/regulador-mppt-panel-solar-panelsolar-guatemala-300x300.png 300w, https:\/\/ecologicosolar.com\/wp-content\/uploads\/2023\/05\/regulador-mppt-panel-solar-panelsolar-guatemala-1024x1024.png 1024w, https:\/\/ecologicosolar.com\/wp-content\/uploads\/2023\/05\/regulador-mppt-panel-solar-panelsolar-guatemala-150x150.png 150w, https:\/\/ecologicosolar.com\/wp-content\/uploads\/2023\/05\/regulador-mppt-panel-solar-panelsolar-guatemala-768x768.png 768w, https:\/\/ecologicosolar.com\/wp-content\/uploads\/2023\/05\/regulador-mppt-panel-solar-panelsolar-guatemala-12x12.png 12w, https:\/\/ecologicosolar.com\/wp-content\/uploads\/2023\/05\/regulador-mppt-panel-solar-panelsolar-guatemala-1200x1200.png 1200w, https:\/\/ecologicosolar.com\/wp-content\/uploads\/2023\/05\/regulador-mppt-panel-solar-panelsolar-guatemala-600x600.png 600w, https:\/\/ecologicosolar.com\/wp-content\/uploads\/2023\/05\/regulador-mppt-panel-solar-panelsolar-guatemala-100x100.png 100w, https:\/\/ecologicosolar.com\/wp-content\/uploads\/2023\/05\/regulador-mppt-panel-solar-panelsolar-guatemala.png 1300w\" sizes=\"(max-width: 300px) 100vw, 300px\" \/><\/p>\n<p>&nbsp;<\/p>\n<table class=\"schematic\" width=\"782\">\n<tbody>\n<tr class=\"tr-level2\">\n<td width=\"278\">Modelo<\/td>\n<td width=\"97\">trazador1206AN<\/td>\n<td width=\"131\">trazador2206AN<\/td>\n<td width=\"97\">Trazador1210AN<\/td>\n<td width=\"97\">Tracer2210AN<\/td>\n<td width=\"97\">Trazador3210AN<\/td>\n<td width=\"97\">Tracer4210AN<\/td>\n<\/tr>\n<tr>\n<td>Tensi\u00f3n nominal del sistema<\/td>\n<td colspan=\"6\">12\/24 V CC\/autom\u00e1tico<\/td>\n<\/tr>\n<tr>\n<td>Tipo de Bater\u00eda<\/td>\n<td colspan=\"6\">Plomo-\u00e1cido (Sellado\/Gel\/Inundado)\/Litio (LiFePO4\/Li(NiCoMn)O2)\/Usuario<\/td>\n<\/tr>\n<tr>\n<td>Rango de voltaje de entrada de la bater\u00eda<\/td>\n<td colspan=\"6\">8\uff5e32V<\/td>\n<\/tr>\n<tr>\n<td>Corriente de carga nominal<\/td>\n<td>10 A<\/td>\n<td>20A<\/td>\n<td>10 A<\/td>\n<td>20A<\/td>\n<td>30A<\/td>\n<td>40A<\/td>\n<\/tr>\n<tr>\n<td>Corriente nominal de descarga<\/td>\n<td>10 A<\/td>\n<td>20A<\/td>\n<td>10 A<\/td>\n<td>20A<\/td>\n<td>30A<\/td>\n<td>40A<\/td>\n<\/tr>\n<tr>\n<td>Potencia de carga nominal<\/td>\n<td width=\"97\">\u00a0 \u00a0 130W\/12V 260W\/24V<\/td>\n<td width=\"131\">\u00a0 \u00a0 \u00a0 260W\/12V 520W\/24V<\/td>\n<td width=\"97\">\u00a0 \u00a0 \u00a0130W\/12V 260W\/24V<\/td>\n<td width=\"97\">\u00a0 \u00a0 260W\/12V 520W\/24V<\/td>\n<td width=\"97\">\u00a0 \u00a0390W\/12V 780W\/24V<\/td>\n<td width=\"97\">\u00a0 \u00a0520W\/12V 1040W\/24V<\/td>\n<\/tr>\n<tr>\n<td>m\u00e1x.\u00a0eficiencia de conversi\u00f3n<\/td>\n<td colspan=\"6\" width=\"616\">\u226498,0%<\/td>\n<\/tr>\n<tr>\n<td>Seguimiento de la eficiencia<\/td>\n<td colspan=\"6\">\u226599,5%<\/td>\n<\/tr>\n<tr>\n<td>m\u00e1x.\u00a0Voltaje de circuito abierto fotovoltaico<\/td>\n<td colspan=\"2\" width=\"228\">60 V (a la temperatura ambiente de funcionamiento m\u00ednima);<br \/>\n46 V (a una temperatura ambiente de 25 \u2103)<\/td>\n<td colspan=\"4\" width=\"388\">100 V (a la temperatura ambiente de funcionamiento m\u00ednima);<br \/>\n92 V (a una temperatura ambiente de 25 \u2103)<\/td>\n<\/tr>\n<tr>\n<td width=\"278\">Rango de tensi\u00f3n MPP<\/td>\n<td colspan=\"2\">(Voltaje de la bater\u00eda +2V)\uff5e36V<\/td>\n<td colspan=\"4\" width=\"388\">(Voltaje de la bater\u00eda +2V)\uff5e72V<\/td>\n<\/tr>\n<tr>\n<td>Tensi\u00f3n de ecualizaci\u00f3n<\/td>\n<td colspan=\"6\">Sellado: 14,6 V, Inundado: 14,8 V, Definido por el usuario: 9-17 V<\/td>\n<\/tr>\n<tr>\n<td>Voltaje de impulso<\/td>\n<td colspan=\"6\">Gel: 14,2 V, Sellado: 14,4 V, Inundado: 14,6 V, Definido por el usuario: 9-17 V<\/td>\n<\/tr>\n<tr>\n<td>Tensi\u00f3n de flotaci\u00f3n<\/td>\n<td colspan=\"6\">Gel\/sellado\/inundado: 13,8 V, definido por el usuario: 9-17 V<\/td>\n<\/tr>\n<tr>\n<td>Voltaje de reconexi\u00f3n de bajo voltaje<\/td>\n<td colspan=\"6\">Gel\/sellado\/inundado: 12,6 V, definido por el usuario: 9-17 V<\/td>\n<\/tr>\n<tr>\n<td>Voltaje de desconexi\u00f3n de bajo voltaje<\/td>\n<td colspan=\"6\">Gel\/sellado\/inundado: 11,1 V, definido por el usuario: 9-17 V<\/td>\n<\/tr>\n<tr>\n<td>Autoconsumo<\/td>\n<td colspan=\"6\">\u00a0\u00a0 \u226412mA<\/td>\n<\/tr>\n<tr>\n<td>Compensaci\u00f3n de temperatura (para bater\u00eda de plomo-\u00e1cido)<\/td>\n<td colspan=\"6\">-3mV\/\u2103\/2V (Predeterminado)<\/td>\n<\/tr>\n<tr>\n<td>Humedad relativa<\/td>\n<td colspan=\"6\">\u226495%, Carolina del Norte<\/td>\n<\/tr>\n<tr>\n<td>Recinto<\/td>\n<td colspan=\"6\">IP30<\/td>\n<\/tr>\n<tr>\n<td>Interface de comunicaci\u00f3n<\/td>\n<td colspan=\"6\">RS485 (RJ45)<\/td>\n<\/tr>\n<tr>\n<td>Toma de tierra<\/td>\n<td colspan=\"6\">Negativo com\u00fan<\/td>\n<\/tr>\n<tr>\n<td>Rango de temperatura de funcionamiento<\/td>\n<td colspan=\"6\" width=\"616\">-25 \u2103 ~ + 45 \u2103 (100% de entrada y salida)<\/td>\n<\/tr>\n<tr>\n<td>Dimensiones (LxAnxAl)(mm)<\/td>\n<td>172\u00d7139\u00d744<\/td>\n<td>220\u00d7154\u00d752<\/td>\n<td>172\u00d7139\u00d744<\/td>\n<td>220\u00d7154\u00d752<\/td>\n<td>228\u00d7164\u00d755<\/td>\n<td>252\u00d7180\u00d763<\/td>\n<\/tr>\n<tr>\n<td>Peso neto<\/td>\n<td>0,57 kg<\/td>\n<td>0,94 kg<\/td>\n<td>0,57 kg<\/td>\n<td>0,94 kg<\/td>\n<td>1,26 kg<\/td>\n<td>1,65 kg<\/td>\n<\/tr>\n<tr>\n<td colspan=\"3\">1. El controlador no puede identificar autom\u00e1ticamente el voltaje del sistema si se conectaron bater\u00edas de litio.<\/td>\n<td width=\"97\"><\/td>\n<td><\/td>\n<td><\/td>\n<td><\/td>\n<\/tr>\n<tr>\n<td colspan=\"2\">2. El punto de voltaje es para un sistema de 12V, *2 en el sistema de 24V.<\/td>\n<td width=\"131\"><\/td>\n<td width=\"97\"><\/td>\n<td><\/td>\n<td><\/td>\n<\/tr>\n<\/tbody>\n<\/table>","protected":false},"excerpt":{"rendered":"<p><strong>Controlador de Carga Marca Epever de Alta calidad<\/strong><\/p>\n<p>&nbsp;<\/p>\n<p>El controlador de carga de la serie Tracer-AN(10A~40A) adopta la tecnolog\u00eda MPPT (seguimiento del punto de m\u00e1xima potencia).\u00a0En cualquier situaci\u00f3n, puede rastrear el punto de m\u00e1xima potencia (MPP) de la matriz solar y obtener la m\u00e1xima energ\u00eda solar de forma r\u00e1pida y precisa.\u00a0Puede generar hasta un 30 % m\u00e1s de energ\u00eda en comparaci\u00f3n con el controlador de carga PWM.\u00a0Esta serie puede aceptar un m\u00e1ximo de 100 V Voc y trabajar con los paneles solares que est\u00e1n dise\u00f1ados para aplicaciones en la red.\u00a0La pantalla LCD multifuncional muestra v\u00edvidamente el estado del sistema.<\/p>\n<p>Ficha T\u00e9cnica:<\/p>\n<p><a href=\"https:\/\/ecologicosolar.com\/wp-content\/uploads\/2023\/05\/EPEVER-Tracer-AN-10A-40A.pdf\">EPEVER-Tracer-AN (10A-40A)<\/a><\/p>","protected":false},"featured_media":878,"template":"","meta":{"_coblocks_attr":"","_coblocks_dimensions":"","_coblocks_responsive_height":"","_coblocks_accordion_ie_support":"","_regular_price":["1430"],"currency_symbol":[]},"pwb-brand":[],"product_brand":[],"product_cat":[23],"product_tag":[24],"class_list":{"0":"post-408","1":"product","2":"type-product","3":"status-publish","4":"has-post-thumbnail","6":"product_cat-regulador-mppt","7":"product_tag-mppt","9":"first","10":"instock","11":"sale","12":"shipping-taxable","13":"purchasable","14":"product-type-simple"},"post_slider_layout_featured_media_urls":{"thumbnail":["https:\/\/ecologicosolar.com\/wp-content\/uploads\/2023\/05\/regulador-mppt-panel-solar-panelsolar-guatemala-150x150.png",150,150,true],"post_slider_layout_landscape_large":["https:\/\/ecologicosolar.com\/wp-content\/uploads\/2023\/05\/regulador-mppt-panel-solar-panelsolar-guatemala-1200x800.png",1200,800,true],"post_slider_layout_portrait_large":["https:\/\/ecologicosolar.com\/wp-content\/uploads\/2023\/05\/regulador-mppt-panel-solar-panelsolar-guatemala-1200x1300.png",1200,1300,true],"post_slider_layout_square_large":["https:\/\/ecologicosolar.com\/wp-content\/uploads\/2023\/05\/regulador-mppt-panel-solar-panelsolar-guatemala-1200x1200.png",1200,1200,true],"post_slider_layout_landscape":["https:\/\/ecologicosolar.com\/wp-content\/uploads\/2023\/05\/regulador-mppt-panel-solar-panelsolar-guatemala-600x400.png",600,400,true],"post_slider_layout_portrait":["https:\/\/ecologicosolar.com\/wp-content\/uploads\/2023\/05\/regulador-mppt-panel-solar-panelsolar-guatemala-600x900.png",600,900,true],"post_slider_layout_square":["https:\/\/ecologicosolar.com\/wp-content\/uploads\/2023\/05\/regulador-mppt-panel-solar-panelsolar-guatemala-600x600.png",600,600,true],"full":["https:\/\/ecologicosolar.com\/wp-content\/uploads\/2023\/05\/regulador-mppt-panel-solar-panelsolar-guatemala.png",1300,1300,false]},"brands":[],"_links":{"self":[{"href":"https:\/\/ecologicosolar.com\/en\/wp-json\/wp\/v2\/product\/408","targetHints":{"allow":["GET"]}}],"collection":[{"href":"https:\/\/ecologicosolar.com\/en\/wp-json\/wp\/v2\/product"}],"about":[{"href":"https:\/\/ecologicosolar.com\/en\/wp-json\/wp\/v2\/types\/product"}],"wp:featuredmedia":[{"embeddable":true,"href":"https:\/\/ecologicosolar.com\/en\/wp-json\/wp\/v2\/media\/878"}],"wp:attachment":[{"href":"https:\/\/ecologicosolar.com\/en\/wp-json\/wp\/v2\/media?parent=408"}],"wp:term":[{"taxonomy":"pwb-brand","embeddable":true,"href":"https:\/\/ecologicosolar.com\/en\/wp-json\/wp\/v2\/pwb-brand?post=408"},{"taxonomy":"product_brand","embeddable":true,"href":"https:\/\/ecologicosolar.com\/en\/wp-json\/wp\/v2\/product_brand?post=408"},{"taxonomy":"product_cat","embeddable":true,"href":"https:\/\/ecologicosolar.com\/en\/wp-json\/wp\/v2\/product_cat?post=408"},{"taxonomy":"product_tag","embeddable":true,"href":"https:\/\/ecologicosolar.com\/en\/wp-json\/wp\/v2\/product_tag?post=408"}],"curies":[{"name":"wp","href":"https:\/\/api.w.org\/{rel}","templated":true}]}}