{"id":4098,"date":"2025-03-07T12:58:01","date_gmt":"2025-03-07T18:58:01","guid":{"rendered":"https:\/\/ecologicosolar.com\/?post_type=product&#038;p=4098"},"modified":"2025-03-07T13:04:47","modified_gmt":"2025-03-07T19:04:47","slug":"astro615wn7-astronergy-615-n7chsm72ndg-f-bh182","status":"publish","type":"product","link":"https:\/\/ecologicosolar.com\/en\/product\/astro615wn7-astronergy-615-n7chsm72ndg-f-bh182\/","title":{"rendered":"ASTRO615WN7 &#8211; ASTRONERGY 615 N7CHSM72N(DG)\/F-BH(182)"},"content":{"rendered":"<div class=\"container\">\n<div class=\"top\">\n<figure id=\"attachment_4099\" aria-describedby=\"caption-attachment-4099\" style=\"width: 240px\" class=\"wp-caption alignnone\"><img fetchpriority=\"high\" decoding=\"async\" class=\"size-medium wp-image-4099\" src=\"https:\/\/ecologicosolar.com\/wp-content\/uploads\/2025\/03\/615W-Astronergy-240x300.jpg\" alt=\"Panel Solar N7 de Astronergy Energ\u00eda solar Guatemala\" width=\"240\" height=\"300\" srcset=\"https:\/\/ecologicosolar.com\/wp-content\/uploads\/2025\/03\/615W-Astronergy-240x300.jpg 240w, https:\/\/ecologicosolar.com\/wp-content\/uploads\/2025\/03\/615W-Astronergy-819x1024.jpg 819w, https:\/\/ecologicosolar.com\/wp-content\/uploads\/2025\/03\/615W-Astronergy-768x960.jpg 768w, https:\/\/ecologicosolar.com\/wp-content\/uploads\/2025\/03\/615W-Astronergy-1229x1536.jpg 1229w, https:\/\/ecologicosolar.com\/wp-content\/uploads\/2025\/03\/615W-Astronergy-1638x2048.jpg 1638w, https:\/\/ecologicosolar.com\/wp-content\/uploads\/2025\/03\/615W-Astronergy-10x12.jpg 10w, https:\/\/ecologicosolar.com\/wp-content\/uploads\/2025\/03\/615W-Astronergy-600x750.jpg 600w, https:\/\/ecologicosolar.com\/wp-content\/uploads\/2025\/03\/615W-Astronergy-100x125.jpg 100w, https:\/\/ecologicosolar.com\/wp-content\/uploads\/2025\/03\/615W-Astronergy-scaled.jpg 2048w\" sizes=\"(max-width: 240px) 100vw, 240px\" \/><figcaption id=\"caption-attachment-4099\" class=\"wp-caption-text\">Panel Solar N7 de Astronergy Energ\u00eda solar Guatemala<\/figcaption><\/figure>\n<article class=\"w-full text-token-text-primary focus-visible:outline-2 focus-visible:outline-offset-[-4px]\" dir=\"auto\" data-testid=\"conversation-turn-7\" data-scroll-anchor=\"true\">\n<div class=\"text-base my-auto mx-auto py-[18px] px-6\">\n<div class=\"mx-auto flex flex-1 text-base gap-4 md:gap-5 lg:gap-6 md:max-w-3xl\">\n<div class=\"group\/conversation-turn relative flex w-full min-w-0 flex-col agent-turn @xs\/thread:px-0 @sm\/thread:px-1.5 @md\/thread:px-4\">\n<div class=\"flex-col gap-1 md:gap-3\">\n<div class=\"flex max-w-full flex-col flex-grow\">\n<div class=\"min-h-8 text-message relative flex w-full flex-col items-end gap-2 whitespace-normal break-words text-start [.text-message+&amp;]:mt-5\" dir=\"auto\" data-message-author-role=\"assistant\" data-message-id=\"2ee2f288-295c-45b7-ab7f-5ac3adb1b0d7\" data-message-model-slug=\"gpt-4o-mini\">\n<div class=\"flex w-full flex-col gap-1 empty:hidden first:pt-[3px]\">\n<div class=\"markdown prose w-full break-words dark:prose-invert dark\">\n<h3 data-start=\"0\" data-end=\"29\">Panel Solar Bifacial 615W<\/h3>\n<p data-start=\"31\" data-end=\"405\">Presentamos el <strong data-start=\"46\" data-end=\"78\">Panel Solar Bifacial de 615W<\/strong> de Astronergy, una soluci\u00f3n avanzada para aprovechar al m\u00e1ximo la energ\u00eda solar. Gracias a su dise\u00f1o bifacial, este panel captura la luz solar tanto por su parte frontal como por la trasera, lo que mejora la eficiencia y optimiza la generaci\u00f3n de energ\u00eda, maximizando la producci\u00f3n incluso en condiciones de baja irradiaci\u00f3n.<\/p>\n<p data-start=\"407\" data-end=\"800\">Con una potencia m\u00e1xima de <strong data-start=\"434\" data-end=\"442\">615W<\/strong> y una eficiencia de hasta <strong data-start=\"469\" data-end=\"478\">23,3%<\/strong>, el <strong data-start=\"483\" data-end=\"501\">Astro Bifacial<\/strong> es perfecto para aplicaciones comerciales e industriales que requieren una mayor capacidad de generaci\u00f3n. Su tecnolog\u00eda de <strong data-start=\"625\" data-end=\"659\">c\u00e9lulas monocristalinas tipo n<\/strong> asegura un rendimiento superior a largo plazo, con una m\u00ednima degradaci\u00f3n de la potencia y una estructura resistente a condiciones extremas.<\/p>\n<p data-start=\"802\" data-end=\"819\">Beneficios clave:<\/p>\n<ul data-start=\"820\" data-end=\"1212\">\n<li data-start=\"820\" data-end=\"925\"><strong data-start=\"822\" data-end=\"851\">Potencia m\u00e1xima de salida<\/strong>: Hasta <strong data-start=\"859\" data-end=\"867\">615W<\/strong>, ideal para instalaciones que necesitan alto rendimiento.<\/li>\n<li data-start=\"926\" data-end=\"1020\"><strong data-start=\"928\" data-end=\"951\">Eficiencia mejorada<\/strong>: <strong data-start=\"953\" data-end=\"976\">23,3% de eficiencia<\/strong>, optimizando la captaci\u00f3n de energ\u00eda solar.<\/li>\n<li data-start=\"1021\" data-end=\"1122\"><strong data-start=\"1023\" data-end=\"1046\">Tecnolog\u00eda bifacial<\/strong>: Mayor generaci\u00f3n de energ\u00eda al aprovechar la luz reflejada por el entorno.<\/li>\n<li data-start=\"1123\" data-end=\"1212\"><strong data-start=\"1125\" data-end=\"1143\">Dise\u00f1o robusto<\/strong>: Resistencia mec\u00e1nica para soportar condiciones clim\u00e1ticas adversas.<\/li>\n<\/ul>\n<p data-start=\"1214\" data-end=\"1426\">El <strong data-start=\"1217\" data-end=\"1240\">Astro Bifacial 615W<\/strong> es la soluci\u00f3n ideal para quienes buscan una generaci\u00f3n de energ\u00eda solar m\u00e1s eficiente y rentable, con un rendimiento superior incluso en espacios con sombras o superficies reflejantes.<\/p>\n<h4 data-start=\"1428\" data-end=\"1459\">Especificaciones T\u00e9cnicas:<\/h4>\n<table data-start=\"1461\" data-end=\"3106\">\n<thead data-start=\"1461\" data-end=\"1546\">\n<tr data-start=\"1461\" data-end=\"1546\">\n<th data-start=\"1461\" data-end=\"1498\"><strong data-start=\"1463\" data-end=\"1476\">Par\u00e1metro<\/strong><\/th>\n<th data-start=\"1498\" data-end=\"1546\"><strong data-start=\"1500\" data-end=\"1509\">Valor<\/strong><\/th>\n<\/tr>\n<\/thead>\n<tbody data-start=\"1633\" data-end=\"3106\">\n<tr data-start=\"1633\" data-end=\"1718\">\n<td><strong data-start=\"1635\" data-end=\"1664\">Potencia M\u00e1xima (Pmpp\/Wp)<\/strong><\/td>\n<td>605W &#8211; 630W<\/td>\n<\/tr>\n<tr data-start=\"1719\" data-end=\"1804\">\n<td><strong data-start=\"1721\" data-end=\"1747\">Tolerancia de Potencia<\/strong><\/td>\n<td>0 ~ +3%<\/td>\n<\/tr>\n<tr data-start=\"1805\" data-end=\"1890\">\n<td><strong data-start=\"1807\" data-end=\"1832\">Eficiencia del M\u00f3dulo<\/strong><\/td>\n<td>22,4% &#8211; 23,3%<\/td>\n<\/tr>\n<tr data-start=\"1891\" data-end=\"1978\">\n<td><strong data-start=\"1893\" data-end=\"1933\">Degradaci\u00f3n de Potencia (Primer A\u00f1o)<\/strong><\/td>\n<td>\u2264 1,0%<\/td>\n<\/tr>\n<tr data-start=\"1979\" data-end=\"2067\">\n<td><strong data-start=\"1981\" data-end=\"2020\">Degradaci\u00f3n de Potencia (A\u00f1os 2-30)<\/strong><\/td>\n<td>\u2264 0,4% por a\u00f1o<\/td>\n<\/tr>\n<tr data-start=\"2068\" data-end=\"2153\">\n<td><strong data-start=\"2070\" data-end=\"2097\">Dimensiones (L x A x H)<\/strong><\/td>\n<td>2382 x 1134 x 30 mm<\/td>\n<\/tr>\n<tr data-start=\"2154\" data-end=\"2239\">\n<td><strong data-start=\"2156\" data-end=\"2174\">Tipo de C\u00e9lula<\/strong><\/td>\n<td>Monocristalina tipo n<\/td>\n<\/tr>\n<tr data-start=\"2240\" data-end=\"2325\">\n<td><strong data-start=\"2242\" data-end=\"2263\">N\u00famero de C\u00e9lulas<\/strong><\/td>\n<td>132 (6&#215;22)<\/td>\n<\/tr>\n<tr data-start=\"2326\" data-end=\"2411\">\n<td><strong data-start=\"2328\" data-end=\"2352\">Tecnolog\u00eda del Marco<\/strong><\/td>\n<td>Aluminio anodizado plateado<\/td>\n<\/tr>\n<tr data-start=\"2412\" data-end=\"2502\">\n<td><strong data-start=\"2414\" data-end=\"2456\">Espesor del Vidrio (Frontal y Trasero)<\/strong><\/td>\n<td>2.0 mm + 2.0 mm<\/td>\n<\/tr>\n<tr data-start=\"2503\" data-end=\"2588\">\n<td><strong data-start=\"2505\" data-end=\"2527\">Longitud del Cable<\/strong><\/td>\n<td>(+) 350 mm, (-) 250 mm (personalizable)<\/td>\n<\/tr>\n<tr data-start=\"2589\" data-end=\"2674\">\n<td><strong data-start=\"2591\" data-end=\"2613\">Di\u00e1metro del Cable<\/strong><\/td>\n<td>4 mm\u00b2 \/ 12 AWG<\/td>\n<\/tr>\n<tr data-start=\"2675\" data-end=\"2760\">\n<td><strong data-start=\"2677\" data-end=\"2702\">Carga Mec\u00e1nica M\u00e1xima<\/strong><\/td>\n<td>5400 Pa (frontal), 2400 Pa (trasera)<\/td>\n<\/tr>\n<tr data-start=\"2761\" data-end=\"2846\">\n<td><strong data-start=\"2763\" data-end=\"2771\">Peso<\/strong><\/td>\n<td>32,8 kg<\/td>\n<\/tr>\n<tr data-start=\"2847\" data-end=\"2932\">\n<td><strong data-start=\"2849\" data-end=\"2871\">Unidad de Embalaje<\/strong><\/td>\n<td>36 unidades \/ caja<\/td>\n<\/tr>\n<tr data-start=\"2933\" data-end=\"3018\">\n<td><strong data-start=\"2935\" data-end=\"2968\">Peso de la Unidad de Embalaje<\/strong><\/td>\n<td>1231 kg (para contenedor de 40&#8242; HQ)<\/td>\n<\/tr>\n<tr data-start=\"3019\" data-end=\"3106\">\n<td><strong data-start=\"3021\" data-end=\"3057\">M\u00f3dulos por Contenedor de 40&#8242; HQ<\/strong><\/td>\n<td>720 unidades (sujeto al contrato de venta)<\/td>\n<\/tr>\n<\/tbody>\n<\/table>\n<h4 data-start=\"3108\" data-end=\"3141\">Especificaciones El\u00e9ctricas:<\/h4>\n<table data-start=\"3143\" data-end=\"4277\">\n<thead data-start=\"3143\" data-end=\"3228\">\n<tr data-start=\"3143\" data-end=\"3228\">\n<th data-start=\"3143\" data-end=\"3180\"><strong data-start=\"3145\" data-end=\"3158\">Par\u00e1metro<\/strong><\/th>\n<th data-start=\"3180\" data-end=\"3228\"><strong data-start=\"3182\" data-end=\"3191\">Valor<\/strong><\/th>\n<\/tr>\n<\/thead>\n<tbody data-start=\"3315\" data-end=\"4277\">\n<tr data-start=\"3315\" data-end=\"3400\">\n<td><strong data-start=\"3317\" data-end=\"3344\">Voltaje M\u00e1ximo (Vmpp\/V)<\/strong><\/td>\n<td>41,18V &#8211; 41,82V<\/td>\n<\/tr>\n<tr data-start=\"3401\" data-end=\"3486\">\n<td><strong data-start=\"3403\" data-end=\"3432\">Corriente M\u00e1xima (Impp\/A)<\/strong><\/td>\n<td>14,69A &#8211; 15,07A<\/td>\n<\/tr>\n<tr data-start=\"3487\" data-end=\"3574\">\n<td><strong data-start=\"3489\" data-end=\"3528\">Voltaje en Circuito Abierto (Voc\/V)<\/strong><\/td>\n<td>48,59V &#8211; 49,34V<\/td>\n<\/tr>\n<tr data-start=\"3575\" data-end=\"3661\">\n<td><strong data-start=\"3577\" data-end=\"3615\">Corriente en Cortocircuito (Isc\/A)<\/strong><\/td>\n<td>15,86A &#8211; 16,27A<\/td>\n<\/tr>\n<tr data-start=\"3662\" data-end=\"3752\">\n<td><strong data-start=\"3664\" data-end=\"3707\">Temperatura de Operaci\u00f3n Nominal (NMOT)<\/strong><\/td>\n<td>41 \u00b1 2\u00b0C<\/td>\n<\/tr>\n<tr data-start=\"3753\" data-end=\"3841\">\n<td><strong data-start=\"3755\" data-end=\"3792\">Coeficiente de Temperatura (Pmpp)<\/strong><\/td>\n<td>-0,29% \/ \u00b0C<\/td>\n<\/tr>\n<tr data-start=\"3842\" data-end=\"3929\">\n<td><strong data-start=\"3844\" data-end=\"3880\">Coeficiente de Temperatura (Isc)<\/strong><\/td>\n<td>+0,043% \/ \u00b0C<\/td>\n<\/tr>\n<tr data-start=\"3930\" data-end=\"4017\">\n<td><strong data-start=\"3932\" data-end=\"3968\">Coeficiente de Temperatura (Voc)<\/strong><\/td>\n<td>-0,25% \/ \u00b0C<\/td>\n<\/tr>\n<tr data-start=\"4018\" data-end=\"4103\">\n<td><strong data-start=\"4020\" data-end=\"4049\">\u00cdndice de Protecci\u00f3n (IP)<\/strong><\/td>\n<td>IP 68<\/td>\n<\/tr>\n<tr data-start=\"4104\" data-end=\"4189\">\n<td><strong data-start=\"4106\" data-end=\"4135\">Valor Nominal del Fusible<\/strong><\/td>\n<td>30 A<\/td>\n<\/tr>\n<tr data-start=\"4190\" data-end=\"4277\">\n<td><strong data-start=\"4192\" data-end=\"4231\">Voltaje M\u00e1ximo del Sistema (IEC\/UL)<\/strong><\/td>\n<td>1500VDC<\/td>\n<\/tr>\n<\/tbody>\n<\/table>\n<h4 data-start=\"4279\" data-end=\"4333\">Especificaciones El\u00e9ctricas (Potencia Integrada):<\/h4>\n<table data-start=\"4335\" data-end=\"4971\">\n<thead data-start=\"4335\" data-end=\"4425\">\n<tr data-start=\"4335\" data-end=\"4425\">\n<th data-start=\"4335\" data-end=\"4350\"><strong data-start=\"4337\" data-end=\"4349\">Ganancia<\/strong><\/th>\n<th data-start=\"4350\" data-end=\"4366\"><strong data-start=\"4352\" data-end=\"4365\">Pmpp (Wp)<\/strong><\/th>\n<th data-start=\"4366\" data-end=\"4381\"><strong data-start=\"4368\" data-end=\"4380\">Vmpp (V)<\/strong><\/th>\n<th data-start=\"4381\" data-end=\"4396\"><strong data-start=\"4383\" data-end=\"4395\">Impp (A)<\/strong><\/th>\n<th data-start=\"4396\" data-end=\"4410\"><strong data-start=\"4398\" data-end=\"4409\">Voc (V)<\/strong><\/th>\n<th data-start=\"4410\" data-end=\"4425\"><strong data-start=\"4412\" data-end=\"4423\">Isc (A)<\/strong><\/th>\n<\/tr>\n<\/thead>\n<tbody data-start=\"4517\" data-end=\"4971\">\n<tr data-start=\"4517\" data-end=\"4607\">\n<td>5%<\/td>\n<td>646W<\/td>\n<td>41,43V<\/td>\n<td>15,59A<\/td>\n<td>48,89V<\/td>\n<td>16,83A<\/td>\n<\/tr>\n<tr data-start=\"4608\" data-end=\"4698\">\n<td>10%<\/td>\n<td>677W<\/td>\n<td>41,43V<\/td>\n<td>16,33A<\/td>\n<td>48,89V<\/td>\n<td>17,63A<\/td>\n<\/tr>\n<tr data-start=\"4699\" data-end=\"4789\">\n<td>15%<\/td>\n<td>707W<\/td>\n<td>41,43V<\/td>\n<td>17,07A<\/td>\n<td>48,89V<\/td>\n<td>18,43A<\/td>\n<\/tr>\n<tr data-start=\"4790\" data-end=\"4880\">\n<td>20%<\/td>\n<td>738W<\/td>\n<td>41,43V<\/td>\n<td>17,81A<\/td>\n<td>48,89V<\/td>\n<td>19,23A<\/td>\n<\/tr>\n<tr data-start=\"4881\" data-end=\"4971\">\n<td>25%<\/td>\n<td>769W<\/td>\n<td>41,43V<\/td>\n<td>18,55A<\/td>\n<td>48,89V<\/td>\n<td>20,03A<\/td>\n<\/tr>\n<\/tbody>\n<\/table>\n<p data-start=\"4973\" data-end=\"5176\" data-is-last-node=\"\" data-is-only-node=\"\">Maximiza tu inversi\u00f3n en energ\u00eda solar con el <strong data-start=\"5019\" data-end=\"5048\">Panel Solar Bifacial 615W<\/strong> de Astronergy, ideal para aprovechar al m\u00e1ximo la luz reflejada y obtener un rendimiento \u00f3ptimo en cualquier instalaci\u00f3n solar.<\/p>\n<\/div>\n<\/div>\n<\/div>\n<\/div>\n<div class=\"mb-2 flex gap-3 -ml-2\" tabindex=\"0\">\n<div class=\"items-center justify-start rounded-xl p-1 flex\">\n<div class=\"flex items-center\"><\/div>\n<\/div>\n<\/div>\n<div class=\"mt-3 w-full empty:hidden\">\n<div class=\"text-center\"><\/div>\n<\/div>\n<\/div>\n<div class=\"absolute\">\n<div class=\"flex items-center justify-center\"><\/div>\n<\/div>\n<\/div>\n<\/div>\n<\/div>\n<\/article>\n<div class=\"pointer-events-none h-px w-px\" aria-hidden=\"true\" data-edge=\"true\"><\/div>\n<\/div>\n<\/div>\n","protected":false},"excerpt":{"rendered":"<p>&nbsp;<\/p>\n<p>Descarga la ficha t\u00e9cnica aqu\u00ed:<\/p>\n<p><a href=\"https:\/\/ecologicosolar.com\/wp-content\/uploads\/2025\/03\/ASTRONERGY-ASTRO-N7_CHSM66RNDGF-BH_2382\u00d71134\u00d730_ES_20240617.pdf\">ASTRONERGY &#8211; ASTRO N7_CHSM66RN(DG)F-BH_2382\u00d71134\u00d730_ES_20240617<\/a><\/p>","protected":false},"featured_media":4099,"template":"","meta":{"_coblocks_attr":"","_coblocks_dimensions":"","_coblocks_responsive_height":"","_coblocks_accordion_ie_support":"","_regular_price":["1360"],"currency_symbol":[]},"pwb-brand":[],"product_brand":[],"product_cat":[13],"product_tag":[16],"class_list":{"0":"post-4098","1":"product","2":"type-product","3":"status-publish","4":"has-post-thumbnail","6":"product_cat-panel-solar","7":"product_tag-astronergy","9":"first","10":"instock","11":"sale","12":"shipping-taxable","13":"purchasable","14":"product-type-simple"},"post_slider_layout_featured_media_urls":{"thumbnail":["https:\/\/ecologicosolar.com\/wp-content\/uploads\/2025\/03\/615W-Astronergy-150x150.jpg",150,150,true],"post_slider_layout_landscape_large":["https:\/\/ecologicosolar.com\/wp-content\/uploads\/2025\/03\/615W-Astronergy-1200x800.jpg",1200,800,true],"post_slider_layout_portrait_large":["https:\/\/ecologicosolar.com\/wp-content\/uploads\/2025\/03\/615W-Astronergy-1200x1800.jpg",1200,1800,true],"post_slider_layout_square_large":["https:\/\/ecologicosolar.com\/wp-content\/uploads\/2025\/03\/615W-Astronergy-1200x1200.jpg",1200,1200,true],"post_slider_layout_landscape":["https:\/\/ecologicosolar.com\/wp-content\/uploads\/2025\/03\/615W-Astronergy-600x400.jpg",600,400,true],"post_slider_layout_portrait":["https:\/\/ecologicosolar.com\/wp-content\/uploads\/2025\/03\/615W-Astronergy-600x900.jpg",600,900,true],"post_slider_layout_square":["https:\/\/ecologicosolar.com\/wp-content\/uploads\/2025\/03\/615W-Astronergy-600x600.jpg",600,600,true],"full":["https:\/\/ecologicosolar.com\/wp-content\/uploads\/2025\/03\/615W-Astronergy-scaled.jpg",2048,2560,false]},"brands":[],"_links":{"self":[{"href":"https:\/\/ecologicosolar.com\/en\/wp-json\/wp\/v2\/product\/4098","targetHints":{"allow":["GET"]}}],"collection":[{"href":"https:\/\/ecologicosolar.com\/en\/wp-json\/wp\/v2\/product"}],"about":[{"href":"https:\/\/ecologicosolar.com\/en\/wp-json\/wp\/v2\/types\/product"}],"wp:featuredmedia":[{"embeddable":true,"href":"https:\/\/ecologicosolar.com\/en\/wp-json\/wp\/v2\/media\/4099"}],"wp:attachment":[{"href":"https:\/\/ecologicosolar.com\/en\/wp-json\/wp\/v2\/media?parent=4098"}],"wp:term":[{"taxonomy":"pwb-brand","embeddable":true,"href":"https:\/\/ecologicosolar.com\/en\/wp-json\/wp\/v2\/pwb-brand?post=4098"},{"taxonomy":"product_brand","embeddable":true,"href":"https:\/\/ecologicosolar.com\/en\/wp-json\/wp\/v2\/product_brand?post=4098"},{"taxonomy":"product_cat","embeddable":true,"href":"https:\/\/ecologicosolar.com\/en\/wp-json\/wp\/v2\/product_cat?post=4098"},{"taxonomy":"product_tag","embeddable":true,"href":"https:\/\/ecologicosolar.com\/en\/wp-json\/wp\/v2\/product_tag?post=4098"}],"curies":[{"name":"wp","href":"https:\/\/api.w.org\/{rel}","templated":true}]}}