{"id":4132,"date":"2025-03-11T11:36:33","date_gmt":"2025-03-11T17:36:33","guid":{"rendered":"https:\/\/ecologicosolar.com\/?post_type=product&#038;p=4132"},"modified":"2025-03-11T11:42:12","modified_gmt":"2025-03-11T17:42:12","slug":"combo-kit-asilado1","status":"publish","type":"product","link":"https:\/\/ecologicosolar.com\/en\/product\/combo-kit-asilado1\/","title":{"rendered":"COMBO\/ KIT ASILADO#2"},"content":{"rendered":"<p><img fetchpriority=\"high\" decoding=\"async\" class=\"alignnone size-medium wp-image-4135\" src=\"https:\/\/ecologicosolar.com\/wp-content\/uploads\/2025\/03\/COMBO-SOLAR-AISLADO-2-ENERGIA-SOLAR-GUATEMALA-240x300.jpg\" alt=\"\" width=\"240\" height=\"300\" srcset=\"https:\/\/ecologicosolar.com\/wp-content\/uploads\/2025\/03\/COMBO-SOLAR-AISLADO-2-ENERGIA-SOLAR-GUATEMALA-240x300.jpg 240w, https:\/\/ecologicosolar.com\/wp-content\/uploads\/2025\/03\/COMBO-SOLAR-AISLADO-2-ENERGIA-SOLAR-GUATEMALA-819x1024.jpg 819w, https:\/\/ecologicosolar.com\/wp-content\/uploads\/2025\/03\/COMBO-SOLAR-AISLADO-2-ENERGIA-SOLAR-GUATEMALA-768x960.jpg 768w, https:\/\/ecologicosolar.com\/wp-content\/uploads\/2025\/03\/COMBO-SOLAR-AISLADO-2-ENERGIA-SOLAR-GUATEMALA-1229x1536.jpg 1229w, https:\/\/ecologicosolar.com\/wp-content\/uploads\/2025\/03\/COMBO-SOLAR-AISLADO-2-ENERGIA-SOLAR-GUATEMALA-1638x2048.jpg 1638w, https:\/\/ecologicosolar.com\/wp-content\/uploads\/2025\/03\/COMBO-SOLAR-AISLADO-2-ENERGIA-SOLAR-GUATEMALA-10x12.jpg 10w, https:\/\/ecologicosolar.com\/wp-content\/uploads\/2025\/03\/COMBO-SOLAR-AISLADO-2-ENERGIA-SOLAR-GUATEMALA-600x750.jpg 600w, https:\/\/ecologicosolar.com\/wp-content\/uploads\/2025\/03\/COMBO-SOLAR-AISLADO-2-ENERGIA-SOLAR-GUATEMALA-100x125.jpg 100w, https:\/\/ecologicosolar.com\/wp-content\/uploads\/2025\/03\/COMBO-SOLAR-AISLADO-2-ENERGIA-SOLAR-GUATEMALA-scaled.jpg 2048w\" sizes=\"(max-width: 240px) 100vw, 240px\" \/><\/p>\n<p data-start=\"58\" data-end=\"129\">\ud83c\udf1e <strong data-start=\"61\" data-end=\"125\">\u00a1Adquiere tu Combo Solar y lleva energ\u00eda donde la necesites!<\/strong> \u26a1<\/p>\n<p data-start=\"131\" data-end=\"291\">Energiza tus espacios con nuestro <strong data-start=\"165\" data-end=\"180\">Combo Solar<\/strong>, dise\u00f1ado para ofrecer una soluci\u00f3n eficiente y accesible en lugares con acceso limitado a la red el\u00e9ctrica.<\/p>\n<p data-start=\"293\" data-end=\"549\">\ud83d\udd0b <strong data-start=\"296\" data-end=\"308\">Incluye:<\/strong><br data-start=\"308\" data-end=\"311\" \/>\u2705 <strong>2 panel Solar<\/strong> 585W Bifacial Astro N5<br data-start=\"351\" data-end=\"354\" \/>\u2705 <strong data-start=\"356\" data-end=\"378\">Regulador de Carga<\/strong> MPPT PowMr de 60A<br data-start=\"396\" data-end=\"399\" \/>\u2705 <strong data-start=\"401\" data-end=\"421\">Inversor Aislado<\/strong> MUST 24V 2000W<br data-start=\"436\" data-end=\"439\" \/>\u2705 <strong data-start=\"441\" data-end=\"455\">2 Bater\u00edas<\/strong> EGE de 12V 100Ah<br data-start=\"472\" data-end=\"475\" \/>\u2705 <strong data-start=\"477\" data-end=\"505\">10 Metros de Cable Solar<\/strong><br data-start=\"505\" data-end=\"508\" \/>\u2705 <strong data-start=\"510\" data-end=\"526\">Conector MC4<\/strong> para conexi\u00f3n segura<\/p>\n<p data-start=\"551\" data-end=\"698\">\u2728 <strong data-start=\"553\" data-end=\"568\">Ideal para:<\/strong><br data-start=\"568\" data-end=\"571\" \/>\ud83c\udfe0 Casetas de garita<br data-start=\"591\" data-end=\"594\" \/>\u26a1 Espacios con necesidades de energ\u00eda b\u00e1sica<br data-start=\"638\" data-end=\"641\" \/>\ud83d\udcf1 Carga de celulares<br data-start=\"662\" data-end=\"665\" \/>\ud83d\udd0c Electrodom\u00e9sticos esenciales<\/p>\n<p data-start=\"700\" data-end=\"863\">Este kit puede generar <strong data-start=\"723\" data-end=\"745\">hasta 150kWh al mes<\/strong>, garantizando energ\u00eda confiable a <strong data-start=\"780\" data-end=\"794\">bajo costo<\/strong>. \u00a1Aprovecha la oportunidad de independizarte energ\u00e9ticamente! \ud83c\udf0d<\/p>\n<h2 data-start=\"216\" data-end=\"263\">\ud83d\udd0b <strong data-start=\"222\" data-end=\"261\">Ejemplos de Consumo con 150 kWh\/mes<\/strong><\/h2>\n<h3 data-start=\"265\" data-end=\"310\">\ud83c\udfe0 <strong data-start=\"272\" data-end=\"308\">Para un hogar o caseta de garita<\/strong><\/h3>\n<p data-start=\"311\" data-end=\"655\">\u2705 <strong data-start=\"313\" data-end=\"332\">Iluminaci\u00f3n LED<\/strong> (hasta 20 focos de 10W) \ud83d\udd06<br data-start=\"359\" data-end=\"362\" \/>\u2705 <strong data-start=\"364\" data-end=\"396\">Carga de celulares y tablets<\/strong> (hasta 5000 cargas) \ud83d\udcf1<br data-start=\"419\" data-end=\"422\" \/>\u2705 <strong data-start=\"424\" data-end=\"461\">Router WiFi + C\u00e1mara de seguridad<\/strong> \ud83c\udf10\ud83c\udfa5<br data-start=\"466\" data-end=\"469\" \/>\u2705 <strong data-start=\"471\" data-end=\"504\">Laptop o computadora port\u00e1til<\/strong> \ud83d\udcbb<br data-start=\"507\" data-end=\"510\" \/>\u2705 <strong data-start=\"512\" data-end=\"534\">Ventilador de 120V<\/strong> \ud83c\udf2c\ufe0f<br data-start=\"538\" data-end=\"541\" \/>\u2705 <strong data-start=\"543\" data-end=\"577\">Refrigerador eficiente de 120V<\/strong> \u2744\ufe0f<br data-start=\"580\" data-end=\"583\" \/>\u2705 <strong data-start=\"585\" data-end=\"612\">Pantalla LED o Smart TV<\/strong> \ud83d\udcfa<br data-start=\"615\" data-end=\"618\" \/>\u2705 <strong data-start=\"620\" data-end=\"649\">Microondas ocasionalmente<\/strong> \ud83c\udf7d\ufe0f<\/p>\n<h3 data-start=\"657\" data-end=\"696\">\ud83d\ude80 <strong data-start=\"664\" data-end=\"694\">Para negocios o exteriores<\/strong><\/h3>\n<p data-start=\"697\" data-end=\"1053\">\u2705 <strong data-start=\"699\" data-end=\"757\">Energizar c\u00e1maras de seguridad y sistemas de monitoreo<\/strong> \ud83d\udd0d<br data-start=\"760\" data-end=\"763\" \/>\u2705 <strong data-start=\"765\" data-end=\"823\">Suministro de energ\u00eda para un peque\u00f1o negocio o tienda<\/strong> \ud83c\udfea<br data-start=\"826\" data-end=\"829\" \/>\u2705 <strong data-start=\"831\" data-end=\"901\">Carga de herramientas el\u00e9ctricas medianas (taladro, esmeril, etc.)<\/strong> \ud83d\udd27<br data-start=\"904\" data-end=\"907\" \/>\u2705 <strong data-start=\"909\" data-end=\"995\">Alimentar un sistema de comunicaci\u00f3n (radio, intercomunicador, internet satelital)<\/strong> \ud83d\udce1<br data-start=\"998\" data-end=\"1001\" \/>\u2705 <strong data-start=\"1003\" data-end=\"1048\">Computadoras y sistemas de punto de venta<\/strong> \ud83d\udcb3<\/p>\n<h3 data-start=\"1055\" data-end=\"1110\">\ud83d\ude9b <strong data-start=\"1062\" data-end=\"1108\">Para movilidad y zonas sin acceso a la red<\/strong><\/h3>\n<p data-start=\"1111\" data-end=\"1403\">\u2705 <strong data-start=\"1113\" data-end=\"1171\">Energizar un camper o casa rodante con mayor autonom\u00eda<\/strong> \ud83d\ude90<br data-start=\"1174\" data-end=\"1177\" \/>\u2705 <strong data-start=\"1179\" data-end=\"1256\">Alimentar una bomba de agua de 24V o 120V para riego o llenado de tinacos<\/strong> \ud83d\udca6<br data-start=\"1259\" data-end=\"1262\" \/>\u2705 <strong data-start=\"1264\" data-end=\"1327\">Sistemas de emergencia para vigilancia o puestos de control<\/strong> \ud83d\udea8<br data-start=\"1330\" data-end=\"1333\" \/>\u2705 <strong data-start=\"1335\" data-end=\"1399\">Uso ocasional de electrodom\u00e9sticos como licuadora o cafetera<\/strong> \u2615<\/p>","protected":false},"excerpt":{"rendered":"<p data-start=\"58\" data-end=\"129\">\ud83c\udf1e <strong data-start=\"61\" data-end=\"125\">\u00a1Adquiere tu Combo Solar y lleva energ\u00eda donde la necesites!<\/strong> \u26a1<\/p>\n<p data-start=\"131\" data-end=\"291\">Energiza tus espacios con nuestro <strong data-start=\"165\" data-end=\"180\">Combo Solar<\/strong>, dise\u00f1ado para ofrecer una soluci\u00f3n eficiente y accesible en lugares con acceso limitado a la red el\u00e9ctrica.<\/p>\n<p data-start=\"293\" data-end=\"549\">\ud83d\udd0b <strong data-start=\"296\" data-end=\"308\">Incluye:<\/strong><br data-start=\"308\" data-end=\"311\" \/>\u2705 <strong>2 panel Solar<\/strong> 585W Bifacial Astro N5<br data-start=\"351\" data-end=\"354\" \/>\u2705 <strong data-start=\"356\" data-end=\"378\">Regulador de Carga<\/strong> MPPT PowMr de 60A<br data-start=\"396\" data-end=\"399\" \/>\u2705 <strong data-start=\"401\" data-end=\"421\">Inversor Aislado<\/strong> MUST 24V 2000W<br data-start=\"436\" data-end=\"439\" \/>\u2705 <strong data-start=\"441\" data-end=\"455\">2 Bater\u00edas<\/strong> EGE de 12V 100Ah<br data-start=\"472\" data-end=\"475\" \/>\u2705 <strong data-start=\"477\" data-end=\"505\">10 Metros de Cable Solar<\/strong><br data-start=\"505\" data-end=\"508\" \/>\u2705 <strong data-start=\"510\" data-end=\"526\">Conector MC4<\/strong> para conexi\u00f3n segura<\/p>\n<p data-start=\"551\" data-end=\"698\">\u2728 <strong data-start=\"553\" data-end=\"568\">Ideal para:<\/strong><br data-start=\"568\" data-end=\"571\" \/>\ud83c\udfe0 Casetas de garita<br data-start=\"591\" data-end=\"594\" \/>\u26a1 Espacios con necesidades de energ\u00eda b\u00e1sica<br data-start=\"638\" data-end=\"641\" \/>\ud83d\udcf1 Carga de celulares<br data-start=\"662\" data-end=\"665\" \/>\ud83d\udd0c Electrodom\u00e9sticos esenciales<\/p>\n<p data-start=\"700\" data-end=\"863\">Este kit puede generar <strong data-start=\"723\" data-end=\"745\">hasta 150kWh al mes<\/strong>, garantizando energ\u00eda confiable a <strong data-start=\"780\" data-end=\"794\">bajo costo<\/strong>. \u00a1Aprovecha la oportunidad de independizarte energ\u00e9ticamente! \ud83c\udf0d\ud83d\udd06<\/p>","protected":false},"featured_media":4135,"template":"","meta":{"_coblocks_attr":"","_coblocks_dimensions":"","_coblocks_responsive_height":"","_coblocks_accordion_ie_support":"","_regular_price":["9783"],"currency_symbol":[]},"pwb-brand":[],"product_brand":[],"product_cat":[40],"product_tag":[],"class_list":{"0":"post-4132","1":"product","2":"type-product","3":"status-publish","4":"has-post-thumbnail","6":"product_cat-uncategorized","8":"first","9":"instock","10":"shipping-taxable","11":"purchasable","12":"product-type-simple"},"post_slider_layout_featured_media_urls":{"thumbnail":["https:\/\/ecologicosolar.com\/wp-content\/uploads\/2025\/03\/COMBO-SOLAR-AISLADO-2-ENERGIA-SOLAR-GUATEMALA-150x150.jpg",150,150,true],"post_slider_layout_landscape_large":["https:\/\/ecologicosolar.com\/wp-content\/uploads\/2025\/03\/COMBO-SOLAR-AISLADO-2-ENERGIA-SOLAR-GUATEMALA-1200x800.jpg",1200,800,true],"post_slider_layout_portrait_large":["https:\/\/ecologicosolar.com\/wp-content\/uploads\/2025\/03\/COMBO-SOLAR-AISLADO-2-ENERGIA-SOLAR-GUATEMALA-1200x1800.jpg",1200,1800,true],"post_slider_layout_square_large":["https:\/\/ecologicosolar.com\/wp-content\/uploads\/2025\/03\/COMBO-SOLAR-AISLADO-2-ENERGIA-SOLAR-GUATEMALA-1200x1200.jpg",1200,1200,true],"post_slider_layout_landscape":["https:\/\/ecologicosolar.com\/wp-content\/uploads\/2025\/03\/COMBO-SOLAR-AISLADO-2-ENERGIA-SOLAR-GUATEMALA-600x400.jpg",600,400,true],"post_slider_layout_portrait":["https:\/\/ecologicosolar.com\/wp-content\/uploads\/2025\/03\/COMBO-SOLAR-AISLADO-2-ENERGIA-SOLAR-GUATEMALA-600x900.jpg",600,900,true],"post_slider_layout_square":["https:\/\/ecologicosolar.com\/wp-content\/uploads\/2025\/03\/COMBO-SOLAR-AISLADO-2-ENERGIA-SOLAR-GUATEMALA-600x600.jpg",600,600,true],"full":["https:\/\/ecologicosolar.com\/wp-content\/uploads\/2025\/03\/COMBO-SOLAR-AISLADO-2-ENERGIA-SOLAR-GUATEMALA-scaled.jpg",2048,2560,false]},"brands":[],"_links":{"self":[{"href":"https:\/\/ecologicosolar.com\/en\/wp-json\/wp\/v2\/product\/4132","targetHints":{"allow":["GET"]}}],"collection":[{"href":"https:\/\/ecologicosolar.com\/en\/wp-json\/wp\/v2\/product"}],"about":[{"href":"https:\/\/ecologicosolar.com\/en\/wp-json\/wp\/v2\/types\/product"}],"wp:featuredmedia":[{"embeddable":true,"href":"https:\/\/ecologicosolar.com\/en\/wp-json\/wp\/v2\/media\/4135"}],"wp:attachment":[{"href":"https:\/\/ecologicosolar.com\/en\/wp-json\/wp\/v2\/media?parent=4132"}],"wp:term":[{"taxonomy":"pwb-brand","embeddable":true,"href":"https:\/\/ecologicosolar.com\/en\/wp-json\/wp\/v2\/pwb-brand?post=4132"},{"taxonomy":"product_brand","embeddable":true,"href":"https:\/\/ecologicosolar.com\/en\/wp-json\/wp\/v2\/product_brand?post=4132"},{"taxonomy":"product_cat","embeddable":true,"href":"https:\/\/ecologicosolar.com\/en\/wp-json\/wp\/v2\/product_cat?post=4132"},{"taxonomy":"product_tag","embeddable":true,"href":"https:\/\/ecologicosolar.com\/en\/wp-json\/wp\/v2\/product_tag?post=4132"}],"curies":[{"name":"wp","href":"https:\/\/api.w.org\/{rel}","templated":true}]}}