{"id":4136,"date":"2025-03-11T11:42:22","date_gmt":"2025-03-11T17:42:22","guid":{"rendered":"https:\/\/ecologicosolar.com\/?post_type=product&#038;p=4136"},"modified":"2025-03-11T11:45:24","modified_gmt":"2025-03-11T17:45:24","slug":"combo-kit-asilado1-2","status":"publish","type":"product","link":"https:\/\/ecologicosolar.com\/en\/product\/combo-kit-asilado1-2\/","title":{"rendered":"COMBO\/ KIT ASILADO#1"},"content":{"rendered":"<p><img fetchpriority=\"high\" decoding=\"async\" class=\"alignnone size-medium wp-image-4133\" src=\"https:\/\/ecologicosolar.com\/wp-content\/uploads\/2025\/03\/Combo-Aislado-1-240x300.jpg\" alt=\"\" width=\"240\" height=\"300\" srcset=\"https:\/\/ecologicosolar.com\/wp-content\/uploads\/2025\/03\/Combo-Aislado-1-240x300.jpg 240w, https:\/\/ecologicosolar.com\/wp-content\/uploads\/2025\/03\/Combo-Aislado-1-819x1024.jpg 819w, https:\/\/ecologicosolar.com\/wp-content\/uploads\/2025\/03\/Combo-Aislado-1-768x960.jpg 768w, https:\/\/ecologicosolar.com\/wp-content\/uploads\/2025\/03\/Combo-Aislado-1-1229x1536.jpg 1229w, https:\/\/ecologicosolar.com\/wp-content\/uploads\/2025\/03\/Combo-Aislado-1-1638x2048.jpg 1638w, https:\/\/ecologicosolar.com\/wp-content\/uploads\/2025\/03\/Combo-Aislado-1-10x12.jpg 10w, https:\/\/ecologicosolar.com\/wp-content\/uploads\/2025\/03\/Combo-Aislado-1-600x750.jpg 600w, https:\/\/ecologicosolar.com\/wp-content\/uploads\/2025\/03\/Combo-Aislado-1-100x125.jpg 100w, https:\/\/ecologicosolar.com\/wp-content\/uploads\/2025\/03\/Combo-Aislado-1-scaled.jpg 2048w\" sizes=\"(max-width: 240px) 100vw, 240px\" \/><\/p>\n<p data-start=\"88\" data-end=\"159\">\ud83c\udf1e <strong data-start=\"91\" data-end=\"155\">\u00a1Adquiere tu Combo Solar y lleva energ\u00eda donde la necesites!<\/strong> \u26a1<\/p>\n<p data-start=\"161\" data-end=\"321\">Energiza tus espacios con nuestro <strong data-start=\"195\" data-end=\"210\">Combo Solar<\/strong>, dise\u00f1ado para ofrecer una soluci\u00f3n eficiente y accesible en lugares con acceso limitado a la red el\u00e9ctrica.<\/p>\n<p data-start=\"323\" data-end=\"622\">\ud83d\udd0b <strong data-start=\"326\" data-end=\"338\">Incluye:<\/strong><br data-start=\"338\" data-end=\"341\" \/>\u2705 <strong data-start=\"343\" data-end=\"358\">Panel Solar<\/strong> 585W Bifacial Astro N5<br data-start=\"381\" data-end=\"384\" \/>\u2705 <strong data-start=\"386\" data-end=\"408\">Regulador de Carga<\/strong> MPPT PowMr de 60A<br data-start=\"426\" data-end=\"429\" \/>\u2705 <strong data-start=\"431\" data-end=\"451\">Inversor Aislado<\/strong> MUST 24V DC a 120V AC, 1500W<br data-start=\"480\" data-end=\"483\" \/>\u2705 <strong data-start=\"485\" data-end=\"499\">2 Bater\u00edas<\/strong> EGE de 12V 100Ah (conexi\u00f3n en serie para 24V)<br data-start=\"545\" data-end=\"548\" \/>\u2705 <strong data-start=\"550\" data-end=\"578\">10 Metros de Cable Solar<\/strong><br data-start=\"578\" data-end=\"581\" \/>\u2705 <strong data-start=\"583\" data-end=\"599\">Conector MC4<\/strong> para conexi\u00f3n segura<\/p>\n<p data-start=\"624\" data-end=\"781\">\u2728 <strong data-start=\"626\" data-end=\"641\">Ideal para:<\/strong><br data-start=\"641\" data-end=\"644\" \/>\ud83c\udfe0 Casetas de garita<br data-start=\"664\" data-end=\"667\" \/>\u26a1 Espacios con necesidades de energ\u00eda b\u00e1sica<br data-start=\"711\" data-end=\"714\" \/>\ud83d\udcf1 Carga de celulares<br data-start=\"735\" data-end=\"738\" \/>\ud83d\udd0c Electrodom\u00e9sticos esenciales (120V AC)<\/p>\n<h2 data-start=\"182\" data-end=\"228\">\ud83d\udd0b <strong data-start=\"188\" data-end=\"226\">Ejemplos de Consumo con 75 kWh\/mes<\/strong><\/h2>\n<h3 data-start=\"230\" data-end=\"275\">\ud83c\udfe0 <strong data-start=\"237\" data-end=\"273\">Para un hogar o caseta de garita<\/strong><\/h3>\n<p data-start=\"276\" data-end=\"547\">\u2705 <strong data-start=\"278\" data-end=\"297\">Iluminaci\u00f3n LED<\/strong> (hasta 10 focos de 10W) \ud83d\udd06<br data-start=\"324\" data-end=\"327\" \/>\u2705 <strong data-start=\"329\" data-end=\"361\">Carga de celulares y tablets<\/strong> (hasta 2500 cargas) \ud83d\udcf1<br data-start=\"384\" data-end=\"387\" \/>\u2705 <strong data-start=\"389\" data-end=\"426\">Router WiFi + C\u00e1mara de seguridad<\/strong> \ud83c\udf10\ud83c\udfa5<br data-start=\"431\" data-end=\"434\" \/>\u2705 <strong data-start=\"436\" data-end=\"469\">Laptop o computadora port\u00e1til<\/strong> \ud83d\udcbb<br data-start=\"472\" data-end=\"475\" \/>\u2705 <strong data-start=\"477\" data-end=\"499\">Ventilador de 120V<\/strong> \ud83c\udf2c\ufe0f<br data-start=\"503\" data-end=\"506\" \/>\u2705 <strong data-start=\"508\" data-end=\"542\">Refrigerador eficiente de 120V<\/strong> \u2744\ufe0f<\/p>\n<h3 data-start=\"549\" data-end=\"588\">\ud83d\ude80 <strong data-start=\"556\" data-end=\"586\">Para negocios o exteriores<\/strong><\/h3>\n<p data-start=\"589\" data-end=\"901\">\u2705 <strong data-start=\"591\" data-end=\"649\">Energizar c\u00e1maras de seguridad y sistemas de monitoreo<\/strong> \ud83d\udd0d<br data-start=\"652\" data-end=\"655\" \/>\u2705 <strong data-start=\"657\" data-end=\"724\">Suministro de energ\u00eda para un puesto de comida o tienda peque\u00f1a<\/strong> \ud83c\udfea<br data-start=\"727\" data-end=\"730\" \/>\u2705 <strong data-start=\"732\" data-end=\"802\">Carga de herramientas el\u00e9ctricas peque\u00f1as (taladro, esmeril, etc.)<\/strong> \ud83d\udd27<br data-start=\"805\" data-end=\"808\" \/>\u2705 <strong data-start=\"810\" data-end=\"896\">Alimentar un sistema de comunicaci\u00f3n (radio, intercomunicador, internet satelital)<\/strong> \ud83d\udce1<\/p>\n<h3 data-start=\"903\" data-end=\"958\">\ud83d\ude9b <strong data-start=\"910\" data-end=\"956\">Para movilidad y zonas sin acceso a la red<\/strong><\/h3>\n<p data-start=\"959\" data-end=\"1210\">\u2705 <strong data-start=\"961\" data-end=\"1039\">Energizar un camper o casa rodante (luces, nevera peque\u00f1a, cargadores, TV)<\/strong> \ud83d\ude90<br data-start=\"1042\" data-end=\"1045\" \/>\u2705 <strong data-start=\"1047\" data-end=\"1117\">Alimentar una bomba de agua de 24V para riego o llenado de tinacos<\/strong> \ud83d\udca6<br data-start=\"1120\" data-end=\"1123\" \/>\u2705 <strong data-start=\"1125\" data-end=\"1205\">Sistemas de emergencia para vigilancia o puestos de control en zonas remotas<\/strong> \ud83d\udea8<\/p>\n<p data-start=\"959\" data-end=\"1210\">\n<p data-start=\"959\" data-end=\"1210\">*Los ejemplos de consumo son solo referencia de lo que puede llegar a funcionar con este equipo. El funcionamiento depende directamente del consumo del aparato por lo que puede variar a lo descrito anteriormente*<\/p>","protected":false},"excerpt":{"rendered":"<p data-start=\"88\" data-end=\"159\">\ud83c\udf1e <strong data-start=\"91\" data-end=\"155\">\u00a1Adquiere tu Combo Solar y lleva energ\u00eda donde la necesites!<\/strong> \u26a1<\/p>\n<p data-start=\"161\" data-end=\"321\">Energiza tus espacios con nuestro <strong data-start=\"195\" data-end=\"210\">Combo Solar<\/strong>, dise\u00f1ado para ofrecer una soluci\u00f3n eficiente y accesible en lugares con acceso limitado a la red el\u00e9ctrica.<\/p>\n<p data-start=\"323\" data-end=\"622\">\ud83d\udd0b <strong data-start=\"326\" data-end=\"338\">Incluye:<\/strong><br data-start=\"338\" data-end=\"341\" \/>\u2705 <strong data-start=\"343\" data-end=\"358\">Panel Solar<\/strong> 585W Bifacial Astro N5<br data-start=\"381\" data-end=\"384\" \/>\u2705 <strong data-start=\"386\" data-end=\"408\">Regulador de Carga<\/strong> MPPT PowMr de 60A<br data-start=\"426\" data-end=\"429\" \/>\u2705 <strong data-start=\"431\" data-end=\"451\">Inversor Aislado<\/strong> MUST 24V DC a 120V AC, 1500W<br data-start=\"480\" data-end=\"483\" \/>\u2705 <strong data-start=\"485\" data-end=\"499\">2 Bater\u00edas<\/strong> EGE de 12V 100Ah (conexi\u00f3n en serie para 24V)<br data-start=\"545\" data-end=\"548\" \/>\u2705 <strong data-start=\"550\" data-end=\"578\">10 Metros de Cable Solar<\/strong><br data-start=\"578\" data-end=\"581\" \/>\u2705 <strong data-start=\"583\" data-end=\"599\">Conector MC4<\/strong> para conexi\u00f3n segura<\/p>\n<p data-start=\"624\" data-end=\"781\">\u2728 <strong data-start=\"626\" data-end=\"641\">Ideal para:<\/strong><br data-start=\"641\" data-end=\"644\" \/>\ud83c\udfe0 Casetas de garita<br data-start=\"664\" data-end=\"667\" \/>\u26a1 Espacios con necesidades de energ\u00eda b\u00e1sica<br data-start=\"711\" data-end=\"714\" \/>\ud83d\udcf1 Carga de celulares<br data-start=\"735\" data-end=\"738\" \/>\ud83d\udd0c Electrodom\u00e9sticos esenciales (120V AC)<\/p>","protected":false},"featured_media":4133,"template":"","meta":{"_coblocks_attr":"","_coblocks_dimensions":"","_coblocks_responsive_height":"","_coblocks_accordion_ie_support":"","_regular_price":["8664"],"currency_symbol":[]},"pwb-brand":[],"product_brand":[],"product_cat":[40],"product_tag":[],"class_list":{"0":"post-4136","1":"product","2":"type-product","3":"status-publish","4":"has-post-thumbnail","6":"product_cat-uncategorized","8":"first","9":"instock","10":"shipping-taxable","11":"purchasable","12":"product-type-simple"},"post_slider_layout_featured_media_urls":{"thumbnail":["https:\/\/ecologicosolar.com\/wp-content\/uploads\/2025\/03\/Combo-Aislado-1-150x150.jpg",150,150,true],"post_slider_layout_landscape_large":["https:\/\/ecologicosolar.com\/wp-content\/uploads\/2025\/03\/Combo-Aislado-1-1200x800.jpg",1200,800,true],"post_slider_layout_portrait_large":["https:\/\/ecologicosolar.com\/wp-content\/uploads\/2025\/03\/Combo-Aislado-1-1200x1800.jpg",1200,1800,true],"post_slider_layout_square_large":["https:\/\/ecologicosolar.com\/wp-content\/uploads\/2025\/03\/Combo-Aislado-1-1200x1200.jpg",1200,1200,true],"post_slider_layout_landscape":["https:\/\/ecologicosolar.com\/wp-content\/uploads\/2025\/03\/Combo-Aislado-1-600x400.jpg",600,400,true],"post_slider_layout_portrait":["https:\/\/ecologicosolar.com\/wp-content\/uploads\/2025\/03\/Combo-Aislado-1-600x900.jpg",600,900,true],"post_slider_layout_square":["https:\/\/ecologicosolar.com\/wp-content\/uploads\/2025\/03\/Combo-Aislado-1-600x600.jpg",600,600,true],"full":["https:\/\/ecologicosolar.com\/wp-content\/uploads\/2025\/03\/Combo-Aislado-1-scaled.jpg",2048,2560,false]},"brands":[],"_links":{"self":[{"href":"https:\/\/ecologicosolar.com\/en\/wp-json\/wp\/v2\/product\/4136","targetHints":{"allow":["GET"]}}],"collection":[{"href":"https:\/\/ecologicosolar.com\/en\/wp-json\/wp\/v2\/product"}],"about":[{"href":"https:\/\/ecologicosolar.com\/en\/wp-json\/wp\/v2\/types\/product"}],"wp:featuredmedia":[{"embeddable":true,"href":"https:\/\/ecologicosolar.com\/en\/wp-json\/wp\/v2\/media\/4133"}],"wp:attachment":[{"href":"https:\/\/ecologicosolar.com\/en\/wp-json\/wp\/v2\/media?parent=4136"}],"wp:term":[{"taxonomy":"pwb-brand","embeddable":true,"href":"https:\/\/ecologicosolar.com\/en\/wp-json\/wp\/v2\/pwb-brand?post=4136"},{"taxonomy":"product_brand","embeddable":true,"href":"https:\/\/ecologicosolar.com\/en\/wp-json\/wp\/v2\/product_brand?post=4136"},{"taxonomy":"product_cat","embeddable":true,"href":"https:\/\/ecologicosolar.com\/en\/wp-json\/wp\/v2\/product_cat?post=4136"},{"taxonomy":"product_tag","embeddable":true,"href":"https:\/\/ecologicosolar.com\/en\/wp-json\/wp\/v2\/product_tag?post=4136"}],"curies":[{"name":"wp","href":"https:\/\/api.w.org\/{rel}","templated":true}]}}