{"id":439,"date":"2023-05-08T12:10:30","date_gmt":"2023-05-08T18:10:30","guid":{"rendered":"https:\/\/ecologicosolar.com\/?post_type=product&#038;p=439"},"modified":"2023-08-06T21:24:33","modified_gmt":"2023-08-07T03:24:33","slug":"fpv20a2p550v-breaker-dc-20a-feeo","status":"publish","type":"product","link":"https:\/\/ecologicosolar.com\/en\/product\/fpv20a2p550v-breaker-dc-20a-feeo\/","title":{"rendered":"FPV10A1P250V &#8211; 1 POLO BREAKER DC 20A &#8211; FEEO"},"content":{"rendered":"<p><strong>Protector Solar 1P DC MCB: Protecci\u00f3n Eficiente para tus Circuitos<\/strong><\/p>\n<p>Los protectores suplementarios Solar 1P DC MCB est\u00e1n dise\u00f1ados para brindar protecci\u00f3n contra sobrecorriente en electrodom\u00e9sticos o equipos el\u00e9ctricos, donde la protecci\u00f3n del circuito derivado ya est\u00e1 presente o no es requerida. Estos dispositivos est\u00e1n dise\u00f1ados espec\u00edficamente para aplicaciones de control en corriente continua (CC).<\/p>\n<p><strong>Caracter\u00edsticas del Producto<\/strong><\/p>\n<ul>\n<li>Carcasa termopl\u00e1stica, entrada completa, resistente a impactos, reciclable y autoextinguible.<\/li>\n<li>M\u00e1xima seguridad: terminal de t\u00fanel en U cl\u00e1sico para asegurar conexiones s\u00f3lidas y confiables.<\/li>\n<li>Dise\u00f1o original de flujo de aire, que reduce eficazmente la temperatura entre disyuntores adyacentes.<\/li>\n<li>Mango de seguridad ergon\u00f3mico con dise\u00f1o cl\u00e1sico y original.<\/li>\n<\/ul>\n<p><strong>Serie de Disyuntores FPV-63<\/strong><\/p>\n<table>\n<thead>\n<tr>\n<th>Modelo<\/th>\n<th>FPV10A1P250V<\/th>\n<\/tr>\n<\/thead>\n<tbody>\n<tr>\n<td>Grado de Marco<\/td>\n<td>63<\/td>\n<\/tr>\n<tr>\n<td>Polos<\/td>\n<td>1P<\/td>\n<\/tr>\n<tr>\n<td>Voltaje Nominal de Operaci\u00f3n (VDC)<\/td>\n<td>250V<\/td>\n<\/tr>\n<tr>\n<td>Corriente Nominal In (A)<\/td>\n<td>20A<\/td>\n<\/tr>\n<tr>\n<td>Voltaje de Aislamiento Nominal Ui (VDC)<\/td>\n<td>1200VDC<\/td>\n<\/tr>\n<tr>\n<td>Voltaje de Impacto Nominal Uimp (KV)<\/td>\n<td>4<\/td>\n<\/tr>\n<tr>\n<td>Capacidad de Interrupci\u00f3n M\u00e1xima Icu (KA)<\/td>\n<td>6<\/td>\n<\/tr>\n<tr>\n<td>Capacidad de Interrupci\u00f3n en Funcionamiento Ics (%Icu)<\/td>\n<td>75%<\/td>\n<\/tr>\n<tr>\n<td>Tipo de Curva<\/td>\n<td>C<\/td>\n<\/tr>\n<tr>\n<td>Tipo de Disparo<\/td>\n<td>T\u00e9rmico-magn\u00e9tico<\/td>\n<\/tr>\n<tr>\n<td>Mec\u00e1nico<\/td>\n<td>Valor promedio real: 20000<\/td>\n<\/tr>\n<tr>\n<td>Est\u00e1ndar<\/td>\n<td>Valor promedio real: 8500<\/td>\n<\/tr>\n<tr>\n<td>El\u00e9ctrico<\/td>\n<td>Valor promedio real: 2500<\/td>\n<\/tr>\n<tr>\n<td>Est\u00e1ndar<\/td>\n<td>Valor promedio real: 1500<\/td>\n<\/tr>\n<\/tbody>\n<\/table>\n<p>Descubre la protecci\u00f3n el\u00e9ctrica superior con los protectores solares 1P DC MCB. Dise\u00f1ados para proporcionar seguridad y eficiencia en tus circuitos de corriente continua, estos dispositivos son una elecci\u00f3n confiable para tu sistema solar.<\/p>","protected":false},"excerpt":{"rendered":"<p><strong>Caracter\u00edsticas del Producto<\/strong><\/p>\n<ul>\n<li>Carcasa termopl\u00e1stica, entrada completa, resistente a impactos, reciclable y autoextinguible.<\/li>\n<li>M\u00e1xima seguridad: terminal de t\u00fanel en U cl\u00e1sico para asegurar conexiones s\u00f3lidas y confiables.<\/li>\n<li>Dise\u00f1o original de flujo de aire, que reduce eficazmente la temperatura entre disyuntores adyacentes.<\/li>\n<li>Mango de seguridad ergon\u00f3mico con dise\u00f1o cl\u00e1sico y original.<\/li>\n<\/ul>","protected":false},"featured_media":441,"template":"","meta":{"_coblocks_attr":"","_coblocks_dimensions":"","_coblocks_responsive_height":"","_coblocks_accordion_ie_support":"","_regular_price":["92"],"currency_symbol":[]},"pwb-brand":[],"product_brand":[],"product_cat":[26],"product_tag":[27,28],"class_list":{"0":"post-439","1":"product","2":"type-product","3":"status-publish","4":"has-post-thumbnail","6":"product_cat-accesorios","7":"product_tag-accesorios","8":"product_tag-feeo","10":"first","11":"instock","12":"shipping-taxable","13":"purchasable","14":"product-type-simple"},"post_slider_layout_featured_media_urls":{"thumbnail":["https:\/\/ecologicosolar.com\/wp-content\/uploads\/2023\/05\/proteccion_feeo_verde_1-150x150.jpg",150,150,true],"post_slider_layout_landscape_large":["https:\/\/ecologicosolar.com\/wp-content\/uploads\/2023\/05\/proteccion_feeo_verde_1-1200x800.jpg",1200,800,true],"post_slider_layout_portrait_large":["https:\/\/ecologicosolar.com\/wp-content\/uploads\/2023\/05\/proteccion_feeo_verde_1-1200x1800.jpg",1200,1800,true],"post_slider_layout_square_large":["https:\/\/ecologicosolar.com\/wp-content\/uploads\/2023\/05\/proteccion_feeo_verde_1-1200x1200.jpg",1200,1200,true],"post_slider_layout_landscape":["https:\/\/ecologicosolar.com\/wp-content\/uploads\/2023\/05\/proteccion_feeo_verde_1-600x400.jpg",600,400,true],"post_slider_layout_portrait":["https:\/\/ecologicosolar.com\/wp-content\/uploads\/2023\/05\/proteccion_feeo_verde_1-600x900.jpg",600,900,true],"post_slider_layout_square":["https:\/\/ecologicosolar.com\/wp-content\/uploads\/2023\/05\/proteccion_feeo_verde_1-600x600.jpg",600,600,true],"full":["https:\/\/ecologicosolar.com\/wp-content\/uploads\/2023\/05\/proteccion_feeo_verde_1-scaled.jpg",1920,2560,false]},"brands":[],"_links":{"self":[{"href":"https:\/\/ecologicosolar.com\/en\/wp-json\/wp\/v2\/product\/439","targetHints":{"allow":["GET"]}}],"collection":[{"href":"https:\/\/ecologicosolar.com\/en\/wp-json\/wp\/v2\/product"}],"about":[{"href":"https:\/\/ecologicosolar.com\/en\/wp-json\/wp\/v2\/types\/product"}],"wp:featuredmedia":[{"embeddable":true,"href":"https:\/\/ecologicosolar.com\/en\/wp-json\/wp\/v2\/media\/441"}],"wp:attachment":[{"href":"https:\/\/ecologicosolar.com\/en\/wp-json\/wp\/v2\/media?parent=439"}],"wp:term":[{"taxonomy":"pwb-brand","embeddable":true,"href":"https:\/\/ecologicosolar.com\/en\/wp-json\/wp\/v2\/pwb-brand?post=439"},{"taxonomy":"product_brand","embeddable":true,"href":"https:\/\/ecologicosolar.com\/en\/wp-json\/wp\/v2\/product_brand?post=439"},{"taxonomy":"product_cat","embeddable":true,"href":"https:\/\/ecologicosolar.com\/en\/wp-json\/wp\/v2\/product_cat?post=439"},{"taxonomy":"product_tag","embeddable":true,"href":"https:\/\/ecologicosolar.com\/en\/wp-json\/wp\/v2\/product_tag?post=439"}],"curies":[{"name":"wp","href":"https:\/\/api.w.org\/{rel}","templated":true}]}}