{"id":443,"date":"2023-05-08T12:23:25","date_gmt":"2023-05-08T18:23:25","guid":{"rendered":"https:\/\/ecologicosolar.com\/?post_type=product&#038;p=443"},"modified":"2023-08-06T21:47:16","modified_gmt":"2023-08-07T03:47:16","slug":"fspd40600v-supresor-2-polos-600vdc-feeo","status":"publish","type":"product","link":"https:\/\/ecologicosolar.com\/en\/product\/fspd40600v-supresor-2-polos-600vdc-feeo\/","title":{"rendered":"FSPD40600V &#8211; SUPRESOR 2 POLOS 600VDC &#8211; FEEO"},"content":{"rendered":"<p>\u00a1Presentamos el incre\u00edble Solar 2P DC SPD, tu defensor contra las amenazas de los rayos en tu sistema solar! Dise\u00f1ado para proteger tu inversi\u00f3n solar de sobretensiones y da\u00f1os causados por rayos, este dispositivo de protecci\u00f3n ofrece:<\/p>\n<ul>\n<li>M\u00e1xima protecci\u00f3n contra rayos.<\/li>\n<li>Instalaci\u00f3n sencilla en ambos extremos de tu sistema.<\/li>\n<li>Indicadores claros de estado: verde para tranquilidad, rojo para alerta.<\/li>\n<li>Construcci\u00f3n duradera y resistente al fuego.<\/li>\n<li>M\u00f3dulo reemplazable para un mantenimiento sin preocupaciones.<\/li>\n<\/ul>\n<p>No permitas que los rayos comprometan tu inversi\u00f3n. Conf\u00eda en Solar 2P DC SPD para mantener tu sistema solar seguro y eficiente. \u00a1Protege tu futuro energ\u00e9tico hoy mismo! Cont\u00e1ctanos para obtener m\u00e1s detalles sobre c\u00f3mo adquirir este producto excepcional. Tu tranquilidad no tiene precio, \u00a1entendemos tus necesidades!<\/p>\n<p>&nbsp;<\/p>\n<div class=\"table-responsive\">\n<table class=\"table\" border=\"0\" cellspacing=\"0\" cellpadding=\"0\">\n<colgroup>\n<col \/>\n<col \/>\n<col \/><\/colgroup>\n<tbody>\n<tr class=\"firstRow\">\n<td>FSP-D40 \u00a0 Surge protector<\/td>\n<td colspan=\"4\" rowspan=\"1\">FSPD40600V<\/td>\n<\/tr>\n<tr>\n<td colspan=\"5\" rowspan=\"1\">PVDC &#8211; specific ( IEC61643-1 \/EN61643 -11 )<\/td>\n<\/tr>\n<tr>\n<td>Pole<\/td>\n<td>2P<\/td>\n<td>2P<\/td>\n<td>3P<\/td>\n<td>3P<\/td>\n<\/tr>\n<tr>\n<td colspan=\"5\" rowspan=\"1\">Electrical parameter<\/td>\n<\/tr>\n<tr>\n<td>Classified test<\/td>\n<td>II<\/td>\n<td>II<\/td>\n<td>II<\/td>\n<td>II<\/td>\n<\/tr>\n<tr>\n<td>Uoc max (VDC )<\/td>\n<td>600<\/td>\n<td>800<\/td>\n<td>1000<\/td>\n<td>1500<\/td>\n<\/tr>\n<tr>\n<td>Uc ( VDC )<\/td>\n<td>600<\/td>\n<td>800<\/td>\n<td>1000<\/td>\n<td>1500<\/td>\n<\/tr>\n<tr>\n<td>ln (8 \/20 )us ( kA )<\/td>\n<td>20<\/td>\n<td>20<\/td>\n<td>20<\/td>\n<td>20<\/td>\n<\/tr>\n<tr>\n<td>lma x (8 \/20 )us ( kA )<\/td>\n<td>40<\/td>\n<td>40<\/td>\n<td>40<\/td>\n<td>40<\/td>\n<\/tr>\n<tr>\n<td>Up ( kV )<\/td>\n<td>2<\/td>\n<td>2.5<\/td>\n<td>3.8<\/td>\n<td>5.3<\/td>\n<\/tr>\n<tr>\n<td>Customizable 12\/24\/48 (VDC )<\/td>\n<td colspan=\"4\" rowspan=\"1\">12\/24\/48<\/td>\n<\/tr>\n<\/tbody>\n<\/table>\n<\/div>\n<p>&nbsp;<\/p>","protected":false},"excerpt":{"rendered":"<p><strong>Protecci\u00f3n Eficiente en Corriente Continua: MCB Suplementario Solar 2P DC<\/strong><\/p>\n<p>Los protectores suplementarios Solar 2P DC MCB est\u00e1n dise\u00f1ados para brindar protecci\u00f3n contra sobrecorriente en electrodom\u00e9sticos o equipos el\u00e9ctricos, donde ya existe protecci\u00f3n de circuito derivado o no es necesaria. Estos dispositivos est\u00e1n dise\u00f1ados espec\u00edficamente para aplicaciones de control en corriente continua (CC).<\/p>\n<p><strong>Caracter\u00edsticas del Producto<\/strong><\/p>\n<ul>\n<li>MCB Especializado para Aplicaciones en CC<\/li>\n<li>Caracter\u00edsticas de disparo Tipo B, C y D (detalles disponibles bajo solicitud)<\/li>\n<li>Capacidad de Interrupci\u00f3n de 10kA (IEC60947)<\/li>\n<li>1P (250V DC), 2P (550V DC), 3P (750V DC), 4P (1000V DC)<\/li>\n<\/ul>","protected":false},"featured_media":444,"template":"","meta":{"_coblocks_attr":"","_coblocks_dimensions":"","_coblocks_responsive_height":"","_coblocks_accordion_ie_support":"","_regular_price":["376"],"currency_symbol":[]},"pwb-brand":[],"product_brand":[],"product_cat":[26],"product_tag":[27,28],"class_list":{"0":"post-443","1":"product","2":"type-product","3":"status-publish","4":"has-post-thumbnail","6":"product_cat-accesorios","7":"product_tag-accesorios","8":"product_tag-feeo","10":"first","11":"instock","12":"shipping-taxable","13":"purchasable","14":"product-type-simple"},"post_slider_layout_featured_media_urls":{"thumbnail":["https:\/\/ecologicosolar.com\/wp-content\/uploads\/2023\/05\/proteccion_feeo_verde_doble_1-150x150.jpg",150,150,true],"post_slider_layout_landscape_large":["https:\/\/ecologicosolar.com\/wp-content\/uploads\/2023\/05\/proteccion_feeo_verde_doble_1-1200x800.jpg",1200,800,true],"post_slider_layout_portrait_large":["https:\/\/ecologicosolar.com\/wp-content\/uploads\/2023\/05\/proteccion_feeo_verde_doble_1-1200x1800.jpg",1200,1800,true],"post_slider_layout_square_large":["https:\/\/ecologicosolar.com\/wp-content\/uploads\/2023\/05\/proteccion_feeo_verde_doble_1-1200x1200.jpg",1200,1200,true],"post_slider_layout_landscape":["https:\/\/ecologicosolar.com\/wp-content\/uploads\/2023\/05\/proteccion_feeo_verde_doble_1-600x400.jpg",600,400,true],"post_slider_layout_portrait":["https:\/\/ecologicosolar.com\/wp-content\/uploads\/2023\/05\/proteccion_feeo_verde_doble_1-600x900.jpg",600,900,true],"post_slider_layout_square":["https:\/\/ecologicosolar.com\/wp-content\/uploads\/2023\/05\/proteccion_feeo_verde_doble_1-600x600.jpg",600,600,true],"full":["https:\/\/ecologicosolar.com\/wp-content\/uploads\/2023\/05\/proteccion_feeo_verde_doble_1-scaled.jpg",1920,2560,false]},"brands":[],"_links":{"self":[{"href":"https:\/\/ecologicosolar.com\/en\/wp-json\/wp\/v2\/product\/443","targetHints":{"allow":["GET"]}}],"collection":[{"href":"https:\/\/ecologicosolar.com\/en\/wp-json\/wp\/v2\/product"}],"about":[{"href":"https:\/\/ecologicosolar.com\/en\/wp-json\/wp\/v2\/types\/product"}],"wp:featuredmedia":[{"embeddable":true,"href":"https:\/\/ecologicosolar.com\/en\/wp-json\/wp\/v2\/media\/444"}],"wp:attachment":[{"href":"https:\/\/ecologicosolar.com\/en\/wp-json\/wp\/v2\/media?parent=443"}],"wp:term":[{"taxonomy":"pwb-brand","embeddable":true,"href":"https:\/\/ecologicosolar.com\/en\/wp-json\/wp\/v2\/pwb-brand?post=443"},{"taxonomy":"product_brand","embeddable":true,"href":"https:\/\/ecologicosolar.com\/en\/wp-json\/wp\/v2\/product_brand?post=443"},{"taxonomy":"product_cat","embeddable":true,"href":"https:\/\/ecologicosolar.com\/en\/wp-json\/wp\/v2\/product_cat?post=443"},{"taxonomy":"product_tag","embeddable":true,"href":"https:\/\/ecologicosolar.com\/en\/wp-json\/wp\/v2\/product_tag?post=443"}],"curies":[{"name":"wp","href":"https:\/\/api.w.org\/{rel}","templated":true}]}}