{"id":447,"date":"2023-05-09T15:28:50","date_gmt":"2023-05-09T21:28:50","guid":{"rendered":"https:\/\/ecologicosolar.com\/?post_type=product&#038;p=447"},"modified":"2023-08-10T00:15:45","modified_gmt":"2023-08-10T06:15:45","slug":"pf1p-porta-fusible-de-1-polo","status":"publish","type":"product","link":"https:\/\/ecologicosolar.com\/en\/product\/pf1p-porta-fusible-de-1-polo\/","title":{"rendered":"PF1P &#8211; PORTA FUSIBLE FEEO DE 1 POLO FUSIBLE DE 15A &#8211; SUPER OFERTA"},"content":{"rendered":"<p><span style=\"font-weight: 400;\">PORTA FUSIBLE USIBLE DE 1 POLO<\/span><\/p>\n<p>&nbsp;<\/p>\n<p><span style=\"font-weight: 300;\">La serie FEEO FDS-32 de DC FUSE est\u00e1 dise\u00f1ada para sistemas solares.\u00a0La corriente nominal contiene: 1A, 2A, 3A, 4A, 5A, 6A, 8A, 10A, 12A, 15A, 20A, 25A, 32A.\u00a0El voltaje nominal es de 1000 V CC.\u00a0Capacidad de ruptura: 33KA<\/span><\/p>\n<p>&nbsp;<\/p>\n<p><span style=\"font-weight: 300;\">Yueqing Feeo Electric Co., Ltd es uno de los fabricantes y proveedores profesionales de eslabones fusibles de CC de China. Si va a verificar el precio con un eslab\u00f3n fusible solar, eslab\u00f3n fusible fotovoltaico, eslab\u00f3n fusible 1000vdc, f\u00e1brica de eslabones fusibles 1000v en China, por favor Si\u00e9ntete libre de contactarnos.<\/span><\/p>\n<p><span style=\"font-weight: 400;\">Descripci\u00f3n del Producto<\/span><\/p>\n<p><span style=\"font-weight: 300;\">cartucho fusible de CC solar Una gama de cartuchos fusibles de 10&#215;38 mm dise\u00f1ados espec\u00edficamente para proteger cadenas fotovoltaicas.\u00a0Estos enlaces fusibles son capaces de interrumpir sobrecorrientes bajas asociadas con arreglos de cadena fotovoltaica fallados (corriente inversa, falla de varios arreglos).<\/span><\/p>\n<p>&nbsp;<\/p>\n<table>\n<tbody>\n<tr>\n<td><span style=\"font-weight: 300;\">Conexi\u00f3n (mm2)<\/span><\/td>\n<td><span style=\"font-weight: 300;\">2 .5 -1 0<\/span><\/td>\n<\/tr>\n<tr>\n<td><span style=\"font-weight: 300;\">Temperatura de trabajo (<\/span><span style=\"font-weight: 400;\">\u2103<\/span><span style=\"font-weight: 300;\">)<\/span><\/td>\n<td><span style=\"font-weight: 300;\">-30~+70<\/span><\/td>\n<\/tr>\n<tr>\n<td><span style=\"font-weight: 300;\">Resistencia y h\u00famedo caliente<\/span><\/td>\n<td><span style=\"font-weight: 300;\">Clase 2<\/span><\/td>\n<\/tr>\n<tr>\n<td><span style=\"font-weight: 300;\">Altitud (m)<\/span><\/td>\n<td><span style=\"font-weight: 400;\">\u2264<\/span><span style=\"font-weight: 300;\"> 2000<\/span><\/td>\n<\/tr>\n<tr>\n<td><span style=\"font-weight: 300;\">Humedad relativa<\/span><\/td>\n<td><span style=\"font-weight: 400;\">\u2264<\/span><span style=\"font-weight: 300;\"> 95%<\/span><\/td>\n<\/tr>\n<tr>\n<td><span style=\"font-weight: 300;\">Clase\/Grado de Protecci\u00f3n<\/span><\/td>\n<td><span style=\"font-weight: 300;\">IP20<\/span><\/td>\n<\/tr>\n<tr>\n<td><span style=\"font-weight: 300;\">Contaminaci\u00f3n<\/span><\/td>\n<td><span style=\"font-weight: 300;\">3<\/span><\/td>\n<\/tr>\n<tr>\n<td><span style=\"font-weight: 300;\">Entorno de instalaci\u00f3n<\/span><\/td>\n<td><span style=\"font-weight: 300;\">Sin golpes ni vibraciones evidentes<\/span><\/td>\n<\/tr>\n<tr>\n<td><span style=\"font-weight: 300;\">Clase\/tipo de instalaci\u00f3n<\/span><\/td>\n<td><span style=\"font-weight: 300;\">Carril clase III\/DIN<\/span><\/td>\n<\/tr>\n<\/tbody>\n<\/table>\n<p>&nbsp;<\/p>\n<p><img fetchpriority=\"high\" decoding=\"async\" title=\"\" src=\"https:\/\/www.feeo-solar.com\/Content\/uploads\/202233440\/20221123133257b190b379c52240f597ebf8f722784022.jpg\" alt=\"\" width=\"776\" height=\"550\" \/><\/p>\n<p><img decoding=\"async\" src=\"https:\/\/www.feeo-solar.com\/Content\/uploads\/202233440\/202211111117317b3f6768d0e54b9290daa1c59582b226.jpg\" alt=\"FUSE_\" width=\"790\" height=\"6369\" \/><\/p>","protected":false},"excerpt":{"rendered":"<p>Porta Fusible de 1 Polo para carrilera DIN<\/p>\n<p>Marca FEEO<\/p>\n<p>Se requiere fusible.<\/p>\n<p><img decoding=\"async\" class=\"alignnone size-medium wp-image-448\" src=\"https:\/\/ecologicosolar.com\/wp-content\/uploads\/2023\/05\/PORTAFUSIBLE-273x300.png\" alt=\"\" width=\"273\" height=\"300\" srcset=\"https:\/\/ecologicosolar.com\/wp-content\/uploads\/2023\/05\/PORTAFUSIBLE-273x300.png 273w, https:\/\/ecologicosolar.com\/wp-content\/uploads\/2023\/05\/PORTAFUSIBLE-100x110.png 100w, https:\/\/ecologicosolar.com\/wp-content\/uploads\/2023\/05\/PORTAFUSIBLE.png 571w\" sizes=\"(max-width: 273px) 100vw, 273px\" \/><\/p>","protected":false},"featured_media":903,"template":"","meta":{"_coblocks_attr":"","_coblocks_dimensions":"","_coblocks_responsive_height":"","_coblocks_accordion_ie_support":"","_regular_price":["125"],"currency_symbol":[]},"pwb-brand":[],"product_brand":[],"product_cat":[26],"product_tag":[28],"class_list":{"0":"post-447","1":"product","2":"type-product","3":"status-publish","4":"has-post-thumbnail","6":"product_cat-accesorios","7":"product_tag-feeo","9":"first","10":"instock","11":"shipping-taxable","12":"purchasable","13":"product-type-simple"},"post_slider_layout_featured_media_urls":{"thumbnail":["https:\/\/ecologicosolar.com\/wp-content\/uploads\/2023\/05\/Fusible-Para-Paneles-Solares-Guatemala-150x150.gif",150,150,true],"post_slider_layout_landscape_large":["https:\/\/ecologicosolar.com\/wp-content\/uploads\/2023\/05\/Fusible-Para-Paneles-Solares-Guatemala-1200x800.gif",1200,800,true],"post_slider_layout_portrait_large":["https:\/\/ecologicosolar.com\/wp-content\/uploads\/2023\/05\/Fusible-Para-Paneles-Solares-Guatemala-1200x1300.gif",1200,1300,true],"post_slider_layout_square_large":["https:\/\/ecologicosolar.com\/wp-content\/uploads\/2023\/05\/Fusible-Para-Paneles-Solares-Guatemala-1200x1200.gif",1200,1200,true],"post_slider_layout_landscape":["https:\/\/ecologicosolar.com\/wp-content\/uploads\/2023\/05\/Fusible-Para-Paneles-Solares-Guatemala-600x400.gif",600,400,true],"post_slider_layout_portrait":["https:\/\/ecologicosolar.com\/wp-content\/uploads\/2023\/05\/Fusible-Para-Paneles-Solares-Guatemala-600x900.gif",600,900,true],"post_slider_layout_square":["https:\/\/ecologicosolar.com\/wp-content\/uploads\/2023\/05\/Fusible-Para-Paneles-Solares-Guatemala-600x600.gif",600,600,true],"full":["https:\/\/ecologicosolar.com\/wp-content\/uploads\/2023\/05\/Fusible-Para-Paneles-Solares-Guatemala.gif",1300,1300,false]},"brands":[],"_links":{"self":[{"href":"https:\/\/ecologicosolar.com\/en\/wp-json\/wp\/v2\/product\/447","targetHints":{"allow":["GET"]}}],"collection":[{"href":"https:\/\/ecologicosolar.com\/en\/wp-json\/wp\/v2\/product"}],"about":[{"href":"https:\/\/ecologicosolar.com\/en\/wp-json\/wp\/v2\/types\/product"}],"wp:featuredmedia":[{"embeddable":true,"href":"https:\/\/ecologicosolar.com\/en\/wp-json\/wp\/v2\/media\/903"}],"wp:attachment":[{"href":"https:\/\/ecologicosolar.com\/en\/wp-json\/wp\/v2\/media?parent=447"}],"wp:term":[{"taxonomy":"pwb-brand","embeddable":true,"href":"https:\/\/ecologicosolar.com\/en\/wp-json\/wp\/v2\/pwb-brand?post=447"},{"taxonomy":"product_brand","embeddable":true,"href":"https:\/\/ecologicosolar.com\/en\/wp-json\/wp\/v2\/product_brand?post=447"},{"taxonomy":"product_cat","embeddable":true,"href":"https:\/\/ecologicosolar.com\/en\/wp-json\/wp\/v2\/product_cat?post=447"},{"taxonomy":"product_tag","embeddable":true,"href":"https:\/\/ecologicosolar.com\/en\/wp-json\/wp\/v2\/product_tag?post=447"}],"curies":[{"name":"wp","href":"https:\/\/api.w.org\/{rel}","templated":true}]}}