{"id":450,"date":"2023-05-09T16:46:12","date_gmt":"2023-05-09T22:46:12","guid":{"rendered":"https:\/\/ecologicosolar.com\/?post_type=product&#038;p=450"},"modified":"2023-08-06T22:30:29","modified_gmt":"2023-08-07T04:30:29","slug":"flipon-ac-automatico-ac-nxb-63-30-a-2p2t-chint","status":"publish","type":"product","link":"https:\/\/ecologicosolar.com\/en\/product\/flipon-ac-automatico-ac-nxb-63-30-a-2p2t-chint\/","title":{"rendered":"FP32A-  FLIPON AC NXB-63 32 A 2P2T CHINT"},"content":{"rendered":"<h1><strong>GRUPO CHINT<\/strong><\/h1>\n<p>Fundado en 1984, CHINT es un proveedor global, li\u0301der en soluciones de energi\u0301a inteligente, centrado principalmente en cuatro sectores: \u201cElectricidad Inteligente\u201d, \u201cEnergi\u0301as Verdes\u201d, \u201cAutomatizacio\u0301n y Control Industrial\u201d y \u201cHogares inteligentes\u201d, integrados entre si\u0301 en una cadena de &#8220;generacio\u0301n de energi\u0301a, almacenamiento, transmisio\u0301n, subestacio\u0301n, distribucio\u0301n, ventas y consumo&#8221;.<\/p>\n<p>Cuenta con una extensa red global que le permite desarrollar su actividad en ma\u0301s de 140 pai\u0301ses y regiones. En ella trabajan ma\u0301s de 30,000 empleados y consolida unas ventas anuales de ma\u0301s de 11.000 millones de do\u0301lares.<\/p>\n<p>El grupo CHINT ha permanecido entre las 500 principales empresas de China durante 18 an\u0303os consecutivos. Dentro del grupo, su filial, CHINT Electrics, es la primera compan\u0303i\u0301a en China en el mercado de baja tensio\u0301n cotizando en bolsa y le permite situarse entre las 50 principales compan\u0303i\u0301as cotizadas en Asia.<\/p>\n<p>Entre las principales marcas del Grupo Chint, dedicadas cada una de ellas a diferentes mercados o soluciones, cabe destacar Chint, Noark, Chint Power, Chint T&amp;D o Astronergy.<\/p>\n<p>&nbsp;<\/p>\n<div class=\"woocommerce-product-details__short-description\">\n<p>Los dispositivos NXB-63 de Chint son capaces de suspender el paso de la corriente el\u00e9ctrica en un circuito al detectar una sobre carga (parte t\u00e9rmica) o una sobretensi\u00f3n (parte magn\u00e9tica).<\/p>\n<\/div>\n<div class=\"product_meta\"><span class=\"posted_in\">Categor\u00eda\u00a0<a href=\"https:\/\/chintglobal.mx\/product-category\/baja-tension\/interruptor-tm-riel-din\/\" rel=\"tag\">Interruptor TM Riel DIN<\/a><\/span><\/div>","protected":false},"excerpt":{"rendered":"<p>FLIPON AUTOMATICO AC NXB-63 2P2T 32 A MARCA CHINT<\/p>\n<ul>\n<li><strong>Curva:<\/strong>C<\/li>\n<li><strong>Polos:<\/strong>2<\/li>\n<li><strong>Intensidad Nominal In (A):<\/strong>32<\/li>\n<li><strong>Tensi\u00f3n nominal (V):<\/strong>240<\/li>\n<li><strong>Corriente de Cortocircuito Icc (kA):<\/strong>6<\/li>\n<li><strong>Norma:<\/strong>IEC 60898-1<\/li>\n<li><strong>Vida \u00datil Mec\u00e1nica (Ciclos):<\/strong>20000<\/li>\n<li><strong>Vida \u00datil El\u00e9ctrica (Ciclos):<\/strong>10000<\/li>\n<\/ul>","protected":false},"featured_media":910,"template":"","meta":{"_coblocks_attr":"","_coblocks_dimensions":"","_coblocks_responsive_height":"","_coblocks_accordion_ie_support":"","_regular_price":["130"],"currency_symbol":[]},"pwb-brand":[],"product_brand":[],"product_cat":[26],"product_tag":[53],"class_list":{"0":"post-450","1":"product","2":"type-product","3":"status-publish","4":"has-post-thumbnail","6":"product_cat-accesorios","7":"product_tag-chint","9":"first","10":"instock","11":"shipping-taxable","12":"purchasable","13":"product-type-simple"},"post_slider_layout_featured_media_urls":{"thumbnail":["https:\/\/ecologicosolar.com\/wp-content\/uploads\/2023\/05\/CHINT-NXB-63-150x150.gif",150,150,true],"post_slider_layout_landscape_large":["https:\/\/ecologicosolar.com\/wp-content\/uploads\/2023\/05\/CHINT-NXB-63-1200x800.gif",1200,800,true],"post_slider_layout_portrait_large":["https:\/\/ecologicosolar.com\/wp-content\/uploads\/2023\/05\/CHINT-NXB-63-1200x1300.gif",1200,1300,true],"post_slider_layout_square_large":["https:\/\/ecologicosolar.com\/wp-content\/uploads\/2023\/05\/CHINT-NXB-63-1200x1200.gif",1200,1200,true],"post_slider_layout_landscape":["https:\/\/ecologicosolar.com\/wp-content\/uploads\/2023\/05\/CHINT-NXB-63-600x400.gif",600,400,true],"post_slider_layout_portrait":["https:\/\/ecologicosolar.com\/wp-content\/uploads\/2023\/05\/CHINT-NXB-63-600x900.gif",600,900,true],"post_slider_layout_square":["https:\/\/ecologicosolar.com\/wp-content\/uploads\/2023\/05\/CHINT-NXB-63-600x600.gif",600,600,true],"full":["https:\/\/ecologicosolar.com\/wp-content\/uploads\/2023\/05\/CHINT-NXB-63.gif",1300,1300,false]},"brands":[],"_links":{"self":[{"href":"https:\/\/ecologicosolar.com\/en\/wp-json\/wp\/v2\/product\/450","targetHints":{"allow":["GET"]}}],"collection":[{"href":"https:\/\/ecologicosolar.com\/en\/wp-json\/wp\/v2\/product"}],"about":[{"href":"https:\/\/ecologicosolar.com\/en\/wp-json\/wp\/v2\/types\/product"}],"wp:featuredmedia":[{"embeddable":true,"href":"https:\/\/ecologicosolar.com\/en\/wp-json\/wp\/v2\/media\/910"}],"wp:attachment":[{"href":"https:\/\/ecologicosolar.com\/en\/wp-json\/wp\/v2\/media?parent=450"}],"wp:term":[{"taxonomy":"pwb-brand","embeddable":true,"href":"https:\/\/ecologicosolar.com\/en\/wp-json\/wp\/v2\/pwb-brand?post=450"},{"taxonomy":"product_brand","embeddable":true,"href":"https:\/\/ecologicosolar.com\/en\/wp-json\/wp\/v2\/product_brand?post=450"},{"taxonomy":"product_cat","embeddable":true,"href":"https:\/\/ecologicosolar.com\/en\/wp-json\/wp\/v2\/product_cat?post=450"},{"taxonomy":"product_tag","embeddable":true,"href":"https:\/\/ecologicosolar.com\/en\/wp-json\/wp\/v2\/product_tag?post=450"}],"curies":[{"name":"wp","href":"https:\/\/api.w.org\/{rel}","templated":true}]}}