{"id":451,"date":"2023-05-09T16:50:25","date_gmt":"2023-05-09T22:50:25","guid":{"rendered":"https:\/\/ecologicosolar.com\/?post_type=product&#038;p=451"},"modified":"2023-08-06T22:32:59","modified_gmt":"2023-08-07T04:32:59","slug":"bateria-de-litio-growatt-life4po-48v-2-56kwh-growatt-ark-a1","status":"publish","type":"product","link":"https:\/\/ecologicosolar.com\/en\/product\/bateria-de-litio-growatt-life4po-48v-2-56kwh-growatt-ark-a1\/","title":{"rendered":"BATERIA DE LITIO GROWATT &#8211; Life4Po 48v 2.56kWh Growatt &#8211; ARK-A1"},"content":{"rendered":"<p><strong>BATER\u00cdA LFP DE RENDIMIENTO SUPERIOR<\/strong><\/p>\n<p>La familia ARK ofrece opciones de energ\u00eda flexibles para soluciones monof\u00e1sicas\/trif\u00e1sicas, h\u00edbridas\/ac acopladas y preparadas para bater\u00edas para diferentes escenarios, que adoptan la qu\u00edmica LiFePO4 libre de cobalto, junto con protecci\u00f3n de m\u00faltiples niveles de BMS e inversores para garantizar su extrema seguridad y confiabilidad. , excelente rendimiento y una larga vida \u00fatil.\u00a0Cuenta con un dise\u00f1o modular apilado y es liviano para que lo instale una sola persona para ahorrar tiempo y costos.<\/p>\n<p>CABLES DE CORRIENTE BATERIA GROWATTT<\/p>\n<p>NECESARIO PARA EL FUNCIONAMIENTO DE LAS\u00a0BATER\u00cdAS ARK 2.5L-A1<\/p>\n<p>PARA EL FUNCIONAMIENTO DE LA BATER\u00cdA ES NECESARIO ESTE CABLE YA QUE ES DE COMUNICACI\u00d3N Y DE FUERZA ENTRE EL INVERSOR MODELO SPF Y SPH Y LA BATERIA ARK.<\/p>\n<p>Final del formulario<\/p>\n<p>Growatt es una de las 10 mejores marcas de inversores del mundo seg\u00fan HIS Markit.\u00a0Con sus s\u00f3lidas ventajas competitivas en la energ\u00eda solar distribuida, la empresa es el proveedor de inversores residenciales n\u00famero 1 del mundo y tambi\u00e9n se encuentra entre los 5 principales proveedores de inversores comerciales del mundo.\u00a0La compa\u00f1\u00eda est\u00e1 dedicada a convertirse en el mayor proveedor mundial de soluciones de energ\u00eda inteligente.<\/p>\n<p>Cada sistema de bater\u00eda de alto voltaje ARK 2.5H requiere 1 juego de cables.\u00a0El juego de cables ARK 2.5H A1 (286182) se usa para las series SPH y SPA trif\u00e1sicas de Growatt, y el juego de cables ARK 2.5H A1 XH (286184) est\u00e1 hecho para la serie Growatt XH.<\/p>\n<p>Para un sistema de bater\u00eda completo, se requieren los siguientes elementos:<\/p>\n<ul>\n<li>286176 Growatt &#8211; M\u00f3dulo de bater\u00eda de alto voltaje ARK 2.5H A1<\/li>\n<li>286169 Growatt &#8211; Sistema de gesti\u00f3n de bater\u00eda ARK XH<\/li>\n<li>286183 Growatt -ARK 2.5H Base A1<\/li>\n<\/ul>","protected":false},"excerpt":{"rendered":"<p><img fetchpriority=\"high\" decoding=\"async\" class=\"alignnone size-medium wp-image-456\" src=\"https:\/\/ecologicosolar.com\/wp-content\/uploads\/2023\/05\/Bateria_Growatt_2.5kwh_48v_ecologico_solar3-300x225.jpg\" alt=\"\" width=\"300\" height=\"225\" srcset=\"https:\/\/ecologicosolar.com\/wp-content\/uploads\/2023\/05\/Bateria_Growatt_2.5kwh_48v_ecologico_solar3-300x225.jpg 300w, https:\/\/ecologicosolar.com\/wp-content\/uploads\/2023\/05\/Bateria_Growatt_2.5kwh_48v_ecologico_solar3-1024x768.jpg 1024w, https:\/\/ecologicosolar.com\/wp-content\/uploads\/2023\/05\/Bateria_Growatt_2.5kwh_48v_ecologico_solar3-768x576.jpg 768w, https:\/\/ecologicosolar.com\/wp-content\/uploads\/2023\/05\/Bateria_Growatt_2.5kwh_48v_ecologico_solar3-600x450.jpg 600w, https:\/\/ecologicosolar.com\/wp-content\/uploads\/2023\/05\/Bateria_Growatt_2.5kwh_48v_ecologico_solar3-100x75.jpg 100w, https:\/\/ecologicosolar.com\/wp-content\/uploads\/2023\/05\/Bateria_Growatt_2.5kwh_48v_ecologico_solar3.jpg 1215w\" sizes=\"(max-width: 300px) 100vw, 300px\" \/> <img decoding=\"async\" class=\"alignnone size-medium wp-image-457\" src=\"https:\/\/ecologicosolar.com\/wp-content\/uploads\/2023\/05\/Bateria_Growatt_2.5kwh_48v_ecologico_solar1-300x225.jpg\" alt=\"\" width=\"300\" height=\"225\" srcset=\"https:\/\/ecologicosolar.com\/wp-content\/uploads\/2023\/05\/Bateria_Growatt_2.5kwh_48v_ecologico_solar1-300x225.jpg 300w, https:\/\/ecologicosolar.com\/wp-content\/uploads\/2023\/05\/Bateria_Growatt_2.5kwh_48v_ecologico_solar1-1024x768.jpg 1024w, https:\/\/ecologicosolar.com\/wp-content\/uploads\/2023\/05\/Bateria_Growatt_2.5kwh_48v_ecologico_solar1-768x576.jpg 768w, https:\/\/ecologicosolar.com\/wp-content\/uploads\/2023\/05\/Bateria_Growatt_2.5kwh_48v_ecologico_solar1-600x450.jpg 600w, https:\/\/ecologicosolar.com\/wp-content\/uploads\/2023\/05\/Bateria_Growatt_2.5kwh_48v_ecologico_solar1-100x75.jpg 100w, https:\/\/ecologicosolar.com\/wp-content\/uploads\/2023\/05\/Bateria_Growatt_2.5kwh_48v_ecologico_solar1.jpg 1215w\" sizes=\"(max-width: 300px) 100vw, 300px\" \/><\/p>","protected":false},"featured_media":911,"template":"","meta":{"_coblocks_attr":"","_coblocks_dimensions":"","_coblocks_responsive_height":"","_coblocks_accordion_ie_support":"","_regular_price":["14610"],"currency_symbol":[]},"pwb-brand":[],"product_brand":[],"product_cat":[40],"product_tag":[15],"class_list":{"0":"post-451","1":"product","2":"type-product","3":"status-publish","4":"has-post-thumbnail","6":"product_cat-uncategorized","7":"product_tag-growatt","9":"first","10":"onbackorder","11":"sale","12":"shipping-taxable","13":"purchasable","14":"product-type-simple"},"post_slider_layout_featured_media_urls":{"thumbnail":["https:\/\/ecologicosolar.com\/wp-content\/uploads\/2023\/05\/9.-Bateria_growatt_diseno_modelo_paneles-150x150.jpg",150,150,true],"post_slider_layout_landscape_large":["https:\/\/ecologicosolar.com\/wp-content\/uploads\/2023\/05\/9.-Bateria_growatt_diseno_modelo_paneles-1200x800.jpg",1200,800,true],"post_slider_layout_portrait_large":["https:\/\/ecologicosolar.com\/wp-content\/uploads\/2023\/05\/9.-Bateria_growatt_diseno_modelo_paneles-1200x1300.jpg",1200,1300,true],"post_slider_layout_square_large":["https:\/\/ecologicosolar.com\/wp-content\/uploads\/2023\/05\/9.-Bateria_growatt_diseno_modelo_paneles-1200x1200.jpg",1200,1200,true],"post_slider_layout_landscape":["https:\/\/ecologicosolar.com\/wp-content\/uploads\/2023\/05\/9.-Bateria_growatt_diseno_modelo_paneles-600x400.jpg",600,400,true],"post_slider_layout_portrait":["https:\/\/ecologicosolar.com\/wp-content\/uploads\/2023\/05\/9.-Bateria_growatt_diseno_modelo_paneles-600x900.jpg",600,900,true],"post_slider_layout_square":["https:\/\/ecologicosolar.com\/wp-content\/uploads\/2023\/05\/9.-Bateria_growatt_diseno_modelo_paneles-600x600.jpg",600,600,true],"full":["https:\/\/ecologicosolar.com\/wp-content\/uploads\/2023\/05\/9.-Bateria_growatt_diseno_modelo_paneles.jpg",1300,1300,false]},"brands":[],"_links":{"self":[{"href":"https:\/\/ecologicosolar.com\/en\/wp-json\/wp\/v2\/product\/451","targetHints":{"allow":["GET"]}}],"collection":[{"href":"https:\/\/ecologicosolar.com\/en\/wp-json\/wp\/v2\/product"}],"about":[{"href":"https:\/\/ecologicosolar.com\/en\/wp-json\/wp\/v2\/types\/product"}],"wp:featuredmedia":[{"embeddable":true,"href":"https:\/\/ecologicosolar.com\/en\/wp-json\/wp\/v2\/media\/911"}],"wp:attachment":[{"href":"https:\/\/ecologicosolar.com\/en\/wp-json\/wp\/v2\/media?parent=451"}],"wp:term":[{"taxonomy":"pwb-brand","embeddable":true,"href":"https:\/\/ecologicosolar.com\/en\/wp-json\/wp\/v2\/pwb-brand?post=451"},{"taxonomy":"product_brand","embeddable":true,"href":"https:\/\/ecologicosolar.com\/en\/wp-json\/wp\/v2\/product_brand?post=451"},{"taxonomy":"product_cat","embeddable":true,"href":"https:\/\/ecologicosolar.com\/en\/wp-json\/wp\/v2\/product_cat?post=451"},{"taxonomy":"product_tag","embeddable":true,"href":"https:\/\/ecologicosolar.com\/en\/wp-json\/wp\/v2\/product_tag?post=451"}],"curies":[{"name":"wp","href":"https:\/\/api.w.org\/{rel}","templated":true}]}}