{"id":458,"date":"2023-05-10T10:57:38","date_gmt":"2023-05-10T16:57:38","guid":{"rendered":"https:\/\/ecologicosolar.com\/?post_type=product&#038;p=458"},"modified":"2023-09-04T09:30:56","modified_gmt":"2023-09-04T15:30:56","slug":"ssigi-12v-bateria-acido-plomo-12v-120ah-20hr-trojan","status":"publish","type":"product","link":"https:\/\/ecologicosolar.com\/en\/product\/ssigi-12v-bateria-acido-plomo-12v-120ah-20hr-trojan\/","title":{"rendered":"SSIGI 12V &#8211; BATERIA ACIDO PLOMO 12V 120AH 20hr TROJAN"},"content":{"rendered":"<p>BATERIA\u00a0 12V 120 Ah EDICION SOLAR<\/p>\n<p>La bater\u00eda inundada de ciclo profundo Trojan SSIG 12 120 de 12 V con tapa de bayoneta ofrece el alto rendimiento que requieren sus aplicaciones solares. Optimizado para energ\u00eda renovable, est\u00e1 dise\u00f1ado para ofrecer el m\u00e1ximo rendimiento sostenido, una vida \u00fatil prolongada y mayor energ\u00eda, y es ideal para entornos fuera de la red, conectados a la red y con redes inestables.<\/p>\n<p>&nbsp;<\/p>\n<p>&nbsp;<\/p>\n<p>&nbsp;<\/p>\n<table width=\"451\">\n<tbody>\n<tr>\n<td width=\"240\">ENERG\u00cdA (kW)<\/td>\n<td width=\"211\">1.44<\/td>\n<\/tr>\n<tr>\n<td width=\"240\">PESO Libras o (KG)<\/td>\n<td width=\"211\">55(25)<\/td>\n<\/tr>\n<tr>\n<td width=\"240\">CAPACIDAD AMPERIOS-HORA<\/td>\n<td width=\"211\">Tasa de 10 horas \/ 99 Tasa de 20 horas \/ 107 Tasa de 48 horas \/ 111 Tasa de 72 horas \/ 116 Tasa de 100 horas \/ 120<\/td>\n<\/tr>\n<tr>\n<td width=\"240\">DIMENSIONES EN PULGADAS(mm)<\/td>\n<td width=\"211\">Largo\/326 (12,84) Ancho\/168 (6,60) Alto\/247 (9,74)<\/td>\n<\/tr>\n<tr>\n<td width=\"240\">TEMPERATURA DE FUNCIONAMIENTO<\/td>\n<td width=\"211\">-4 \u00b0F a 113 \u00b0F (-20 \u00b0C a +45 \u00b0C)<\/td>\n<\/tr>\n<\/tbody>\n<\/table>\n<p>&nbsp;<\/p>\n<p>CARACTER\u00cdSTICAS Y BENEFICIOS<\/p>\n<ul>\n<li>Dise\u00f1ado para soportar las condiciones rigurosas de las aplicaciones de energ\u00eda renovable.<\/li>\n<li>Alpha Plus\u00ae Paste con tecnolog\u00eda T2\u2122 maximiza el rendimiento sostenido y aumenta la energ\u00eda total.<\/li>\n<li>La adhesi\u00f3n estructural excepcional mejora el flujo de corriente y reduce el tiempo de inactividad y los costos de mantenimiento.<\/li>\n<li>El separador Maxguard\u00ae T2 optimiza el desarrollo de la porosidad en el material activo para mantener la bater\u00eda durante per\u00edodos m\u00e1s prolongados.<\/li>\n<li>Los parallamas m\u00e1ximos brindan la m\u00e1xima seguridad al evitar que las chispas enciendan el hidr\u00f3geno en la celda de la bater\u00eda.<\/li>\n<li>La carcasa premium protege contra da\u00f1os causados \u200b\u200bpor condiciones adversas.<\/li>\n<li>99% reciclable<\/li>\n<\/ul>\n<p>&nbsp;<\/p>\n<p>TERMINAL:<\/p>\n<p>&nbsp;<\/p>\n<p><img fetchpriority=\"high\" decoding=\"async\" class=\"alignnone size-medium wp-image-459\" src=\"https:\/\/ecologicosolar.com\/wp-content\/uploads\/2023\/05\/TERMINAL-SSIG-300x270.png\" alt=\"\" width=\"300\" height=\"270\" srcset=\"https:\/\/ecologicosolar.com\/wp-content\/uploads\/2023\/05\/TERMINAL-SSIG-300x270.png 300w, https:\/\/ecologicosolar.com\/wp-content\/uploads\/2023\/05\/TERMINAL-SSIG-100x90.png 100w, https:\/\/ecologicosolar.com\/wp-content\/uploads\/2023\/05\/TERMINAL-SSIG.png 414w\" sizes=\"(max-width: 300px) 100vw, 300px\" \/><\/p>","protected":false},"excerpt":{"rendered":"<table width=\"451\">\n<tbody>\n<tr>\n<td width=\"240\">ENERG\u00cdA (kW)<\/td>\n<td width=\"211\">1.44<\/td>\n<\/tr>\n<tr>\n<td width=\"240\">PESO Libras o (KG)<\/td>\n<td width=\"211\">55(25)<\/td>\n<\/tr>\n<tr>\n<td width=\"240\">CAPACIDAD AMPERIOS-HORA<\/td>\n<td width=\"211\">Tasa de 10 horas \/ 99 Tasa de 20 horas \/ 107 Tasa de 48 horas \/ 111 Tasa de 72 horas \/ 116 Tasa de 100 horas \/ 120<\/td>\n<\/tr>\n<tr>\n<td width=\"240\">DIMENSIONES EN PULGADAS(mm)<\/td>\n<td width=\"211\">Largo\/326 (12,84) Ancho\/168 (6,60) Alto\/247 (9,74)<\/td>\n<\/tr>\n<tr>\n<td width=\"240\">TEMPERATURA DE FUNCIONAMIENTO<\/td>\n<td width=\"211\">-4 \u00b0F a 113 \u00b0F (-20 \u00b0C a +45 \u00b0C)<\/td>\n<\/tr>\n<\/tbody>\n<\/table>","protected":false},"featured_media":460,"template":"","meta":{"_coblocks_attr":"","_coblocks_dimensions":"","_coblocks_responsive_height":"","_coblocks_accordion_ie_support":"","_regular_price":["2250"],"currency_symbol":[]},"pwb-brand":[],"product_brand":[],"product_cat":[40],"product_tag":[41],"class_list":{"0":"post-458","1":"product","2":"type-product","3":"status-publish","4":"has-post-thumbnail","6":"product_cat-uncategorized","7":"product_tag-trojan","9":"first","10":"outofstock","11":"shipping-taxable","12":"purchasable","13":"product-type-simple"},"post_slider_layout_featured_media_urls":{"thumbnail":["https:\/\/ecologicosolar.com\/wp-content\/uploads\/2023\/05\/Bateria_Trojan_120ah_ecologico_solar1-150x150.jpg",150,150,true],"post_slider_layout_landscape_large":["https:\/\/ecologicosolar.com\/wp-content\/uploads\/2023\/05\/Bateria_Trojan_120ah_ecologico_solar1-1200x800.jpg",1200,800,true],"post_slider_layout_portrait_large":["https:\/\/ecologicosolar.com\/wp-content\/uploads\/2023\/05\/Bateria_Trojan_120ah_ecologico_solar1-1200x1800.jpg",1200,1800,true],"post_slider_layout_square_large":["https:\/\/ecologicosolar.com\/wp-content\/uploads\/2023\/05\/Bateria_Trojan_120ah_ecologico_solar1-1200x1200.jpg",1200,1200,true],"post_slider_layout_landscape":["https:\/\/ecologicosolar.com\/wp-content\/uploads\/2023\/05\/Bateria_Trojan_120ah_ecologico_solar1-600x400.jpg",600,400,true],"post_slider_layout_portrait":["https:\/\/ecologicosolar.com\/wp-content\/uploads\/2023\/05\/Bateria_Trojan_120ah_ecologico_solar1-600x900.jpg",600,900,true],"post_slider_layout_square":["https:\/\/ecologicosolar.com\/wp-content\/uploads\/2023\/05\/Bateria_Trojan_120ah_ecologico_solar1-600x600.jpg",600,600,true],"full":["https:\/\/ecologicosolar.com\/wp-content\/uploads\/2023\/05\/Bateria_Trojan_120ah_ecologico_solar1-scaled.jpg",2560,1920,false]},"brands":[],"_links":{"self":[{"href":"https:\/\/ecologicosolar.com\/en\/wp-json\/wp\/v2\/product\/458","targetHints":{"allow":["GET"]}}],"collection":[{"href":"https:\/\/ecologicosolar.com\/en\/wp-json\/wp\/v2\/product"}],"about":[{"href":"https:\/\/ecologicosolar.com\/en\/wp-json\/wp\/v2\/types\/product"}],"wp:featuredmedia":[{"embeddable":true,"href":"https:\/\/ecologicosolar.com\/en\/wp-json\/wp\/v2\/media\/460"}],"wp:attachment":[{"href":"https:\/\/ecologicosolar.com\/en\/wp-json\/wp\/v2\/media?parent=458"}],"wp:term":[{"taxonomy":"pwb-brand","embeddable":true,"href":"https:\/\/ecologicosolar.com\/en\/wp-json\/wp\/v2\/pwb-brand?post=458"},{"taxonomy":"product_brand","embeddable":true,"href":"https:\/\/ecologicosolar.com\/en\/wp-json\/wp\/v2\/product_brand?post=458"},{"taxonomy":"product_cat","embeddable":true,"href":"https:\/\/ecologicosolar.com\/en\/wp-json\/wp\/v2\/product_cat?post=458"},{"taxonomy":"product_tag","embeddable":true,"href":"https:\/\/ecologicosolar.com\/en\/wp-json\/wp\/v2\/product_tag?post=458"}],"curies":[{"name":"wp","href":"https:\/\/api.w.org\/{rel}","templated":true}]}}