{"id":461,"date":"2023-05-10T10:59:21","date_gmt":"2023-05-10T16:59:21","guid":{"rendered":"https:\/\/ecologicosolar.com\/?post_type=product&#038;p=461"},"modified":"2024-08-28T01:30:04","modified_gmt":"2024-08-28T07:30:04","slug":"ssig225-bateria-acido-plomo-6v-225ah-20hr-trojan","status":"publish","type":"product","link":"https:\/\/ecologicosolar.com\/en\/product\/ssig225-bateria-acido-plomo-6v-225ah-20hr-trojan\/","title":{"rendered":"SSIG225 &#8211; BATERIA ACIDO PLOMO 6V 225AH 20hr TROJAN"},"content":{"rendered":"<p>SSIG 06 255 A (6 V, 229Ah)<\/p>\n<p>&nbsp;<\/p>\n<p>La bater\u00eda SSIG 06 255 de Trojan ofrece un rendimiento excepcional d\u00eda tras d\u00eda. La l\u00ednea Solar Signature de bater\u00edas inundadas de ciclo profundo incorpora caracter\u00edsticas avanzadas, como el separador MaxGuard\u2122 T2 de Trojan y la pasta Alpha Plus\u00ae con tecnolog\u00eda T2\u2122. Juntas, ambas tecnolog\u00edas patentadas aumentan la capacidad sostenida y el total de amperios-hora, lo que da como resultado m\u00e1s energ\u00eda operativa para aplicaciones solares.<\/p>\n<p>&nbsp;<\/p>\n<p>&nbsp;<\/p>\n<p>&nbsp;<\/p>\n<table width=\"407\">\n<tbody>\n<tr>\n<td width=\"232\">ENERG\u00cdA (kW)<\/td>\n<td width=\"175\">1.53<\/td>\n<\/tr>\n<tr>\n<td width=\"232\">PESO Libras o (KG)<\/td>\n<td width=\"175\">62(28)<\/td>\n<\/tr>\n<tr>\n<td width=\"232\">CAPACIDAD AMPERIOS-HORA<\/td>\n<td width=\"175\">Tarifa de 10 horas \/ 211 Tarifa de 20 horas \/ 229 Tarifa de 48 horas \/ 237 Tarifa de 72 horas \/ 247 Tarifa de 100 horas \/ 255<\/td>\n<\/tr>\n<tr>\n<td width=\"232\">DIMENSIONES EN PULGADAS(mm)<\/td>\n<td width=\"175\">Largo \/ 10,30 (262) Ancho \/ 7,13 (181) Alto \/ 10,74 (273)<\/td>\n<\/tr>\n<tr>\n<td width=\"232\">TEMPERATURA DE FUNCIONAMIENTO<\/td>\n<td width=\"175\">-4 \u00b0F a 113 \u00b0F (-20 \u00b0C a +45 \u00b0C)<\/td>\n<\/tr>\n<\/tbody>\n<\/table>\n<p>&nbsp;<\/p>\n<p>CARACTER\u00cdSTICAS Y BENEFICIOS<\/p>\n<ul>\n<li>Formulaci\u00f3n de pasta Maxguard\u00ae XL Separator y Alpha Plus\u00ae para una vida \u00fatil prolongada, un rendimiento l\u00edder en la industria y menores costos generales de mantenimiento.<\/li>\n<li>El dise\u00f1o de carcasa ultrarresistente Polyon\u2122 protege contra da\u00f1os causados \u200b\u200bpor condiciones ambientales adversas y protege contra posibles fugas de \u00e1cido.<\/li>\n<li>Formulaci\u00f3n de pasta optimizada para operaci\u00f3n de ciclo profundo<\/li>\n<li>Parallamas<\/li>\n<li>Resistente a golpes y vibraciones<\/li>\n<li>Instalaciones horizontales y verticales<\/li>\n<li>No se requiere riego para una experiencia no derramable.<\/li>\n<li>Menos del 3 % de autodescarga al mes<\/li>\n<li>99% reciclable<\/li>\n<\/ul>\n<p>&nbsp;<\/p>\n<p>TERMINAL:<\/p>\n<p><img fetchpriority=\"high\" decoding=\"async\" class=\"alignnone size-medium wp-image-462\" src=\"https:\/\/ecologicosolar.com\/wp-content\/uploads\/2023\/05\/terminal2-292x300.png\" alt=\"\" width=\"292\" height=\"300\" srcset=\"https:\/\/ecologicosolar.com\/wp-content\/uploads\/2023\/05\/terminal2-292x300.png 292w, https:\/\/ecologicosolar.com\/wp-content\/uploads\/2023\/05\/terminal2-100x103.png 100w, https:\/\/ecologicosolar.com\/wp-content\/uploads\/2023\/05\/terminal2.png 397w\" sizes=\"(max-width: 292px) 100vw, 292px\" \/><\/p>","protected":false},"excerpt":{"rendered":"<table width=\"407\">\n<tbody>\n<tr>\n<td width=\"232\">ENERG\u00cdA (kW)<\/td>\n<td width=\"175\">1.53<\/td>\n<\/tr>\n<tr>\n<td width=\"232\">PESO Libras o (KG)<\/td>\n<td width=\"175\">62(28)<\/td>\n<\/tr>\n<tr>\n<td width=\"232\">CAPACIDAD AMPERIOS-HORA<\/td>\n<td width=\"175\">Tarifa de 10 horas \/ 211 Tarifa de 20 horas \/ 229 Tarifa de 48 horas \/ 237 Tarifa de 72 horas \/ 247 Tarifa de 100 horas \/ 255<\/td>\n<\/tr>\n<tr>\n<td width=\"232\">DIMENSIONES EN PULGADAS(mm)<\/td>\n<td width=\"175\">Largo \/ 10,30 (262) Ancho \/ 7,13 (181) Alto \/ 10,74 (273)<\/td>\n<\/tr>\n<tr>\n<td width=\"232\">TEMPERATURA DE FUNCIONAMIENTO<\/td>\n<td width=\"175\">-4 \u00b0F a 113 \u00b0F (-20 \u00b0C a +45 \u00b0C)<\/td>\n<\/tr>\n<\/tbody>\n<\/table>\n<p>&nbsp;<\/p>","protected":false},"featured_media":465,"template":"","meta":{"_coblocks_attr":"","_coblocks_dimensions":"","_coblocks_responsive_height":"","_coblocks_accordion_ie_support":"","_regular_price":["2070"],"currency_symbol":[]},"pwb-brand":[],"product_brand":[],"product_cat":[40],"product_tag":[41],"class_list":{"0":"post-461","1":"product","2":"type-product","3":"status-publish","4":"has-post-thumbnail","6":"product_cat-uncategorized","7":"product_tag-trojan","9":"first","10":"instock","11":"shipping-taxable","12":"purchasable","13":"product-type-simple"},"post_slider_layout_featured_media_urls":{"thumbnail":["https:\/\/ecologicosolar.com\/wp-content\/uploads\/2023\/05\/Bateria_Trojan_225ah_ecologico_solar1-150x150.jpg",150,150,true],"post_slider_layout_landscape_large":["https:\/\/ecologicosolar.com\/wp-content\/uploads\/2023\/05\/Bateria_Trojan_225ah_ecologico_solar1-1200x800.jpg",1200,800,true],"post_slider_layout_portrait_large":["https:\/\/ecologicosolar.com\/wp-content\/uploads\/2023\/05\/Bateria_Trojan_225ah_ecologico_solar1-1200x1800.jpg",1200,1800,true],"post_slider_layout_square_large":["https:\/\/ecologicosolar.com\/wp-content\/uploads\/2023\/05\/Bateria_Trojan_225ah_ecologico_solar1-1200x1200.jpg",1200,1200,true],"post_slider_layout_landscape":["https:\/\/ecologicosolar.com\/wp-content\/uploads\/2023\/05\/Bateria_Trojan_225ah_ecologico_solar1-600x400.jpg",600,400,true],"post_slider_layout_portrait":["https:\/\/ecologicosolar.com\/wp-content\/uploads\/2023\/05\/Bateria_Trojan_225ah_ecologico_solar1-600x900.jpg",600,900,true],"post_slider_layout_square":["https:\/\/ecologicosolar.com\/wp-content\/uploads\/2023\/05\/Bateria_Trojan_225ah_ecologico_solar1-600x600.jpg",600,600,true],"full":["https:\/\/ecologicosolar.com\/wp-content\/uploads\/2023\/05\/Bateria_Trojan_225ah_ecologico_solar1-scaled.jpg",2560,1920,false]},"brands":[],"_links":{"self":[{"href":"https:\/\/ecologicosolar.com\/en\/wp-json\/wp\/v2\/product\/461","targetHints":{"allow":["GET"]}}],"collection":[{"href":"https:\/\/ecologicosolar.com\/en\/wp-json\/wp\/v2\/product"}],"about":[{"href":"https:\/\/ecologicosolar.com\/en\/wp-json\/wp\/v2\/types\/product"}],"wp:featuredmedia":[{"embeddable":true,"href":"https:\/\/ecologicosolar.com\/en\/wp-json\/wp\/v2\/media\/465"}],"wp:attachment":[{"href":"https:\/\/ecologicosolar.com\/en\/wp-json\/wp\/v2\/media?parent=461"}],"wp:term":[{"taxonomy":"pwb-brand","embeddable":true,"href":"https:\/\/ecologicosolar.com\/en\/wp-json\/wp\/v2\/pwb-brand?post=461"},{"taxonomy":"product_brand","embeddable":true,"href":"https:\/\/ecologicosolar.com\/en\/wp-json\/wp\/v2\/product_brand?post=461"},{"taxonomy":"product_cat","embeddable":true,"href":"https:\/\/ecologicosolar.com\/en\/wp-json\/wp\/v2\/product_cat?post=461"},{"taxonomy":"product_tag","embeddable":true,"href":"https:\/\/ecologicosolar.com\/en\/wp-json\/wp\/v2\/product_tag?post=461"}],"curies":[{"name":"wp","href":"https:\/\/api.w.org\/{rel}","templated":true}]}}