{"id":463,"date":"2023-05-10T11:25:05","date_gmt":"2023-05-10T17:25:05","guid":{"rendered":"https:\/\/ecologicosolar.com\/?post_type=product&#038;p=463"},"modified":"2023-08-06T12:02:52","modified_gmt":"2023-08-06T18:02:52","slug":"ege12v100ah-bateria-eco-green-energy-12v-100ah","status":"publish","type":"product","link":"https:\/\/ecologicosolar.com\/en\/product\/ege12v100ah-bateria-eco-green-energy-12v-100ah\/","title":{"rendered":"EGE12V100AH &#8211; BATERIA ECO GREEN ENERGY 12V 100AH"},"content":{"rendered":"<p>BATERIA ECO GREEN GEL 100Ah 10hr 12V<\/p>\n<p><strong>Eco Green Energy Ltd. (EGE) es una empresa francesa l\u00edder en alta tecnolog\u00eda con 15 a\u00f1os de experiencia en la industria solar a nivel mundial. Nuestras principales l\u00edneas de productos son m\u00f3dulos fotovoltaicos producidos en policristalinos y monocristalinos, nuestros m\u00f3dulos cuentan con celdas de primer nivel de hasta tama\u00f1o M12 y tecnolog\u00eda de celdas 12BB, lo que nos permite proporcionar salidas de potencia de hasta 605 W, 21,40 % de eficiencia, garantizar una larga vida \u00fatil con 25 a\u00f1os de garant\u00eda de salida de potencia y 12 a\u00f1os de garant\u00eda de producto.<\/strong><\/p>\n<p><strong>Desde su creaci\u00f3n en 2008, Eco Green Energy ha logrado importantes logros en t\u00e9rminos de distribuci\u00f3n internacional, certificaci\u00f3n avanzada de productos, innovaci\u00f3n en marketing, gesti\u00f3n de cuentas y seguimiento postventa, con el fin de satisfacer a todos sus socios y ampliar su canal de distribuci\u00f3n.<\/strong><\/p>\n<p><strong>Junto con la investigaci\u00f3n, el desarrollo, la producci\u00f3n y las ventas de m\u00f3dulos fotovoltaicos, EGE se enfoca en soluciones de almacenamiento de energ\u00eda (bater\u00edas de gel\/litio, inversores, inversores h\u00edbridos, controladores) y sistemas inteligentes con hasta 2 a\u00f1os de garant\u00eda del producto para lograr un alto rendimiento sobresaliente incluso en Ambientes hostiles.<\/strong><\/p>\n<p><strong>Nuestra gama de productos de confianza sigue los estrictos est\u00e1ndares ISO 9001:2015 y cumple con las normas IEC 61730 y 61215, CE Mark, TUV, UL y otras certificaciones a nivel mundial (Fide, In Metro\u2026 etc.).<\/strong><\/p>\n<p>&nbsp;<\/p>\n<p><strong>La bater\u00eda Eco Green Energy 12V 120 Ah de GEL<\/strong>\u00a0, es una buena opci\u00f3n para las necesidades de energ\u00eda de reserva o diarias.<\/p>\n<p>La bater\u00eda est\u00e1 compuesta por:<\/p>\n<ul>\n<li>Placa de electrodo positivo<\/li>\n<li>Placa de electrodo negativo<\/li>\n<li>Membrana<\/li>\n<li>Electrolito<\/li>\n<li>V\u00e1lvulas de seguridad,<\/li>\n<li>Caja de bater\u00eda<\/li>\n<li><\/li>\n<\/ul>\n<p>La gama de modelos GEL ofrece la mejor descarga de durabilidad de ciclo profundo y vida \u00fatil.<\/p>\n<p>Todas las bater\u00edas Eco Green Energy GEL cumplen con la certificaci\u00f3n CE y UL y tienen una garant\u00eda de 2 a\u00f1os. Nuestras bater\u00edas Eco Green Energy GEL se utilizan con frecuencia y son adecuadas para sistemas fuera de la red y luces de carretera solares.<\/p>\n<p><a href=\"https:\/\/www.eco-greenenergy.com\/es\/project\/proyecto-en-honduras-con-modulos-solares-eos-400w\/\">Click Aqu\u00ed<\/a>\u00a0para ver fotos de nuestras bater\u00edas instaladas por nuestros distribuidores en Honduras.<\/p>\n<p><strong><em>APLICACI\u00d3N:<\/em><\/strong><\/p>\n<ul>\n<li>Sistema dom\u00e9stico de energ\u00eda solar (energ\u00eda e\u00f3lica)<\/li>\n<li>Plantas de energ\u00eda fuera de la red<\/li>\n<li>Comunicaciones de energ\u00eda solar<\/li>\n<li>L\u00e1mparas de energ\u00eda solar<\/li>\n<li>Sistemas de almacenamiento de energ\u00eda no estacionarios<\/li>\n<li>Sem\u00e1foros solares<\/li>\n<li>Sistemas de construcci\u00f3n solar<\/li>\n<\/ul>\n<p><strong><em>CARACTER\u00cdSTICAS GENERALES:<\/em><\/strong><\/p>\n<ul>\n<li>Amigable con el medio ambiente<\/li>\n<li>Larga vida \u00fatil en c\u00edclico<\/li>\n<li>Resistencia interna m\u00e1s baja<\/li>\n<li>Alta confiabilidad y buena calidad.<\/li>\n<li>Est\u00e1ndar internacional, JIS y DIN<\/li>\n<li>Densidad de alta potencia<\/li>\n<li>Rejillas de aleaci\u00f3n de plomo-esta\u00f1o-calcio para una larga vida \u00fatil<\/li>\n<li>Placas pegadas gruesas con alta calidad.<\/li>\n<\/ul>\n<p>&nbsp;<\/p>\n<table width=\"328\">\n<tbody>\n<tr>\n<td colspan=\"2\" width=\"328\">PARAMETROS GENERALES<\/td>\n<\/tr>\n<tr>\n<td width=\"171\">VOLTAJE NOMINAL<\/td>\n<td width=\"157\">12 V<\/td>\n<\/tr>\n<tr>\n<td width=\"171\">CAPACINAD NOMINAL<\/td>\n<td width=\"157\">120Ah(10 horas, 1.80 V\/Celda, 25 \u00b0C)<\/td>\n<\/tr>\n<tr>\n<td width=\"171\">PESO<\/td>\n<td width=\"157\">33kg\u00b13%<\/td>\n<\/tr>\n<tr>\n<td width=\"171\">RESISTENCIA<\/td>\n<td width=\"157\">\u22644.9m\u03a9<\/td>\n<\/tr>\n<tr>\n<td width=\"171\">TERMINAL<\/td>\n<td width=\"157\">Cobre<\/td>\n<\/tr>\n<tr>\n<td width=\"171\">CORRIENTE A MAXIMA CARGA<\/td>\n<td width=\"157\">30A<\/td>\n<\/tr>\n<tr>\n<td width=\"171\">RANGO DE TEMPERATURA DE OPERACI\u00d3N<\/td>\n<td width=\"157\">-25~50 \u00b0C<\/td>\n<\/tr>\n<tr>\n<td width=\"171\">DIMENSION<\/td>\n<td width=\"157\">407*174*210 mm<\/td>\n<\/tr>\n<tr>\n<td width=\"171\">MATERIAL DE LA TAPA<\/td>\n<td width=\"157\">ABS<\/td>\n<\/tr>\n<\/tbody>\n<\/table>\n<p>&nbsp;<\/p>","protected":false},"excerpt":{"rendered":"<p><strong><em>APLICACI\u00d3N:<\/em><\/strong><\/p>\n<ul>\n<li>Sistema dom\u00e9stico de energ\u00eda solar (energ\u00eda e\u00f3lica)<\/li>\n<li>Plantas de energ\u00eda fuera de la red<\/li>\n<li>Comunicaciones de energ\u00eda solar<\/li>\n<li>L\u00e1mparas de energ\u00eda solar<\/li>\n<li>Sistemas de almacenamiento de energ\u00eda no estacionarios<\/li>\n<li>Sem\u00e1foros solares<\/li>\n<li>Sistemas de construcci\u00f3n solar<\/li>\n<\/ul>\n<p><strong><em>CARACTER\u00cdSTICAS GENERALES:<\/em><\/strong><\/p>\n<ul>\n<li>Amigable con el medio ambiente<\/li>\n<li>Larga vida \u00fatil en c\u00edclico<\/li>\n<li>Resistencia interna m\u00e1s baja<\/li>\n<li>Alta confiabilidad y buena calidad.<\/li>\n<li>Est\u00e1ndar internacional, JIS y DIN<\/li>\n<li>Densidad de alta potencia<\/li>\n<li>Rejillas de aleaci\u00f3n de plomo-esta\u00f1o-calcio para una larga vida \u00fatil<\/li>\n<li>Placas pegadas gruesas con alta calidad.<\/li>\n<\/ul>\n<p>&nbsp;<\/p>\n<table width=\"328\">\n<tbody>\n<tr>\n<td colspan=\"2\" width=\"328\">PARAMETROS GENERALES<\/td>\n<\/tr>\n<tr>\n<td width=\"171\">VOLTAJE NOMINAL<\/td>\n<td width=\"157\">12 V<\/td>\n<\/tr>\n<tr>\n<td width=\"171\">CAPACINAD NOMINAL<\/td>\n<td width=\"157\">120Ah(10 horas, 1.80 V\/Celda, 25 \u00b0C)<\/td>\n<\/tr>\n<tr>\n<td width=\"171\">PESO<\/td>\n<td width=\"157\">33kg\u00b13%<\/td>\n<\/tr>\n<tr>\n<td width=\"171\">RESISTENCIA<\/td>\n<td width=\"157\">\u22644.9m\u03a9<\/td>\n<\/tr>\n<tr>\n<td width=\"171\">TERMINAL<\/td>\n<td width=\"157\">Cobre<\/td>\n<\/tr>\n<tr>\n<td width=\"171\">CORRIENTE A MAXIMA CARGA<\/td>\n<td width=\"157\">30A<\/td>\n<\/tr>\n<tr>\n<td width=\"171\">RANGO DE TEMPERATURA DE OPERACI\u00d3N<\/td>\n<td width=\"157\">-25~50 \u00b0C<\/td>\n<\/tr>\n<tr>\n<td width=\"171\">DIMENSION<\/td>\n<td width=\"157\">407*174*210 mm<\/td>\n<\/tr>\n<tr>\n<td width=\"171\">MATERIAL DE LA TAPA<\/td>\n<td width=\"157\">ABS<\/td>\n<\/tr>\n<\/tbody>\n<\/table>\n<p>&nbsp;<\/p>","protected":false},"featured_media":464,"template":"","meta":{"_coblocks_attr":"","_coblocks_dimensions":"","_coblocks_responsive_height":"","_coblocks_accordion_ie_support":"","_regular_price":["2000"],"currency_symbol":[]},"pwb-brand":[],"product_brand":[],"product_cat":[42],"product_tag":[43],"class_list":{"0":"post-463","1":"product","2":"type-product","3":"status-publish","4":"has-post-thumbnail","6":"product_cat-bateria","7":"product_tag-ecogreenenergy","9":"first","10":"instock","11":"shipping-taxable","12":"purchasable","13":"product-type-simple"},"post_slider_layout_featured_media_urls":{"thumbnail":["https:\/\/ecologicosolar.com\/wp-content\/uploads\/2023\/05\/WhatsApp-Image-2023-05-10-at-11.20.53-AM-150x150.jpeg",150,150,true],"post_slider_layout_landscape_large":["https:\/\/ecologicosolar.com\/wp-content\/uploads\/2023\/05\/WhatsApp-Image-2023-05-10-at-11.20.53-AM-1200x800.jpeg",1200,800,true],"post_slider_layout_portrait_large":["https:\/\/ecologicosolar.com\/wp-content\/uploads\/2023\/05\/WhatsApp-Image-2023-05-10-at-11.20.53-AM.jpeg",1200,1600,false],"post_slider_layout_square_large":["https:\/\/ecologicosolar.com\/wp-content\/uploads\/2023\/05\/WhatsApp-Image-2023-05-10-at-11.20.53-AM-1200x1200.jpeg",1200,1200,true],"post_slider_layout_landscape":["https:\/\/ecologicosolar.com\/wp-content\/uploads\/2023\/05\/WhatsApp-Image-2023-05-10-at-11.20.53-AM-600x400.jpeg",600,400,true],"post_slider_layout_portrait":["https:\/\/ecologicosolar.com\/wp-content\/uploads\/2023\/05\/WhatsApp-Image-2023-05-10-at-11.20.53-AM-600x900.jpeg",600,900,true],"post_slider_layout_square":["https:\/\/ecologicosolar.com\/wp-content\/uploads\/2023\/05\/WhatsApp-Image-2023-05-10-at-11.20.53-AM-600x600.jpeg",600,600,true],"full":["https:\/\/ecologicosolar.com\/wp-content\/uploads\/2023\/05\/WhatsApp-Image-2023-05-10-at-11.20.53-AM.jpeg",1200,1600,false]},"brands":[],"_links":{"self":[{"href":"https:\/\/ecologicosolar.com\/en\/wp-json\/wp\/v2\/product\/463","targetHints":{"allow":["GET"]}}],"collection":[{"href":"https:\/\/ecologicosolar.com\/en\/wp-json\/wp\/v2\/product"}],"about":[{"href":"https:\/\/ecologicosolar.com\/en\/wp-json\/wp\/v2\/types\/product"}],"wp:featuredmedia":[{"embeddable":true,"href":"https:\/\/ecologicosolar.com\/en\/wp-json\/wp\/v2\/media\/464"}],"wp:attachment":[{"href":"https:\/\/ecologicosolar.com\/en\/wp-json\/wp\/v2\/media?parent=463"}],"wp:term":[{"taxonomy":"pwb-brand","embeddable":true,"href":"https:\/\/ecologicosolar.com\/en\/wp-json\/wp\/v2\/pwb-brand?post=463"},{"taxonomy":"product_brand","embeddable":true,"href":"https:\/\/ecologicosolar.com\/en\/wp-json\/wp\/v2\/product_brand?post=463"},{"taxonomy":"product_cat","embeddable":true,"href":"https:\/\/ecologicosolar.com\/en\/wp-json\/wp\/v2\/product_cat?post=463"},{"taxonomy":"product_tag","embeddable":true,"href":"https:\/\/ecologicosolar.com\/en\/wp-json\/wp\/v2\/product_tag?post=463"}],"curies":[{"name":"wp","href":"https:\/\/api.w.org\/{rel}","templated":true}]}}