{"id":850,"date":"2023-08-06T12:29:14","date_gmt":"2023-08-06T18:29:14","guid":{"rendered":"https:\/\/ecologicosolar.com\/?post_type=product&#038;p=850"},"modified":"2025-03-07T13:07:11","modified_gmt":"2025-03-07T19:07:11","slug":"astro550wm-panel-astronergy-de-550w-tier-1","status":"publish","type":"product","link":"https:\/\/ecologicosolar.com\/en\/product\/astro550wm-panel-astronergy-de-550w-tier-1\/","title":{"rendered":"ASTRO550WM &#8211; Panel Astronergy de 550W &#8211; Tier 1"},"content":{"rendered":"<p><img fetchpriority=\"high\" decoding=\"async\" class=\"alignnone size-medium wp-image-853\" src=\"https:\/\/ecologicosolar.com\/wp-content\/uploads\/2023\/08\/10.-Panel-Astronergy-550W-Mono-300x300.gif\" alt=\"\" width=\"300\" height=\"300\" srcset=\"https:\/\/ecologicosolar.com\/wp-content\/uploads\/2023\/08\/10.-Panel-Astronergy-550W-Mono-300x300.gif 300w, https:\/\/ecologicosolar.com\/wp-content\/uploads\/2023\/08\/10.-Panel-Astronergy-550W-Mono-1024x1024.gif 1024w, https:\/\/ecologicosolar.com\/wp-content\/uploads\/2023\/08\/10.-Panel-Astronergy-550W-Mono-150x150.gif 150w, https:\/\/ecologicosolar.com\/wp-content\/uploads\/2023\/08\/10.-Panel-Astronergy-550W-Mono-768x768.gif 768w, https:\/\/ecologicosolar.com\/wp-content\/uploads\/2023\/08\/10.-Panel-Astronergy-550W-Mono-12x12.gif 12w, https:\/\/ecologicosolar.com\/wp-content\/uploads\/2023\/08\/10.-Panel-Astronergy-550W-Mono-600x600.gif 600w, https:\/\/ecologicosolar.com\/wp-content\/uploads\/2023\/08\/10.-Panel-Astronergy-550W-Mono-100x100.gif 100w\" sizes=\"(max-width: 300px) 100vw, 300px\" \/><\/p>\n<div class=\"container\">\n<div class=\"top\">\n<h4>M\u00f3dulos fotovoltaicos<\/h4>\n<\/div>\n<div class=\"info\">\n<p>\u00a1Hola amigo! \u00a1Est\u00e1s a punto de descubrir el incre\u00edble Panel Solar Astronergy Serie 5, una verdadera maravilla de la tecnolog\u00eda solar! Este panel no es como los dem\u00e1s, porque tiene cinco poderosos superpoderes: alta potencia, m\u00e1xima eficiencia, compatibilidad excepcional, calidad insuperable y bajos costos operativos. \u00a1Es como si el sol mismo estuviera supercargado y listo para alimentar tu vida!<\/p>\n<p>Imagina tener el poder del sol en tus manos, con el Panel Solar Astronergy Serie 5, estar\u00e1s generando energ\u00eda de alta potencia como nunca antes. Gracias a la tecnolog\u00eda de celdas PERC+ de Astronergy y sus paneles de silicio de 182 mm, estar\u00e1s cosechando el sol de manera m\u00e1s eficiente que nunca. Ya sea para grandes plantas de energ\u00eda o para estaciones de energ\u00eda distribuida, este panel es tu aliado perfecto para hacer del mundo un lugar m\u00e1s verde y brillante.<\/p>\n<p>Pero eso no es todo, \u00a1nuestro Panel Solar Astronergy Serie 5 es como un s\u00faper h\u00e9roe de la energ\u00eda solar! Corta gastos operativos con su dise\u00f1o de vanguardia, lo que significa que no solo estar\u00e1s obteniendo un producto de alta calidad, sino que tambi\u00e9n estar\u00e1s ahorrando dinero a largo plazo. \u00a1Es el momento de aprovechar el poder del sol y dar un paso hacia un futuro m\u00e1s sustentable con el Panel Solar Astronergy Serie 5! \u00a1No pierdas esta oportunidad de ser parte de la revoluci\u00f3n solar! \u00a1Cambia el juego, cambia al sol! \ud83c\udf1e\ud83d\udd06<\/p>\n<\/div>\n<\/div>\n<p>&nbsp;<\/p>\n<table>\n<thead>\n<tr>\n<th>Par\u00e1metros el\u00e9ctricos<\/th>\n<th>540 Wp<\/th>\n<th>545 Wp<\/th>\n<th>550 Wp<\/th>\n<th>555 Wp<\/th>\n<\/tr>\n<\/thead>\n<tbody>\n<tr>\n<td>Potencia nominal (Pmpp \/ Wp)<\/td>\n<td>403.5 Wp<\/td>\n<td>407.3 Wp<\/td>\n<td>411.0 Wp<\/td>\n<td>414.8 Wp<\/td>\n<\/tr>\n<tr>\n<td>Voltaje nominal (Vmpp \/ V)<\/td>\n<td>38.92 V<\/td>\n<td>39.08 V<\/td>\n<td>39.24 V<\/td>\n<td>39.39 V<\/td>\n<\/tr>\n<tr>\n<td>Corriente nominal (Impp \/ A)<\/td>\n<td>10.37 A<\/td>\n<td>10.42 A<\/td>\n<td>10.48 A<\/td>\n<td>10.53 A<\/td>\n<\/tr>\n<tr>\n<td>Voltaje circuito abierto (Voc \/ V)<\/td>\n<td>46.97 V<\/td>\n<td>47.16 V<\/td>\n<td>47.34 V<\/td>\n<td>47.53 V<\/td>\n<\/tr>\n<tr>\n<td>Corriente cortocircuito (Isc \/ A)<\/td>\n<td>11.13 A<\/td>\n<td>11.20 A<\/td>\n<td>11.27 A<\/td>\n<td>11.35 A<\/td>\n<\/tr>\n<tr>\n<td>Eficiencia del m\u00f3dulo<\/td>\n<td>20.9%<\/td>\n<td>21.1%<\/td>\n<td>21.3%<\/td>\n<td>21.5%<\/td>\n<\/tr>\n<\/tbody>\n<\/table>\n<table>\n<thead>\n<tr>\n<th>Especificaciones Mec\u00e1nicas<\/th>\n<th><\/th>\n<\/tr>\n<\/thead>\n<tbody>\n<tr>\n<td>Temperatura nominal de operaci\u00f3n (NMOT)<\/td>\n<td>41\u00b12\u2103<\/td>\n<\/tr>\n<tr>\n<td>Dimensiones exteriores (L x An x Al)<\/td>\n<td>2278 x 1134 x 35 mm<\/td>\n<\/tr>\n<tr>\n<td>Tipo de celda<\/td>\n<td>Monocristalino tipo P<\/td>\n<\/tr>\n<tr>\n<td>N\u00famero de celdas<\/td>\n<td>144 (6*24)<\/td>\n<\/tr>\n<tr>\n<td>Tecnolog\u00eda del marco<\/td>\n<td>Aluminio, anodizado plateado<\/td>\n<\/tr>\n<tr>\n<td>Grosor del vidrio frontal<\/td>\n<td>3.2 mm<\/td>\n<\/tr>\n<tr>\n<td>Longitud del cable (Incluido el conector)<\/td>\n<td>Vertical: (+)350 mm, (-)250 mm; Longitud personalizada<\/td>\n<\/tr>\n<tr>\n<td>Di\u00e1metro del cable (IEC\/UL)<\/td>\n<td>4 mm\u00b2 \/ 12 AWG<\/td>\n<\/tr>\n<tr>\n<td>Tipo de conector (IEC\/UL)<\/td>\n<td>HCB40 (Est\u00e1ndar) \/ MC4-EVO2A (Opcional)<\/td>\n<\/tr>\n<tr>\n<td>Peso del m\u00f3dulo<\/td>\n<td>26.9 kg<\/td>\n<\/tr>\n<tr>\n<td>Unidad de empaque<\/td>\n<td>31 piezas \/ caja (Sujeto a contrato de venta)<\/td>\n<\/tr>\n<tr>\n<td>Peso de la unidad de empaque (contenedor de 40&#8217;HQ)<\/td>\n<td>893 kg<\/td>\n<\/tr>\n<tr>\n<td>M\u00f3dulos por contenedor de 40&#8242; HQ<\/td>\n<td>620 piezas<\/td>\n<\/tr>\n<\/tbody>\n<\/table>\n<table>\n<thead>\n<tr>\n<th>Par\u00e1metros de Temperatura (STC)<\/th>\n<th><\/th>\n<\/tr>\n<\/thead>\n<tbody>\n<tr>\n<td>Coeficiente de temperatura (Pmpp)<\/td>\n<td>-0.34%\/\u2103<\/td>\n<\/tr>\n<tr>\n<td>Coeficiente de temperatura (Isc)<\/td>\n<td>+0.04%\/\u2103<\/td>\n<\/tr>\n<tr>\n<td>Coeficiente de temperatura (Voc)<\/td>\n<td>-0.25%\/\u2103<\/td>\n<\/tr>\n<\/tbody>\n<\/table>\n<p>STC: Irradiancia 1000W\/m2, Temperatura de celda 25\u00b0 C, AM=1.5 NMOT: Irradiancia 800W\/m2, Temperatura ambiente 20\u00b0 C, AM=1.5, Velocidad del viento 1m\/s<\/p>","protected":false},"excerpt":{"rendered":"<p>&nbsp;<\/p>\n<p>Descarga la ficha t\u00e9cnica aqu\u00ed:<\/p>\n<p><a href=\"https:\/\/ecologicosolar.com\/wp-content\/uploads\/2023\/08\/ASTRO-5-Semi_CHSM72M-HC-MONO-550W-HC.pdf\">ASTRO 5 Semi_CHSM72M-HC &#8211; MONO 550W HC<\/a><\/p>","protected":false},"featured_media":3713,"template":"","meta":{"_coblocks_attr":"","_coblocks_dimensions":"","_coblocks_responsive_height":"","_coblocks_accordion_ie_support":"","_regular_price":["1300"],"currency_symbol":[]},"pwb-brand":[],"product_brand":[],"product_cat":[13],"product_tag":[16],"class_list":{"0":"post-850","1":"product","2":"type-product","3":"status-publish","4":"has-post-thumbnail","6":"product_cat-panel-solar","7":"product_tag-astronergy","9":"first","10":"instock","11":"sale","12":"shipping-taxable","13":"purchasable","14":"product-type-simple"},"post_slider_layout_featured_media_urls":{"thumbnail":["https:\/\/ecologicosolar.com\/wp-content\/uploads\/2023\/08\/ASTRO-550W-PANEL-SOLAR-ECOLOGICO-SOLAR-ENERGIA-SOLAR-GUATEMALA-150x150.jpeg",150,150,true],"post_slider_layout_landscape_large":["https:\/\/ecologicosolar.com\/wp-content\/uploads\/2023\/08\/ASTRO-550W-PANEL-SOLAR-ECOLOGICO-SOLAR-ENERGIA-SOLAR-GUATEMALA-1200x800.jpeg",1200,800,true],"post_slider_layout_portrait_large":["https:\/\/ecologicosolar.com\/wp-content\/uploads\/2023\/08\/ASTRO-550W-PANEL-SOLAR-ECOLOGICO-SOLAR-ENERGIA-SOLAR-GUATEMALA-1200x1800.jpeg",1200,1800,true],"post_slider_layout_square_large":["https:\/\/ecologicosolar.com\/wp-content\/uploads\/2023\/08\/ASTRO-550W-PANEL-SOLAR-ECOLOGICO-SOLAR-ENERGIA-SOLAR-GUATEMALA-1200x1200.jpeg",1200,1200,true],"post_slider_layout_landscape":["https:\/\/ecologicosolar.com\/wp-content\/uploads\/2023\/08\/ASTRO-550W-PANEL-SOLAR-ECOLOGICO-SOLAR-ENERGIA-SOLAR-GUATEMALA-600x400.jpeg",600,400,true],"post_slider_layout_portrait":["https:\/\/ecologicosolar.com\/wp-content\/uploads\/2023\/08\/ASTRO-550W-PANEL-SOLAR-ECOLOGICO-SOLAR-ENERGIA-SOLAR-GUATEMALA-600x900.jpeg",600,900,true],"post_slider_layout_square":["https:\/\/ecologicosolar.com\/wp-content\/uploads\/2023\/08\/ASTRO-550W-PANEL-SOLAR-ECOLOGICO-SOLAR-ENERGIA-SOLAR-GUATEMALA-600x600.jpeg",600,600,true],"full":["https:\/\/ecologicosolar.com\/wp-content\/uploads\/2023\/08\/ASTRO-550W-PANEL-SOLAR-ECOLOGICO-SOLAR-ENERGIA-SOLAR-GUATEMALA-scaled.jpeg",2560,2560,false]},"brands":[],"_links":{"self":[{"href":"https:\/\/ecologicosolar.com\/en\/wp-json\/wp\/v2\/product\/850","targetHints":{"allow":["GET"]}}],"collection":[{"href":"https:\/\/ecologicosolar.com\/en\/wp-json\/wp\/v2\/product"}],"about":[{"href":"https:\/\/ecologicosolar.com\/en\/wp-json\/wp\/v2\/types\/product"}],"wp:featuredmedia":[{"embeddable":true,"href":"https:\/\/ecologicosolar.com\/en\/wp-json\/wp\/v2\/media\/3713"}],"wp:attachment":[{"href":"https:\/\/ecologicosolar.com\/en\/wp-json\/wp\/v2\/media?parent=850"}],"wp:term":[{"taxonomy":"pwb-brand","embeddable":true,"href":"https:\/\/ecologicosolar.com\/en\/wp-json\/wp\/v2\/pwb-brand?post=850"},{"taxonomy":"product_brand","embeddable":true,"href":"https:\/\/ecologicosolar.com\/en\/wp-json\/wp\/v2\/product_brand?post=850"},{"taxonomy":"product_cat","embeddable":true,"href":"https:\/\/ecologicosolar.com\/en\/wp-json\/wp\/v2\/product_cat?post=850"},{"taxonomy":"product_tag","embeddable":true,"href":"https:\/\/ecologicosolar.com\/en\/wp-json\/wp\/v2\/product_tag?post=850"}],"curies":[{"name":"wp","href":"https:\/\/api.w.org\/{rel}","templated":true}]}}