{"id":857,"date":"2023-08-06T13:28:20","date_gmt":"2023-08-06T19:28:20","guid":{"rendered":"https:\/\/ecologicosolar.com\/?post_type=product&#038;p=857"},"modified":"2025-03-07T13:52:41","modified_gmt":"2025-03-07T19:52:41","slug":"gwmin5kw-inversor-solar-min-5000-tl-x","status":"publish","type":"product","link":"https:\/\/ecologicosolar.com\/en\/product\/gwmin5kw-inversor-solar-min-5000-tl-x\/","title":{"rendered":"GWMIN5KW &#8211; Inversor Solar &#8211; MIN-5000-TL-X2"},"content":{"rendered":"<figure id=\"attachment_4109\" aria-describedby=\"caption-attachment-4109\" style=\"width: 240px\" class=\"wp-caption alignnone\"><img fetchpriority=\"high\" decoding=\"async\" class=\"size-medium wp-image-4109\" src=\"https:\/\/ecologicosolar.com\/wp-content\/uploads\/2023\/08\/MIN-500TL-X2-Arte-Informativo-240x300.jpg\" alt=\"Inversor Growatt MIN 5000 TL-X2 Guatemala\" width=\"240\" height=\"300\" srcset=\"https:\/\/ecologicosolar.com\/wp-content\/uploads\/2023\/08\/MIN-500TL-X2-Arte-Informativo-240x300.jpg 240w, https:\/\/ecologicosolar.com\/wp-content\/uploads\/2023\/08\/MIN-500TL-X2-Arte-Informativo-819x1024.jpg 819w, https:\/\/ecologicosolar.com\/wp-content\/uploads\/2023\/08\/MIN-500TL-X2-Arte-Informativo-768x960.jpg 768w, https:\/\/ecologicosolar.com\/wp-content\/uploads\/2023\/08\/MIN-500TL-X2-Arte-Informativo-1229x1536.jpg 1229w, https:\/\/ecologicosolar.com\/wp-content\/uploads\/2023\/08\/MIN-500TL-X2-Arte-Informativo-1638x2048.jpg 1638w, https:\/\/ecologicosolar.com\/wp-content\/uploads\/2023\/08\/MIN-500TL-X2-Arte-Informativo-10x12.jpg 10w, https:\/\/ecologicosolar.com\/wp-content\/uploads\/2023\/08\/MIN-500TL-X2-Arte-Informativo-600x750.jpg 600w, https:\/\/ecologicosolar.com\/wp-content\/uploads\/2023\/08\/MIN-500TL-X2-Arte-Informativo-100x125.jpg 100w, https:\/\/ecologicosolar.com\/wp-content\/uploads\/2023\/08\/MIN-500TL-X2-Arte-Informativo-scaled.jpg 2048w\" sizes=\"(max-width: 240px) 100vw, 240px\" \/><figcaption id=\"caption-attachment-4109\" class=\"wp-caption-text\">Inversor Growatt MIN 5000 TL-X2 Guatemala<\/figcaption><\/figure>\n<h2 data-start=\"172\" data-end=\"207\"><strong data-start=\"175\" data-end=\"205\">GROWATT MIN 2500-6000TL-X2<\/strong><\/h2>\n<p data-start=\"208\" data-end=\"250\">\ud83d\udd0b <strong data-start=\"211\" data-end=\"248\">Mayor Potencia, M\u00e1xima Tecnolog\u00eda<\/strong><\/p>\n<p data-start=\"252\" data-end=\"633\">El <strong data-start=\"255\" data-end=\"285\">GROWATT MIN 2500-6000TL-X2<\/strong> es un inversor <strong data-start=\"301\" data-end=\"336\">monof\u00e1sico de \u00faltima generaci\u00f3n<\/strong>, dise\u00f1ado para ofrecer <strong data-start=\"360\" data-end=\"406\">mayor capacidad, eficiencia y conectividad<\/strong> en instalaciones solares residenciales y comerciales. Con <strong data-start=\"465\" data-end=\"491\">dos MPPTs inteligentes<\/strong>, un dise\u00f1o compacto y una eficiencia de hasta <strong data-start=\"538\" data-end=\"547\">98.4%<\/strong>, este equipo garantiza <strong data-start=\"571\" data-end=\"630\">mayor generaci\u00f3n de energ\u00eda y un rendimiento optimizado<\/strong>.<\/p>\n<h3 data-start=\"635\" data-end=\"674\"><strong data-start=\"639\" data-end=\"672\">\ud83d\ude80 Caracter\u00edsticas Destacadas<\/strong><\/h3>\n<p data-start=\"675\" data-end=\"1109\">\u2705 <strong data-start=\"677\" data-end=\"716\">Amplia capacidad de 2.5kW hasta 6kW<\/strong> para adaptarse a distintas necesidades.<br data-start=\"756\" data-end=\"759\" \/>\u2705 <strong data-start=\"761\" data-end=\"789\">Tecnolog\u00eda de doble MPPT<\/strong> para una optimizaci\u00f3n superior de la energ\u00eda.<br data-start=\"835\" data-end=\"838\" \/>\u2705 <strong data-start=\"840\" data-end=\"869\">Eficiencia de hasta 98.4%<\/strong>, maximizando el aprovechamiento solar.<br data-start=\"908\" data-end=\"911\" \/>\u2705 <strong data-start=\"913\" data-end=\"936\">Protecci\u00f3n avanzada<\/strong> con monitoreo de fallos y sistema anti-isla.<br data-start=\"981\" data-end=\"984\" \/>\u2705 <strong data-start=\"986\" data-end=\"1015\">Dise\u00f1o compacto y liviano<\/strong>, facilitando la instalaci\u00f3n.<br data-start=\"1044\" data-end=\"1047\" \/>\u2705 <strong data-start=\"1049\" data-end=\"1077\">Conectividad inteligente<\/strong> con WiFi y monitoreo v\u00eda app.<\/p>\n<hr data-start=\"1111\" data-end=\"1114\" \/>\n<h3 data-start=\"1116\" data-end=\"1172\"><strong data-start=\"1120\" data-end=\"1170\">\ud83d\udcca Cuadro Resumen de Especificaciones T\u00e9cnicas<\/strong><\/h3>\n<table data-start=\"1174\" data-end=\"2795\">\n<thead data-start=\"1174\" data-end=\"1326\">\n<tr data-start=\"1174\" data-end=\"1326\">\n<th data-start=\"1174\" data-end=\"1203\"><strong data-start=\"1176\" data-end=\"1194\">Caracter\u00edstica<\/strong><\/th>\n<th data-start=\"1203\" data-end=\"1223\"><strong data-start=\"1205\" data-end=\"1222\">MIN 2500TL-X2<\/strong><\/th>\n<th data-start=\"1223\" data-end=\"1243\"><strong data-start=\"1225\" data-end=\"1242\">MIN 3000TL-X2<\/strong><\/th>\n<th data-start=\"1243\" data-end=\"1263\"><strong data-start=\"1245\" data-end=\"1262\">MIN 3600TL-X2<\/strong><\/th>\n<th data-start=\"1263\" data-end=\"1283\"><strong data-start=\"1265\" data-end=\"1282\">MIN 4200TL-X2<\/strong><\/th>\n<th data-start=\"1283\" data-end=\"1303\"><strong data-start=\"1285\" data-end=\"1302\">MIN 5000TL-X2<\/strong><\/th>\n<th data-start=\"1303\" data-end=\"1326\"><strong data-start=\"1305\" data-end=\"1322\">MIN 6000TL-X2<\/strong><\/th>\n<\/tr>\n<\/thead>\n<tbody data-start=\"1473\" data-end=\"2795\">\n<tr data-start=\"1473\" data-end=\"1619\">\n<td><strong data-start=\"1475\" data-end=\"1495\">Potencia nominal<\/strong><\/td>\n<td>2500W<\/td>\n<td>3000W<\/td>\n<td>3600W<\/td>\n<td>4200W<\/td>\n<td>5000W<\/td>\n<td>6000W<\/td>\n<\/tr>\n<tr data-start=\"1620\" data-end=\"1766\">\n<td><strong data-start=\"1622\" data-end=\"1643\">Eficiencia m\u00e1xima<\/strong><\/td>\n<td>98.4%<\/td>\n<td>98.4%<\/td>\n<td>98.4%<\/td>\n<td>98.4%<\/td>\n<td>98.4%<\/td>\n<td>98.4%<\/td>\n<\/tr>\n<tr data-start=\"1767\" data-end=\"1913\">\n<td><strong data-start=\"1769\" data-end=\"1788\">N\u00famero de MPPTs<\/strong><\/td>\n<td>2<\/td>\n<td>2<\/td>\n<td>2<\/td>\n<td>2<\/td>\n<td>2<\/td>\n<td>2<\/td>\n<\/tr>\n<tr data-start=\"1914\" data-end=\"2060\">\n<td><strong data-start=\"1916\" data-end=\"1941\">Rango de voltaje MPPT<\/strong><\/td>\n<td>50V &#8211; 550V<\/td>\n<td>50V &#8211; 550V<\/td>\n<td>50V &#8211; 550V<\/td>\n<td>50V &#8211; 550V<\/td>\n<td>50V &#8211; 550V<\/td>\n<td>50V &#8211; 550V<\/td>\n<\/tr>\n<tr data-start=\"2061\" data-end=\"2207\">\n<td><strong data-start=\"2063\" data-end=\"2084\">Voltaje de salida<\/strong><\/td>\n<td>230V<\/td>\n<td>230V<\/td>\n<td>230V<\/td>\n<td>230V<\/td>\n<td>230V<\/td>\n<td>230V<\/td>\n<\/tr>\n<tr data-start=\"2208\" data-end=\"2354\">\n<td><strong data-start=\"2210\" data-end=\"2223\">Monitoreo<\/strong><\/td>\n<td>WiFi + App<\/td>\n<td>WiFi + App<\/td>\n<td>WiFi + App<\/td>\n<td>WiFi + App<\/td>\n<td>WiFi + App<\/td>\n<td>WiFi + App<\/td>\n<\/tr>\n<tr data-start=\"2355\" data-end=\"2501\">\n<td><strong data-start=\"2357\" data-end=\"2379\">Peso y dimensiones<\/strong><\/td>\n<td>Compacto<\/td>\n<td>Compacto<\/td>\n<td>Compacto<\/td>\n<td>Compacto<\/td>\n<td>Compacto<\/td>\n<td>Compacto<\/td>\n<\/tr>\n<tr data-start=\"2502\" data-end=\"2648\">\n<td><strong data-start=\"2504\" data-end=\"2527\">Grado de protecci\u00f3n<\/strong><\/td>\n<td>IP65<\/td>\n<td>IP65<\/td>\n<td>IP65<\/td>\n<td>IP65<\/td>\n<td>IP65<\/td>\n<td>IP65<\/td>\n<\/tr>\n<tr data-start=\"2649\" data-end=\"2795\">\n<td><strong data-start=\"2651\" data-end=\"2663\">Garant\u00eda<\/strong><\/td>\n<td>5 &#8211; 10 a\u00f1os<\/td>\n<td>5 &#8211; 10 a\u00f1os<\/td>\n<td>5 &#8211; 10 a\u00f1os<\/td>\n<td>5 &#8211; 10 a\u00f1os<\/td>\n<td>5 &#8211; 10 a\u00f1os<\/td>\n<td>5 &#8211; 10 a\u00f1os<\/td>\n<\/tr>\n<\/tbody>\n<\/table>\n<hr data-start=\"2797\" data-end=\"2800\" \/>\n<h3 data-start=\"2802\" data-end=\"2864\"><strong data-start=\"2806\" data-end=\"2862\">\ud83c\udf1e Energ\u00eda sin l\u00edmites, con el inversor m\u00e1s avanzado<\/strong><\/h3>\n<p data-start=\"2865\" data-end=\"3148\">El <strong data-start=\"2868\" data-end=\"2898\">GROWATT MIN 2500-6000TL-X2<\/strong> redefine el est\u00e1ndar en inversores solares, ofreciendo <strong data-start=\"2954\" data-end=\"2997\">mayor capacidad, eficiencia y seguridad<\/strong>. Con su dise\u00f1o innovador y conectividad avanzada, este inversor es la soluci\u00f3n ideal para quienes buscan <strong data-start=\"3103\" data-end=\"3145\">m\u00e1ximo rendimiento en su sistema solar<\/strong>.<\/p>\n<p data-start=\"3150\" data-end=\"3245\">\ud83d\udca1 <strong data-start=\"3153\" data-end=\"3199\">Invierte en el futuro de la energ\u00eda solar.<\/strong><\/p>","protected":false},"excerpt":{"rendered":"<p><em><strong>Growatt Marca #1 En Inversores\u00a0<\/strong><\/em><\/p>\n<p>Obt\u00e9n M\u00e1s Valor por tu dinero.<\/p>\n<p>Enlace Wifi incorporado y app gratis para visualizar energ\u00eda.<\/p>\n<p>Dise\u00f1o compacto y duradero.<\/p>\n<p>Garant\u00eda y soporte con nosotros como Ecol\u00f3gico Solar (Distribuidor Autorizado).<\/p>\n<p>Fichas T\u00e9cnicas:<\/p>\n<p><a href=\"https:\/\/ecologicosolar.com\/wp-content\/uploads\/2023\/08\/GROWATT-MINX2-5K-Y-6KW.pdf\">GROWATT &#8211; MINX2 &#8211; 5K Y 6KW<\/a><\/p>","protected":false},"featured_media":4109,"template":"","meta":{"_coblocks_attr":"","_coblocks_dimensions":"","_coblocks_responsive_height":"","_coblocks_accordion_ie_support":"","_regular_price":["7900"],"currency_symbol":[]},"pwb-brand":[],"product_brand":[],"product_cat":[2],"product_tag":[15],"class_list":{"0":"post-857","1":"product","2":"type-product","3":"status-publish","4":"has-post-thumbnail","6":"product_cat-inversor-a-la-red","7":"product_tag-growatt","9":"first","10":"instock","11":"sale","12":"sold-individually","13":"shipping-taxable","14":"purchasable","15":"product-type-simple"},"post_slider_layout_featured_media_urls":{"thumbnail":["https:\/\/ecologicosolar.com\/wp-content\/uploads\/2023\/08\/MIN-500TL-X2-Arte-Informativo-150x150.jpg",150,150,true],"post_slider_layout_landscape_large":["https:\/\/ecologicosolar.com\/wp-content\/uploads\/2023\/08\/MIN-500TL-X2-Arte-Informativo-1200x800.jpg",1200,800,true],"post_slider_layout_portrait_large":["https:\/\/ecologicosolar.com\/wp-content\/uploads\/2023\/08\/MIN-500TL-X2-Arte-Informativo-1200x1800.jpg",1200,1800,true],"post_slider_layout_square_large":["https:\/\/ecologicosolar.com\/wp-content\/uploads\/2023\/08\/MIN-500TL-X2-Arte-Informativo-1200x1200.jpg",1200,1200,true],"post_slider_layout_landscape":["https:\/\/ecologicosolar.com\/wp-content\/uploads\/2023\/08\/MIN-500TL-X2-Arte-Informativo-600x400.jpg",600,400,true],"post_slider_layout_portrait":["https:\/\/ecologicosolar.com\/wp-content\/uploads\/2023\/08\/MIN-500TL-X2-Arte-Informativo-600x900.jpg",600,900,true],"post_slider_layout_square":["https:\/\/ecologicosolar.com\/wp-content\/uploads\/2023\/08\/MIN-500TL-X2-Arte-Informativo-600x600.jpg",600,600,true],"full":["https:\/\/ecologicosolar.com\/wp-content\/uploads\/2023\/08\/MIN-500TL-X2-Arte-Informativo-scaled.jpg",2048,2560,false]},"brands":[],"_links":{"self":[{"href":"https:\/\/ecologicosolar.com\/en\/wp-json\/wp\/v2\/product\/857","targetHints":{"allow":["GET"]}}],"collection":[{"href":"https:\/\/ecologicosolar.com\/en\/wp-json\/wp\/v2\/product"}],"about":[{"href":"https:\/\/ecologicosolar.com\/en\/wp-json\/wp\/v2\/types\/product"}],"wp:featuredmedia":[{"embeddable":true,"href":"https:\/\/ecologicosolar.com\/en\/wp-json\/wp\/v2\/media\/4109"}],"wp:attachment":[{"href":"https:\/\/ecologicosolar.com\/en\/wp-json\/wp\/v2\/media?parent=857"}],"wp:term":[{"taxonomy":"pwb-brand","embeddable":true,"href":"https:\/\/ecologicosolar.com\/en\/wp-json\/wp\/v2\/pwb-brand?post=857"},{"taxonomy":"product_brand","embeddable":true,"href":"https:\/\/ecologicosolar.com\/en\/wp-json\/wp\/v2\/product_brand?post=857"},{"taxonomy":"product_cat","embeddable":true,"href":"https:\/\/ecologicosolar.com\/en\/wp-json\/wp\/v2\/product_cat?post=857"},{"taxonomy":"product_tag","embeddable":true,"href":"https:\/\/ecologicosolar.com\/en\/wp-json\/wp\/v2\/product_tag?post=857"}],"curies":[{"name":"wp","href":"https:\/\/api.w.org\/{rel}","templated":true}]}}