{"id":859,"date":"2023-08-06T16:29:55","date_gmt":"2023-08-06T22:29:55","guid":{"rendered":"https:\/\/ecologicosolar.com\/?post_type=product&#038;p=859"},"modified":"2023-08-06T16:36:10","modified_gmt":"2023-08-06T22:36:10","slug":"ds3d-micro-inversor-apsystems-2mppt-2000w","status":"publish","type":"product","link":"https:\/\/ecologicosolar.com\/en\/product\/ds3d-micro-inversor-apsystems-2mppt-2000w\/","title":{"rendered":"DS3D &#8211; Micro Inversor Apsystems &#8211; 2MPPT 2000W"},"content":{"rendered":"<p><img fetchpriority=\"high\" decoding=\"async\" class=\"alignnone size-medium wp-image-860\" src=\"https:\/\/ecologicosolar.com\/wp-content\/uploads\/2023\/08\/micro-inversor-apsystems-guatemala-ds3d-300x300.gif\" alt=\"\" width=\"300\" height=\"300\" srcset=\"https:\/\/ecologicosolar.com\/wp-content\/uploads\/2023\/08\/micro-inversor-apsystems-guatemala-ds3d-300x300.gif 300w, https:\/\/ecologicosolar.com\/wp-content\/uploads\/2023\/08\/micro-inversor-apsystems-guatemala-ds3d-1024x1024.gif 1024w, https:\/\/ecologicosolar.com\/wp-content\/uploads\/2023\/08\/micro-inversor-apsystems-guatemala-ds3d-150x150.gif 150w, https:\/\/ecologicosolar.com\/wp-content\/uploads\/2023\/08\/micro-inversor-apsystems-guatemala-ds3d-768x768.gif 768w, https:\/\/ecologicosolar.com\/wp-content\/uploads\/2023\/08\/micro-inversor-apsystems-guatemala-ds3d-12x12.gif 12w, https:\/\/ecologicosolar.com\/wp-content\/uploads\/2023\/08\/micro-inversor-apsystems-guatemala-ds3d-1200x1200.gif 1200w, https:\/\/ecologicosolar.com\/wp-content\/uploads\/2023\/08\/micro-inversor-apsystems-guatemala-ds3d-600x600.gif 600w, https:\/\/ecologicosolar.com\/wp-content\/uploads\/2023\/08\/micro-inversor-apsystems-guatemala-ds3d-100x100.gif 100w\" sizes=\"(max-width: 300px) 100vw, 300px\" \/><\/p>\n<p>El microinversor modelo DS3D de Apsystems es la vanguardia de la innovaci\u00f3n en el mundo de la energ\u00eda solar. Dise\u00f1ado para sobresalir en rendimiento y eficiencia, este microinversor te ofrece un control de energ\u00eda excepcional a nivel de panel solar. Gracias a su tecnolog\u00eda avanzada, cada panel trabaja independientemente, maximizando la producci\u00f3n de energ\u00eda incluso en condiciones variables. Con monitoreo en tiempo real y capacidades de ajuste remoto, el DS3D te proporciona un control total sobre tu sistema solar, permiti\u00e9ndote optimizar el rendimiento y asegurando que obtengas el m\u00e1ximo retorno de tu inversi\u00f3n.<\/p>\n<p>Adem\u00e1s de su rendimiento l\u00edder en su clase, el microinversor DS3D de Apsystems ofrece una instalaci\u00f3n sin complicaciones y un dise\u00f1o robusto. Su dise\u00f1o compacto y liviano facilita la instalaci\u00f3n, reduciendo el tiempo y los costos asociados. La confiabilidad es un sello distintivo de Apsystems, y el DS3D no es la excepci\u00f3n: est\u00e1 construido para soportar las condiciones m\u00e1s exigentes y garantiza una vida \u00fatil prolongada. Si buscas un microinversor que te brinde un control excepcional, eficiencia inigualable y durabilidad a largo plazo, el DS3Dde Apsystems es la elecci\u00f3n inteligente para tu sistema de energ\u00eda solar.<\/p>\n<p>Descarga su ficha t\u00e9cnica:<\/p>\n<p><a href=\"https:\/\/ecologicosolar.com\/wp-content\/uploads\/2023\/08\/DS3D-FICHA-TECNICA-APSYSTEMS.pdf\">DS3D &#8211; FICHA TECNICA &#8211; APSYSTEMS<\/a><\/p>\n<p>&nbsp;<\/p>","protected":false},"excerpt":{"rendered":"<p>Descarga su ficha t\u00e9cnica:<\/p>\n<p><a href=\"https:\/\/ecologicosolar.com\/wp-content\/uploads\/2023\/08\/DS3D-FICHA-TECNICA-APSYSTEMS.pdf\">DS3D &#8211; FICHA TECNICA &#8211; APSYSTEMS<\/a><\/p>","protected":false},"featured_media":860,"template":"","meta":{"_coblocks_attr":"","_coblocks_dimensions":"","_coblocks_responsive_height":"","_coblocks_accordion_ie_support":"","_regular_price":["4260"],"currency_symbol":[]},"pwb-brand":[],"product_brand":[],"product_cat":[2],"product_tag":[46,45],"class_list":{"0":"post-859","1":"product","2":"type-product","3":"status-publish","4":"has-post-thumbnail","6":"product_cat-inversor-a-la-red","7":"product_tag-inversora","8":"product_tag-microinversor","10":"first","11":"instock","12":"sale","13":"shipping-taxable","14":"purchasable","15":"product-type-simple"},"post_slider_layout_featured_media_urls":{"thumbnail":["https:\/\/ecologicosolar.com\/wp-content\/uploads\/2023\/08\/micro-inversor-apsystems-guatemala-ds3d-150x150.gif",150,150,true],"post_slider_layout_landscape_large":["https:\/\/ecologicosolar.com\/wp-content\/uploads\/2023\/08\/micro-inversor-apsystems-guatemala-ds3d-1200x800.gif",1200,800,true],"post_slider_layout_portrait_large":["https:\/\/ecologicosolar.com\/wp-content\/uploads\/2023\/08\/micro-inversor-apsystems-guatemala-ds3d-1200x1300.gif",1200,1300,true],"post_slider_layout_square_large":["https:\/\/ecologicosolar.com\/wp-content\/uploads\/2023\/08\/micro-inversor-apsystems-guatemala-ds3d-1200x1200.gif",1200,1200,true],"post_slider_layout_landscape":["https:\/\/ecologicosolar.com\/wp-content\/uploads\/2023\/08\/micro-inversor-apsystems-guatemala-ds3d-600x400.gif",600,400,true],"post_slider_layout_portrait":["https:\/\/ecologicosolar.com\/wp-content\/uploads\/2023\/08\/micro-inversor-apsystems-guatemala-ds3d-600x900.gif",600,900,true],"post_slider_layout_square":["https:\/\/ecologicosolar.com\/wp-content\/uploads\/2023\/08\/micro-inversor-apsystems-guatemala-ds3d-600x600.gif",600,600,true],"full":["https:\/\/ecologicosolar.com\/wp-content\/uploads\/2023\/08\/micro-inversor-apsystems-guatemala-ds3d.gif",1300,1300,false]},"brands":[],"_links":{"self":[{"href":"https:\/\/ecologicosolar.com\/en\/wp-json\/wp\/v2\/product\/859","targetHints":{"allow":["GET"]}}],"collection":[{"href":"https:\/\/ecologicosolar.com\/en\/wp-json\/wp\/v2\/product"}],"about":[{"href":"https:\/\/ecologicosolar.com\/en\/wp-json\/wp\/v2\/types\/product"}],"wp:featuredmedia":[{"embeddable":true,"href":"https:\/\/ecologicosolar.com\/en\/wp-json\/wp\/v2\/media\/860"}],"wp:attachment":[{"href":"https:\/\/ecologicosolar.com\/en\/wp-json\/wp\/v2\/media?parent=859"}],"wp:term":[{"taxonomy":"pwb-brand","embeddable":true,"href":"https:\/\/ecologicosolar.com\/en\/wp-json\/wp\/v2\/pwb-brand?post=859"},{"taxonomy":"product_brand","embeddable":true,"href":"https:\/\/ecologicosolar.com\/en\/wp-json\/wp\/v2\/product_brand?post=859"},{"taxonomy":"product_cat","embeddable":true,"href":"https:\/\/ecologicosolar.com\/en\/wp-json\/wp\/v2\/product_cat?post=859"},{"taxonomy":"product_tag","embeddable":true,"href":"https:\/\/ecologicosolar.com\/en\/wp-json\/wp\/v2\/product_tag?post=859"}],"curies":[{"name":"wp","href":"https:\/\/api.w.org\/{rel}","templated":true}]}}