{"id":862,"date":"2023-08-06T16:42:30","date_gmt":"2023-08-06T22:42:30","guid":{"rendered":"https:\/\/ecologicosolar.com\/?post_type=product&#038;p=862"},"modified":"2023-08-06T16:42:31","modified_gmt":"2023-08-06T22:42:31","slug":"ecu-c-monitoreo-microinversor-apsystems","status":"publish","type":"product","link":"https:\/\/ecologicosolar.com\/en\/product\/ecu-c-monitoreo-microinversor-apsystems\/","title":{"rendered":"ECU-C &#8211; Monitoreo Microinversor Apsystems"},"content":{"rendered":"<p><img fetchpriority=\"high\" decoding=\"async\" class=\"alignnone size-medium wp-image-863\" src=\"https:\/\/ecologicosolar.com\/wp-content\/uploads\/2023\/08\/37.-ecu-c-apsystems-300x300.gif\" alt=\"\" width=\"300\" height=\"300\" srcset=\"https:\/\/ecologicosolar.com\/wp-content\/uploads\/2023\/08\/37.-ecu-c-apsystems-300x300.gif 300w, https:\/\/ecologicosolar.com\/wp-content\/uploads\/2023\/08\/37.-ecu-c-apsystems-1024x1024.gif 1024w, https:\/\/ecologicosolar.com\/wp-content\/uploads\/2023\/08\/37.-ecu-c-apsystems-150x150.gif 150w, https:\/\/ecologicosolar.com\/wp-content\/uploads\/2023\/08\/37.-ecu-c-apsystems-768x768.gif 768w, https:\/\/ecologicosolar.com\/wp-content\/uploads\/2023\/08\/37.-ecu-c-apsystems-12x12.gif 12w, https:\/\/ecologicosolar.com\/wp-content\/uploads\/2023\/08\/37.-ecu-c-apsystems-1200x1200.gif 1200w, https:\/\/ecologicosolar.com\/wp-content\/uploads\/2023\/08\/37.-ecu-c-apsystems-600x600.gif 600w, https:\/\/ecologicosolar.com\/wp-content\/uploads\/2023\/08\/37.-ecu-c-apsystems-100x100.gif 100w\" sizes=\"(max-width: 300px) 100vw, 300px\" \/><\/p>\n<p>&nbsp;<\/p>\n<p>La unidad de comunicaci\u00f3n de energ\u00eda ECU-C, dise\u00f1ado desde cero para aplicaciones comerciales, ofrece una funcionalidad avanzada de datos en las instalaciones, con control de consumo y producci\u00f3n; contacto y reportajes; puertos y medici\u00f3n de alta frecuencia. Se puede utilizar en sistemas en monof\u00e1sico o trif\u00e1sico.<\/p>\n<p>&nbsp;<\/p>\n<p>Descarga la ficha t\u00e9cnica AQUI:<\/p>\n<p><a href=\"https:\/\/ecologicosolar.com\/wp-content\/uploads\/2023\/08\/ECU-C-COMUNICACION-APSYSTEMS.pdf\">ECU &#8211; C &#8211; COMUNICACION APSYSTEMS<\/a><\/p>","protected":false},"excerpt":{"rendered":"<p>Descarga la ficha t\u00e9cnica AQUI:<\/p>\n<p><a href=\"https:\/\/ecologicosolar.com\/wp-content\/uploads\/2023\/08\/ECU-C-COMUNICACION-APSYSTEMS.pdf\">ECU &#8211; C &#8211; COMUNICACION APSYSTEMS<\/a><\/p>","protected":false},"featured_media":863,"template":"","meta":{"_coblocks_attr":"","_coblocks_dimensions":"","_coblocks_responsive_height":"","_coblocks_accordion_ie_support":"","_regular_price":["4010"],"currency_symbol":[]},"pwb-brand":[],"product_brand":[],"product_cat":[2],"product_tag":[47,48],"class_list":{"0":"post-862","1":"product","2":"type-product","3":"status-publish","4":"has-post-thumbnail","6":"product_cat-inversor-a-la-red","7":"product_tag-apsystems","8":"product_tag-monitoreo","10":"first","11":"instock","12":"shipping-taxable","13":"purchasable","14":"product-type-simple"},"post_slider_layout_featured_media_urls":{"thumbnail":["https:\/\/ecologicosolar.com\/wp-content\/uploads\/2023\/08\/37.-ecu-c-apsystems-150x150.gif",150,150,true],"post_slider_layout_landscape_large":["https:\/\/ecologicosolar.com\/wp-content\/uploads\/2023\/08\/37.-ecu-c-apsystems-1200x800.gif",1200,800,true],"post_slider_layout_portrait_large":["https:\/\/ecologicosolar.com\/wp-content\/uploads\/2023\/08\/37.-ecu-c-apsystems-1200x1300.gif",1200,1300,true],"post_slider_layout_square_large":["https:\/\/ecologicosolar.com\/wp-content\/uploads\/2023\/08\/37.-ecu-c-apsystems-1200x1200.gif",1200,1200,true],"post_slider_layout_landscape":["https:\/\/ecologicosolar.com\/wp-content\/uploads\/2023\/08\/37.-ecu-c-apsystems-600x400.gif",600,400,true],"post_slider_layout_portrait":["https:\/\/ecologicosolar.com\/wp-content\/uploads\/2023\/08\/37.-ecu-c-apsystems-600x900.gif",600,900,true],"post_slider_layout_square":["https:\/\/ecologicosolar.com\/wp-content\/uploads\/2023\/08\/37.-ecu-c-apsystems-600x600.gif",600,600,true],"full":["https:\/\/ecologicosolar.com\/wp-content\/uploads\/2023\/08\/37.-ecu-c-apsystems.gif",1300,1300,false]},"brands":[],"_links":{"self":[{"href":"https:\/\/ecologicosolar.com\/en\/wp-json\/wp\/v2\/product\/862","targetHints":{"allow":["GET"]}}],"collection":[{"href":"https:\/\/ecologicosolar.com\/en\/wp-json\/wp\/v2\/product"}],"about":[{"href":"https:\/\/ecologicosolar.com\/en\/wp-json\/wp\/v2\/types\/product"}],"wp:featuredmedia":[{"embeddable":true,"href":"https:\/\/ecologicosolar.com\/en\/wp-json\/wp\/v2\/media\/863"}],"wp:attachment":[{"href":"https:\/\/ecologicosolar.com\/en\/wp-json\/wp\/v2\/media?parent=862"}],"wp:term":[{"taxonomy":"pwb-brand","embeddable":true,"href":"https:\/\/ecologicosolar.com\/en\/wp-json\/wp\/v2\/pwb-brand?post=862"},{"taxonomy":"product_brand","embeddable":true,"href":"https:\/\/ecologicosolar.com\/en\/wp-json\/wp\/v2\/product_brand?post=862"},{"taxonomy":"product_cat","embeddable":true,"href":"https:\/\/ecologicosolar.com\/en\/wp-json\/wp\/v2\/product_cat?post=862"},{"taxonomy":"product_tag","embeddable":true,"href":"https:\/\/ecologicosolar.com\/en\/wp-json\/wp\/v2\/product_tag?post=862"}],"curies":[{"name":"wp","href":"https:\/\/api.w.org\/{rel}","templated":true}]}}