{"id":869,"date":"2023-08-06T17:05:39","date_gmt":"2023-08-06T23:05:39","guid":{"rendered":"https:\/\/ecologicosolar.com\/?post_type=product&#038;p=869"},"modified":"2025-03-07T14:49:54","modified_gmt":"2025-03-07T20:49:54","slug":"mw425w-inversor-aislado-wangan-425w","status":"publish","type":"product","link":"https:\/\/ecologicosolar.com\/en\/product\/mw425w-inversor-aislado-wangan-425w\/","title":{"rendered":"MW425W &#8211; Inversor Aislado Wangan 425W"},"content":{"rendered":"<p>&nbsp;<\/p>\n<p><img fetchpriority=\"high\" decoding=\"async\" class=\"alignnone size-medium wp-image-870\" src=\"https:\/\/ecologicosolar.com\/wp-content\/uploads\/2023\/08\/5.-Inversor_mega_power_425_aislado_pane_solar-300x300.gif\" alt=\"\" width=\"300\" height=\"300\" srcset=\"https:\/\/ecologicosolar.com\/wp-content\/uploads\/2023\/08\/5.-Inversor_mega_power_425_aislado_pane_solar-300x300.gif 300w, https:\/\/ecologicosolar.com\/wp-content\/uploads\/2023\/08\/5.-Inversor_mega_power_425_aislado_pane_solar-1024x1024.gif 1024w, https:\/\/ecologicosolar.com\/wp-content\/uploads\/2023\/08\/5.-Inversor_mega_power_425_aislado_pane_solar-150x150.gif 150w, https:\/\/ecologicosolar.com\/wp-content\/uploads\/2023\/08\/5.-Inversor_mega_power_425_aislado_pane_solar-768x768.gif 768w, https:\/\/ecologicosolar.com\/wp-content\/uploads\/2023\/08\/5.-Inversor_mega_power_425_aislado_pane_solar-12x12.gif 12w, https:\/\/ecologicosolar.com\/wp-content\/uploads\/2023\/08\/5.-Inversor_mega_power_425_aislado_pane_solar-1200x1200.gif 1200w, https:\/\/ecologicosolar.com\/wp-content\/uploads\/2023\/08\/5.-Inversor_mega_power_425_aislado_pane_solar-600x600.gif 600w, https:\/\/ecologicosolar.com\/wp-content\/uploads\/2023\/08\/5.-Inversor_mega_power_425_aislado_pane_solar-100x100.gif 100w\" sizes=\"(max-width: 300px) 100vw, 300px\" \/><\/p>\n<p>Conecta tus aparatos y dispositivos de manera segura con este inversor de corriente de 425 vatios. Tiene tecnolog\u00eda SMT, una potencia continua de425W, y viene con 2 salidas USB. Su ventilador es controlado por temperatura. una alarma te indica cuando la bater\u00eda est\u00e1 baja. Tambi\u00e9n tiene apagado por sobrecarga de voltaje y frecuencia 60Hz.<\/p>\n<p>Este inversor de corriente est\u00e1 elaborado con pl\u00e1stico ABS 58%, PCB 25%, aluminio 10%, cobre 6% y acero 1% | Las dimensiones del articulo son: 6.5&#8243; x 5&#8243; x 2.6&#8243; (16.5 cm x 12.7 cm x 6.6 cm). Peso: 1.6 lb\/ 2 lb.<\/p>","protected":false},"excerpt":{"rendered":"<p>Conecta tus aparatos y dispositivos de manera segura con este inversor de corriente de 425 vatios. Tiene tecnolog\u00eda SMT, una potencia continua de425W, y viene con 2 salidas USB. Su ventilador es controlado por temperatura. una alarma te indica cuando la bater\u00eda est\u00e1 baja. Tambi\u00e9n tiene apagado por sobrecarga de voltaje y frecuencia 60Hz.<\/p>\n<p>Este inversor de corriente est\u00e1 elaborado con pl\u00e1stico ABS 58%, PCB 25%, aluminio 10%, cobre 6% y acero 1% | Las dimensiones del articulo son: 6.5&#8243; x 5&#8243; x 2.6&#8243; (16.5 cm x 12.7 cm x 6.6 cm). Peso: 1.6 lb\/ 2 lb.<\/p>","protected":false},"featured_media":870,"template":"","meta":{"_coblocks_attr":"","_coblocks_dimensions":"","_coblocks_responsive_height":"","_coblocks_accordion_ie_support":"","_regular_price":["551"],"currency_symbol":[]},"pwb-brand":[],"product_brand":[],"product_cat":[19],"product_tag":[49],"class_list":{"0":"post-869","1":"product","2":"type-product","3":"status-publish","4":"has-post-thumbnail","6":"product_cat-inversor-aislado","7":"product_tag-wangan","9":"first","10":"instock","11":"shipping-taxable","12":"purchasable","13":"product-type-simple"},"post_slider_layout_featured_media_urls":{"thumbnail":["https:\/\/ecologicosolar.com\/wp-content\/uploads\/2023\/08\/5.-Inversor_mega_power_425_aislado_pane_solar-150x150.gif",150,150,true],"post_slider_layout_landscape_large":["https:\/\/ecologicosolar.com\/wp-content\/uploads\/2023\/08\/5.-Inversor_mega_power_425_aislado_pane_solar-1200x800.gif",1200,800,true],"post_slider_layout_portrait_large":["https:\/\/ecologicosolar.com\/wp-content\/uploads\/2023\/08\/5.-Inversor_mega_power_425_aislado_pane_solar-1200x1300.gif",1200,1300,true],"post_slider_layout_square_large":["https:\/\/ecologicosolar.com\/wp-content\/uploads\/2023\/08\/5.-Inversor_mega_power_425_aislado_pane_solar-1200x1200.gif",1200,1200,true],"post_slider_layout_landscape":["https:\/\/ecologicosolar.com\/wp-content\/uploads\/2023\/08\/5.-Inversor_mega_power_425_aislado_pane_solar-600x400.gif",600,400,true],"post_slider_layout_portrait":["https:\/\/ecologicosolar.com\/wp-content\/uploads\/2023\/08\/5.-Inversor_mega_power_425_aislado_pane_solar-600x900.gif",600,900,true],"post_slider_layout_square":["https:\/\/ecologicosolar.com\/wp-content\/uploads\/2023\/08\/5.-Inversor_mega_power_425_aislado_pane_solar-600x600.gif",600,600,true],"full":["https:\/\/ecologicosolar.com\/wp-content\/uploads\/2023\/08\/5.-Inversor_mega_power_425_aislado_pane_solar.gif",1300,1300,false]},"brands":[],"_links":{"self":[{"href":"https:\/\/ecologicosolar.com\/en\/wp-json\/wp\/v2\/product\/869","targetHints":{"allow":["GET"]}}],"collection":[{"href":"https:\/\/ecologicosolar.com\/en\/wp-json\/wp\/v2\/product"}],"about":[{"href":"https:\/\/ecologicosolar.com\/en\/wp-json\/wp\/v2\/types\/product"}],"wp:featuredmedia":[{"embeddable":true,"href":"https:\/\/ecologicosolar.com\/en\/wp-json\/wp\/v2\/media\/870"}],"wp:attachment":[{"href":"https:\/\/ecologicosolar.com\/en\/wp-json\/wp\/v2\/media?parent=869"}],"wp:term":[{"taxonomy":"pwb-brand","embeddable":true,"href":"https:\/\/ecologicosolar.com\/en\/wp-json\/wp\/v2\/pwb-brand?post=869"},{"taxonomy":"product_brand","embeddable":true,"href":"https:\/\/ecologicosolar.com\/en\/wp-json\/wp\/v2\/product_brand?post=869"},{"taxonomy":"product_cat","embeddable":true,"href":"https:\/\/ecologicosolar.com\/en\/wp-json\/wp\/v2\/product_cat?post=869"},{"taxonomy":"product_tag","embeddable":true,"href":"https:\/\/ecologicosolar.com\/en\/wp-json\/wp\/v2\/product_tag?post=869"}],"curies":[{"name":"wp","href":"https:\/\/api.w.org\/{rel}","templated":true}]}}