{"id":882,"date":"2023-08-06T18:16:14","date_gmt":"2023-08-07T00:16:14","guid":{"rendered":"https:\/\/ecologicosolar.com\/?post_type=product&#038;p=882"},"modified":"2023-08-06T18:16:14","modified_gmt":"2023-08-07T00:16:14","slug":"powmrmppt60a-regulador-de-carga-mppt-de-60a","status":"publish","type":"product","link":"https:\/\/ecologicosolar.com\/en\/product\/powmrmppt60a-regulador-de-carga-mppt-de-60a\/","title":{"rendered":"POWMRMPPT60A &#8211; Regulador de Carga MPPT de 60A"},"content":{"rendered":"<p><img fetchpriority=\"high\" decoding=\"async\" class=\"alignnone size-medium wp-image-883\" src=\"https:\/\/ecologicosolar.com\/wp-content\/uploads\/2023\/08\/8.-Controlador-PowMr-MPPT60A-300x300.gif\" alt=\"\" width=\"300\" height=\"300\" srcset=\"https:\/\/ecologicosolar.com\/wp-content\/uploads\/2023\/08\/8.-Controlador-PowMr-MPPT60A-300x300.gif 300w, https:\/\/ecologicosolar.com\/wp-content\/uploads\/2023\/08\/8.-Controlador-PowMr-MPPT60A-1024x1024.gif 1024w, https:\/\/ecologicosolar.com\/wp-content\/uploads\/2023\/08\/8.-Controlador-PowMr-MPPT60A-150x150.gif 150w, https:\/\/ecologicosolar.com\/wp-content\/uploads\/2023\/08\/8.-Controlador-PowMr-MPPT60A-768x768.gif 768w, https:\/\/ecologicosolar.com\/wp-content\/uploads\/2023\/08\/8.-Controlador-PowMr-MPPT60A-12x12.gif 12w, https:\/\/ecologicosolar.com\/wp-content\/uploads\/2023\/08\/8.-Controlador-PowMr-MPPT60A-600x600.gif 600w, https:\/\/ecologicosolar.com\/wp-content\/uploads\/2023\/08\/8.-Controlador-PowMr-MPPT60A-100x100.gif 100w\" sizes=\"(max-width: 300px) 100vw, 300px\" \/><\/p>\n<div class=\"images-scrolling-desktop__content-list\">\n<div class=\"images-scrolling__content opacity-0\">\n<div class=\"prose\">\n<p><strong>Eficiencia Energ\u00e9tica Destacada<\/strong><\/p>\n<p>Sum\u00e9rgete en la tecnolog\u00eda de vanguardia de este Controlador de Carga Solar MPPT de 60A. Con una eficiencia de seguimiento asombrosa de hasta el 99% y una conversi\u00f3n m\u00e1xima del 98%, garantiza un rendimiento de carga solar inigualable.<\/p>\n<p><strong>Carga de Bater\u00edas Eficiente en Tres Etapas<\/strong><\/p>\n<p>Optimiza el proceso de carga de tus bater\u00edas con la avanzada tecnolog\u00eda MPPT. Desde la Carga a Granel hasta la Carga de Impulso y la Carga Flotante, asegura un ciclo de carga completo y eficiente. Personaliza tus voltajes de carga sin complicaciones mediante la pantalla LCD.<\/p>\n<p><strong>Compatibilidad Vers\u00e1til con Bater\u00edas<\/strong><\/p>\n<p>Selecciona entre varias opciones de bater\u00edas con facilidad. Este controlador de carga de 60 amperios es compatible con bater\u00edas selladas de ciclo profundo, de gel, inundadas y de litio. Detecta autom\u00e1ticamente tensiones de sistema de CC de 12V, 24V, 36V y 48V, asegurando compatibilidad en diversas configuraciones.<\/p>\n<p><strong>Soporte Amplio para Voltaje\/Potencia Solar<\/strong><\/p>\n<p>Dise\u00f1ado para acomodar alto voltaje\/potencia de entrada de paneles solares, este controlador de carga solar MPPT de 60A puede manejar tensiones de hasta 160V. Esto permite conectar varios paneles en serie, mejorando la eficiencia y simplificando la instalaci\u00f3n.<\/p>\n<p>Incorpora estas destacadas caracter\u00edsticas del Controlador de Carga Solar MPPT de 60A de PowMr en tu sistema solar y desbloquea una gesti\u00f3n eficiente, vers\u00e1til y de alto rendimiento de la energ\u00eda.<\/p>\n<\/div>\n<\/div>\n<\/div>\n<div class=\"images-scrolling-desktop__media-wrapper\"><img decoding=\"async\" class=\"rounded-sm\" src=\"https:\/\/powmr.com\/cdn\/shop\/files\/60a-mppt-solar-charge-controller-pow-m60-pro.jpg?v=1685526818&amp;width=1600\" sizes=\"(max-width: 740px) 100vw, 650px\" srcset=\"\/\/powmr.com\/cdn\/shop\/files\/60a-mppt-solar-charge-controller-pow-m60-pro.jpg?v=1685526818&amp;width=200 200w, \/\/powmr.com\/cdn\/shop\/files\/60a-mppt-solar-charge-controller-pow-m60-pro.jpg?v=1685526818&amp;width=300 300w, \/\/powmr.com\/cdn\/shop\/files\/60a-mppt-solar-charge-controller-pow-m60-pro.jpg?v=1685526818&amp;width=400 400w, \/\/powmr.com\/cdn\/shop\/files\/60a-mppt-solar-charge-controller-pow-m60-pro.jpg?v=1685526818&amp;width=600 600w, \/\/powmr.com\/cdn\/shop\/files\/60a-mppt-solar-charge-controller-pow-m60-pro.jpg?v=1685526818&amp;width=800 800w, \/\/powmr.com\/cdn\/shop\/files\/60a-mppt-solar-charge-controller-pow-m60-pro.jpg?v=1685526818&amp;width=1000 1000w, \/\/powmr.com\/cdn\/shop\/files\/60a-mppt-solar-charge-controller-pow-m60-pro.jpg?v=1685526818&amp;width=1200 1200w, \/\/powmr.com\/cdn\/shop\/files\/60a-mppt-solar-charge-controller-pow-m60-pro.jpg?v=1685526818&amp;width=1400 1400w, \/\/powmr.com\/cdn\/shop\/files\/60a-mppt-solar-charge-controller-pow-m60-pro.jpg?v=1685526818&amp;width=1600 1600w\" alt=\"60A MPPT solar charge controller  POW-M60-PRO\" width=\"1600\" height=\"1600\" \/><img decoding=\"async\" class=\"rounded-sm is-visible\" src=\"https:\/\/powmr.com\/cdn\/shop\/files\/three-stage-charging-solar-charge-controller.jpg?v=1685527061&amp;width=1600\" sizes=\"(max-width: 740px) 100vw, 650px\" srcset=\"\/\/powmr.com\/cdn\/shop\/files\/three-stage-charging-solar-charge-controller.jpg?v=1685527061&amp;width=200 200w, \/\/powmr.com\/cdn\/shop\/files\/three-stage-charging-solar-charge-controller.jpg?v=1685527061&amp;width=300 300w, \/\/powmr.com\/cdn\/shop\/files\/three-stage-charging-solar-charge-controller.jpg?v=1685527061&amp;width=400 400w, \/\/powmr.com\/cdn\/shop\/files\/three-stage-charging-solar-charge-controller.jpg?v=1685527061&amp;width=600 600w, \/\/powmr.com\/cdn\/shop\/files\/three-stage-charging-solar-charge-controller.jpg?v=1685527061&amp;width=800 800w, \/\/powmr.com\/cdn\/shop\/files\/three-stage-charging-solar-charge-controller.jpg?v=1685527061&amp;width=1000 1000w, \/\/powmr.com\/cdn\/shop\/files\/three-stage-charging-solar-charge-controller.jpg?v=1685527061&amp;width=1200 1200w, \/\/powmr.com\/cdn\/shop\/files\/three-stage-charging-solar-charge-controller.jpg?v=1685527061&amp;width=1400 1400w, \/\/powmr.com\/cdn\/shop\/files\/three-stage-charging-solar-charge-controller.jpg?v=1685527061&amp;width=1600 1600w\" alt=\"Solar charge controller three stage charging\" width=\"1600\" height=\"1600\" \/><img loading=\"lazy\" decoding=\"async\" class=\"rounded-sm is-visible\" src=\"https:\/\/powmr.com\/cdn\/shop\/files\/60a-mppt-solar-charge-controller-for-12volt-24volt-48v-36v-solar-batteries.jpg?v=1685615985&amp;width=1600\" sizes=\"(max-width: 740px) 100vw, 650px\" srcset=\"\/\/powmr.com\/cdn\/shop\/files\/60a-mppt-solar-charge-controller-for-12volt-24volt-48v-36v-solar-batteries.jpg?v=1685615985&amp;width=200 200w, \/\/powmr.com\/cdn\/shop\/files\/60a-mppt-solar-charge-controller-for-12volt-24volt-48v-36v-solar-batteries.jpg?v=1685615985&amp;width=300 300w, \/\/powmr.com\/cdn\/shop\/files\/60a-mppt-solar-charge-controller-for-12volt-24volt-48v-36v-solar-batteries.jpg?v=1685615985&amp;width=400 400w, \/\/powmr.com\/cdn\/shop\/files\/60a-mppt-solar-charge-controller-for-12volt-24volt-48v-36v-solar-batteries.jpg?v=1685615985&amp;width=600 600w, \/\/powmr.com\/cdn\/shop\/files\/60a-mppt-solar-charge-controller-for-12volt-24volt-48v-36v-solar-batteries.jpg?v=1685615985&amp;width=800 800w, \/\/powmr.com\/cdn\/shop\/files\/60a-mppt-solar-charge-controller-for-12volt-24volt-48v-36v-solar-batteries.jpg?v=1685615985&amp;width=1000 1000w, \/\/powmr.com\/cdn\/shop\/files\/60a-mppt-solar-charge-controller-for-12volt-24volt-48v-36v-solar-batteries.jpg?v=1685615985&amp;width=1200 1200w, \/\/powmr.com\/cdn\/shop\/files\/60a-mppt-solar-charge-controller-for-12volt-24volt-48v-36v-solar-batteries.jpg?v=1685615985&amp;width=1400 1400w, \/\/powmr.com\/cdn\/shop\/files\/60a-mppt-solar-charge-controller-for-12volt-24volt-48v-36v-solar-batteries.jpg?v=1685615985&amp;width=1600 1600w\" alt=\"60A MPPT solar charge controller for 12v 24v 36v 48v solar batteries\" width=\"1600\" height=\"1600\" \/><img loading=\"lazy\" decoding=\"async\" class=\"rounded-sm is-visible\" src=\"https:\/\/powmr.com\/cdn\/shop\/files\/60a-mppt-solar-charge-controller-max-160v-input-pow-m60-pro.jpg?v=1685669276&amp;width=1600\" sizes=\"(max-width: 740px) 100vw, 650px\" srcset=\"\/\/powmr.com\/cdn\/shop\/files\/60a-mppt-solar-charge-controller-max-160v-input-pow-m60-pro.jpg?v=1685669276&amp;width=200 200w, \/\/powmr.com\/cdn\/shop\/files\/60a-mppt-solar-charge-controller-max-160v-input-pow-m60-pro.jpg?v=1685669276&amp;width=300 300w, \/\/powmr.com\/cdn\/shop\/files\/60a-mppt-solar-charge-controller-max-160v-input-pow-m60-pro.jpg?v=1685669276&amp;width=400 400w, \/\/powmr.com\/cdn\/shop\/files\/60a-mppt-solar-charge-controller-max-160v-input-pow-m60-pro.jpg?v=1685669276&amp;width=600 600w, \/\/powmr.com\/cdn\/shop\/files\/60a-mppt-solar-charge-controller-max-160v-input-pow-m60-pro.jpg?v=1685669276&amp;width=800 800w, \/\/powmr.com\/cdn\/shop\/files\/60a-mppt-solar-charge-controller-max-160v-input-pow-m60-pro.jpg?v=1685669276&amp;width=1000 1000w, \/\/powmr.com\/cdn\/shop\/files\/60a-mppt-solar-charge-controller-max-160v-input-pow-m60-pro.jpg?v=1685669276&amp;width=1200 1200w, \/\/powmr.com\/cdn\/shop\/files\/60a-mppt-solar-charge-controller-max-160v-input-pow-m60-pro.jpg?v=1685669276&amp;width=1400 1400w, \/\/powmr.com\/cdn\/shop\/files\/60a-mppt-solar-charge-controller-max-160v-input-pow-m60-pro.jpg?v=1685669276&amp;width=1600 1600w\" alt=\"wide PV input mppt solar charge controller\" width=\"1600\" height=\"1600\" \/><\/div>\n<div><\/div>\n<div>\n<p>Descarga la ficha t\u00e9cnica del producto AQUI:<\/p>\n<p><a href=\"https:\/\/ecologicosolar.com\/wp-content\/uploads\/2023\/08\/POWMRMPPT60WA.pdf\">POWMRMPPT60WA<\/a><\/p>\n<\/div>","protected":false},"excerpt":{"rendered":"<p>Descarga la ficha t\u00e9cnica del producto AQUI:<\/p>\n<p><a href=\"https:\/\/ecologicosolar.com\/wp-content\/uploads\/2023\/08\/POWMRMPPT60WA.pdf\">POWMRMPPT60WA<\/a><\/p>","protected":false},"featured_media":883,"template":"","meta":{"_coblocks_attr":"","_coblocks_dimensions":"","_coblocks_responsive_height":"","_coblocks_accordion_ie_support":"","_regular_price":["1650"],"currency_symbol":[]},"pwb-brand":[],"product_brand":[],"product_cat":[23],"product_tag":[18],"class_list":{"0":"post-882","1":"product","2":"type-product","3":"status-publish","4":"has-post-thumbnail","6":"product_cat-regulador-mppt","7":"product_tag-powmr","9":"first","10":"instock","11":"shipping-taxable","12":"purchasable","13":"product-type-simple"},"post_slider_layout_featured_media_urls":{"thumbnail":["https:\/\/ecologicosolar.com\/wp-content\/uploads\/2023\/08\/8.-Controlador-PowMr-MPPT60A-150x150.gif",150,150,true],"post_slider_layout_landscape_large":["https:\/\/ecologicosolar.com\/wp-content\/uploads\/2023\/08\/8.-Controlador-PowMr-MPPT60A-1080x800.gif",1080,800,true],"post_slider_layout_portrait_large":["https:\/\/ecologicosolar.com\/wp-content\/uploads\/2023\/08\/8.-Controlador-PowMr-MPPT60A.gif",1080,1080,false],"post_slider_layout_square_large":["https:\/\/ecologicosolar.com\/wp-content\/uploads\/2023\/08\/8.-Controlador-PowMr-MPPT60A.gif",1080,1080,false],"post_slider_layout_landscape":["https:\/\/ecologicosolar.com\/wp-content\/uploads\/2023\/08\/8.-Controlador-PowMr-MPPT60A-600x400.gif",600,400,true],"post_slider_layout_portrait":["https:\/\/ecologicosolar.com\/wp-content\/uploads\/2023\/08\/8.-Controlador-PowMr-MPPT60A-600x900.gif",600,900,true],"post_slider_layout_square":["https:\/\/ecologicosolar.com\/wp-content\/uploads\/2023\/08\/8.-Controlador-PowMr-MPPT60A-600x600.gif",600,600,true],"full":["https:\/\/ecologicosolar.com\/wp-content\/uploads\/2023\/08\/8.-Controlador-PowMr-MPPT60A.gif",1080,1080,false]},"brands":[],"_links":{"self":[{"href":"https:\/\/ecologicosolar.com\/en\/wp-json\/wp\/v2\/product\/882","targetHints":{"allow":["GET"]}}],"collection":[{"href":"https:\/\/ecologicosolar.com\/en\/wp-json\/wp\/v2\/product"}],"about":[{"href":"https:\/\/ecologicosolar.com\/en\/wp-json\/wp\/v2\/types\/product"}],"wp:featuredmedia":[{"embeddable":true,"href":"https:\/\/ecologicosolar.com\/en\/wp-json\/wp\/v2\/media\/883"}],"wp:attachment":[{"href":"https:\/\/ecologicosolar.com\/en\/wp-json\/wp\/v2\/media?parent=882"}],"wp:term":[{"taxonomy":"pwb-brand","embeddable":true,"href":"https:\/\/ecologicosolar.com\/en\/wp-json\/wp\/v2\/pwb-brand?post=882"},{"taxonomy":"product_brand","embeddable":true,"href":"https:\/\/ecologicosolar.com\/en\/wp-json\/wp\/v2\/product_brand?post=882"},{"taxonomy":"product_cat","embeddable":true,"href":"https:\/\/ecologicosolar.com\/en\/wp-json\/wp\/v2\/product_cat?post=882"},{"taxonomy":"product_tag","embeddable":true,"href":"https:\/\/ecologicosolar.com\/en\/wp-json\/wp\/v2\/product_tag?post=882"}],"curies":[{"name":"wp","href":"https:\/\/api.w.org\/{rel}","templated":true}]}}