{"id":895,"date":"2023-08-06T20:48:04","date_gmt":"2023-08-07T02:48:04","guid":{"rendered":"https:\/\/ecologicosolar.com\/?post_type=product&#038;p=895"},"modified":"2023-08-06T21:02:11","modified_gmt":"2023-08-07T03:02:11","slug":"fu9si5r5g2-inversor-para-bomba-de-agua-5-5kwp-trifasico","status":"publish","type":"product","link":"https:\/\/ecologicosolar.com\/en\/product\/fu9si5r5g2-inversor-para-bomba-de-agua-5-5kwp-trifasico\/","title":{"rendered":"FU9SI5R5G2 &#8211; Inversor Para Bomba de Agua 5.5kWp Trif\u00e1sico"},"content":{"rendered":"<table border=\"1\" cellspacing=\"0\" cellpadding=\"0\">\n<tbody>\n<tr>\n<td width=\"146\">Model<\/td>\n<td width=\"129\">-SS2<\/td>\n<td width=\"120\">-S2<\/td>\n<td width=\"164\">-4<\/td>\n<\/tr>\n<tr>\n<td width=\"146\">AC Input Voltage (VAC)<\/td>\n<td colspan=\"2\" width=\"250\">1PH 220(-15%)~240(+10%)<\/td>\n<td width=\"164\">3PH 380(-15%)~440(+10%)<\/td>\n<\/tr>\n<tr>\n<td width=\"146\">Output Voltage (VAC)<\/td>\n<td width=\"129\">1PH 0-220V<\/td>\n<td width=\"120\">3PH 0-220V<\/td>\n<td width=\"164\">3PH 0-380V<\/td>\n<\/tr>\n<tr>\n<td width=\"146\">Max. DC Voltage (VDC)<\/td>\n<td colspan=\"2\" width=\"250\">400<\/td>\n<td width=\"164\">800<\/td>\n<\/tr>\n<tr>\n<td width=\"146\">Start-up Voltage (VDC)<\/td>\n<td colspan=\"2\" width=\"250\">200<\/td>\n<td width=\"164\">300<\/td>\n<\/tr>\n<tr>\n<td width=\"146\">Lowest Working Voltage (VDC)<\/td>\n<td colspan=\"2\" width=\"250\">150<\/td>\n<td width=\"164\">250<\/td>\n<\/tr>\n<tr>\n<td width=\"146\">Recommend DC Input Voltage Range (VDC)<\/td>\n<td colspan=\"2\" width=\"250\">200~400<\/td>\n<td width=\"164\">300~750<\/td>\n<\/tr>\n<tr>\n<td width=\"146\">Recommend MPP Voltage (V)<\/td>\n<td colspan=\"2\" width=\"250\">330<\/td>\n<td width=\"164\">550<\/td>\n<\/tr>\n<tr>\n<td width=\"146\">Output Frequency<\/td>\n<td colspan=\"3\" width=\"414\">0-400Hz<\/td>\n<\/tr>\n<\/tbody>\n<\/table>\n<table border=\"1\" cellspacing=\"0\" cellpadding=\"0\">\n<tbody>\n<tr>\n<td width=\"159\">Series<\/td>\n<td width=\"184\">Model<\/td>\n<td width=\"121\">Rated Output Power (kW)<\/td>\n<td width=\"134\">Rated Input Current (A)<\/td>\n<td width=\"117\">Rated Output Current (A)<\/td>\n<\/tr>\n<tr>\n<td rowspan=\"4\" width=\"159\">-SS2(0.75kW~4kW)<\/td>\n<td width=\"184\">FU9000SI-0R7G-SS2<\/td>\n<td width=\"121\">0.75<\/td>\n<td width=\"134\">9.3<\/td>\n<td width=\"117\">7.2<\/td>\n<\/tr>\n<tr>\n<td width=\"184\">FU9000SI-1R5G-SS2<\/td>\n<td width=\"121\">1.5<\/td>\n<td width=\"134\">15.7<\/td>\n<td width=\"117\">10.2<\/td>\n<\/tr>\n<tr>\n<td width=\"184\">FU9000SI-2R2G-SS2<\/td>\n<td width=\"121\">2.2<\/td>\n<td width=\"134\">24<\/td>\n<td width=\"117\">14<\/td>\n<\/tr>\n<tr>\n<td width=\"184\">FU9000SI-004G-SS2<\/td>\n<td width=\"121\">4<\/td>\n<td width=\"134\">32<\/td>\n<td width=\"117\">25<\/td>\n<\/tr>\n<tr>\n<td rowspan=\"3\" width=\"159\">-S2(0.75kW~2.2kW)<\/td>\n<td width=\"184\">FU9000SI-0R7G-S2<\/td>\n<td width=\"121\">0.75<\/td>\n<td width=\"134\">9.3<\/td>\n<td width=\"117\">4.2<\/td>\n<\/tr>\n<tr>\n<td width=\"184\">FU9000SI-1R5G-S2<\/td>\n<td width=\"121\">1.5<\/td>\n<td width=\"134\">15.7<\/td>\n<td width=\"117\">7.5<\/td>\n<\/tr>\n<tr>\n<td width=\"184\">FU9000SI-2R2G-S2<\/td>\n<td width=\"121\">2.2<\/td>\n<td width=\"134\">24<\/td>\n<td width=\"117\">10<\/td>\n<\/tr>\n<tr>\n<td rowspan=\"24\" width=\"159\">-4(0.75kW~315kW)<\/td>\n<td width=\"184\">FU9000SI-0R7G-4<\/td>\n<td width=\"121\">0.75<\/td>\n<td width=\"134\">3.4<\/td>\n<td width=\"117\">2.5<\/td>\n<\/tr>\n<tr>\n<td width=\"184\">FU9000SI-1R5G-4<\/td>\n<td width=\"121\">1.5<\/td>\n<td width=\"134\">5<\/td>\n<td width=\"117\">4.2<\/td>\n<\/tr>\n<tr>\n<td width=\"184\">FU9000SI-2R2G-4<\/td>\n<td width=\"121\">2.2<\/td>\n<td width=\"134\">5.8<\/td>\n<td width=\"117\">5.5<\/td>\n<\/tr>\n<tr>\n<td width=\"184\">FU9000SI-004G-4<\/td>\n<td width=\"121\">4<\/td>\n<td width=\"134\">13.5<\/td>\n<td width=\"117\">9.5<\/td>\n<\/tr>\n<tr>\n<td width=\"184\">FU9000SI-5R5G-4<\/td>\n<td width=\"121\">5.5<\/td>\n<td width=\"134\">19.5<\/td>\n<td width=\"117\">14<\/td>\n<\/tr>\n<tr>\n<td width=\"184\">FU9000SI-7R5G-4<\/td>\n<td width=\"121\">7.5<\/td>\n<td width=\"134\">25<\/td>\n<td width=\"117\">18.5<\/td>\n<\/tr>\n<tr>\n<td width=\"184\">FU9000SI-011G-4<\/td>\n<td width=\"121\">11<\/td>\n<td width=\"134\">32<\/td>\n<td width=\"117\">25<\/td>\n<\/tr>\n<tr>\n<td width=\"184\">FU9000SI-015G-4<\/td>\n<td width=\"121\">15<\/td>\n<td width=\"134\">40<\/td>\n<td width=\"117\">32<\/td>\n<\/tr>\n<tr>\n<td width=\"184\">FU9000SI-018G-4<\/td>\n<td width=\"121\">18.5<\/td>\n<td width=\"134\">47<\/td>\n<td width=\"117\">38<\/td>\n<\/tr>\n<tr>\n<td width=\"184\">FU9000SI-022G-4<\/td>\n<td width=\"121\">22<\/td>\n<td width=\"134\">51<\/td>\n<td width=\"117\">45<\/td>\n<\/tr>\n<tr>\n<td width=\"184\">FU9000SI-030G-4<\/td>\n<td width=\"121\">30<\/td>\n<td width=\"134\">70<\/td>\n<td width=\"117\">60<\/td>\n<\/tr>\n<tr>\n<td width=\"184\">FU9000SI-037G-4<\/td>\n<td width=\"121\">37<\/td>\n<td width=\"134\">80<\/td>\n<td width=\"117\">75<\/td>\n<\/tr>\n<tr>\n<td width=\"184\">FU9000SI-045G-4<\/td>\n<td width=\"121\">45<\/td>\n<td width=\"134\">94<\/td>\n<td width=\"117\">92<\/td>\n<\/tr>\n<tr>\n<td width=\"184\">FU9000SI-055G-4<\/td>\n<td width=\"121\">55<\/td>\n<td width=\"134\">128<\/td>\n<td width=\"117\">115<\/td>\n<\/tr>\n<tr>\n<td width=\"184\">FU9000SI-075G-4<\/td>\n<td width=\"121\">75<\/td>\n<td width=\"134\">160<\/td>\n<td width=\"117\">150<\/td>\n<\/tr>\n<tr>\n<td width=\"184\">FU9000SI-090G-4<\/td>\n<td width=\"121\">90<\/td>\n<td width=\"134\">190<\/td>\n<td width=\"117\">180<\/td>\n<\/tr>\n<tr>\n<td width=\"184\">FU9000SI-110G-4<\/td>\n<td width=\"121\">110<\/td>\n<td width=\"134\">225<\/td>\n<td width=\"117\">215<\/td>\n<\/tr>\n<tr>\n<td width=\"184\">FU9000SI-132G-4<\/td>\n<td width=\"121\">132<\/td>\n<td width=\"134\">265<\/td>\n<td width=\"117\">260<\/td>\n<\/tr>\n<tr>\n<td width=\"184\">FU9000SI-160G-4<\/td>\n<td width=\"121\">160<\/td>\n<td width=\"134\">310<\/td>\n<td width=\"117\">305<\/td>\n<\/tr>\n<tr>\n<td width=\"184\">FU9000SI-185G-4<\/td>\n<td width=\"121\">185<\/td>\n<td width=\"134\">345<\/td>\n<td width=\"117\">340<\/td>\n<\/tr>\n<tr>\n<td width=\"184\">FU9000SI-200G-4<\/td>\n<td width=\"121\">200<\/td>\n<td width=\"134\">385<\/td>\n<td width=\"117\">380<\/td>\n<\/tr>\n<tr>\n<td width=\"184\">FU9000SI-250G-4<\/td>\n<td width=\"121\">250<\/td>\n<td width=\"134\">468<\/td>\n<td width=\"117\">465<\/td>\n<\/tr>\n<tr>\n<td width=\"184\">FU9000SI-280G-4<\/td>\n<td width=\"121\">280<\/td>\n<td width=\"134\">525<\/td>\n<td width=\"117\">520<\/td>\n<\/tr>\n<tr>\n<td width=\"184\">FU9000SI-315G-4<\/td>\n<td width=\"121\">315<\/td>\n<td width=\"134\">590<\/td>\n<td width=\"117\">585<\/td>\n<\/tr>\n<\/tbody>\n<\/table>\n<div class=\"wp-block-image\">\n<figure class=\"aligncenter size-full\"><img fetchpriority=\"high\" decoding=\"async\" class=\"wp-image-1604\" src=\"http:\/\/usfull.net\/wp-content\/uploads\/2021\/12\/USFULL-FU90000SI-1.5kW-Solar-Pump-Inverter.webp\" alt=\"USFULL-FU90000SI-1.5kW-Solar-Pump-Inverter\" width=\"750\" height=\"907\" \/><\/figure>\n<\/div>\n<div class=\"wp-block-image\">\n<figure class=\"aligncenter size-full\"><img decoding=\"async\" class=\"wp-image-1609\" src=\"http:\/\/usfull.net\/wp-content\/uploads\/2021\/12\/USFULL-2.2kW-220V-Solar-Pump-Inverter-Product-Detail.webp\" alt=\"USFULL-2.2kW-220V-Solar-Pump-Inverter-Product-Detail\" width=\"750\" height=\"574\" \/><\/figure>\n<\/div>\n<div class=\"wp-block-image\">\n<figure class=\"aligncenter size-full\"><img decoding=\"async\" class=\"wp-image-1605\" src=\"http:\/\/usfull.net\/wp-content\/uploads\/2021\/12\/USFULL-Solar-Pump-Controller-Product-Detail.webp\" alt=\"USFULL-Solar-Pump-Controller-Product-Detail\" width=\"750\" height=\"690\" \/><\/figure>\n<\/div>\n<div class=\"wp-block-image\">\n<figure class=\"aligncenter size-full\"><img loading=\"lazy\" decoding=\"async\" class=\"wp-image-1607\" src=\"http:\/\/usfull.net\/wp-content\/uploads\/2021\/12\/USFULL-Solar-Pump-Inverters-Product-Detail.webp\" alt=\"USFULL-Solar-Pump-Inverters-Product-Detail\" width=\"750\" height=\"1095\" \/><\/figure>\n<\/div>\n<div class=\"wp-block-image\">\n<figure class=\"aligncenter size-full\"><img loading=\"lazy\" decoding=\"async\" class=\"wp-image-1606\" src=\"http:\/\/usfull.net\/wp-content\/uploads\/2021\/12\/USFULL-Solar-Pump-Controllers-Product-Detail.webp\" alt=\"USFULL-Solar-Pump-Controllers-Product-Detail\" width=\"750\" height=\"872\" \/><\/figure>\n<\/div>\n<div class=\"wp-block-image\">\n<figure class=\"aligncenter size-full\"><img loading=\"lazy\" decoding=\"async\" class=\"wp-image-1608\" src=\"http:\/\/usfull.net\/wp-content\/uploads\/2021\/12\/USFULL-Solar-Water-Pump-Inverter-Product-Detail.webp\" alt=\"USFULL-Solar-Water-Pump-Inverter-Product-Detail\" width=\"750\" height=\"680\" \/><\/figure>\n<\/div>","protected":false},"excerpt":{"rendered":"<p><strong>Alto Rendimiento Electrizante<\/strong> Experimenta la cima del rendimiento el\u00e9ctrico con el Inversor USFULL. Su eficiencia m\u00e1xima de trabajo del 99.5% garantiza que cada voltio se traduzca en potencia utilizable. Gracias a su algoritmo MPPT autom\u00e1tico, aprovecha al m\u00e1ximo cada chispa de energ\u00eda. Adem\u00e1s, nuestro canal de aire de dise\u00f1o reciente asegura una eficiencia estable en todo momento, proporcionando un flujo constante de energ\u00eda que alimenta tus necesidades.<\/p>\n<p><strong>Sinton\u00eda de Frecuencia Avanzada<\/strong> Lleva tu sistema al siguiente nivel con nuestro soporte de frecuencia de hasta 400Hz. Este inversor no solo proporciona potencia, sino que lo hace con precisi\u00f3n y versatilidad. Desde equipos industriales hasta aplicaciones especiales, tu sistema encontrar\u00e1 una afinaci\u00f3n perfecta con el Inversor USFULL.<\/p>\n<p><strong>Operaci\u00f3n Fluida y Sin Esfuerzo<\/strong> Simplifica tu vida el\u00e9ctrica con el Inversor USFULL. Su operaci\u00f3n totalmente autom\u00e1tica elimina la necesidad de configuraciones complicadas antes de encenderlo. Con conexiones claras y convenientes para el interruptor flotante, interruptor de corriente continua, entrada de energ\u00eda y bomba de corriente alterna, la puesta en marcha es m\u00e1s sencilla que nunca.<\/p>\n<p><strong>Amplitud de Rango de Entrada<\/strong> Preparado para desaf\u00edos el\u00e9ctricos diversos, nuestro inversor admite una amplia gama de entradas de energ\u00eda de corriente alterna de 220V\u00b115% en 3 fases. Con un voltaje de entrada de corriente continua m\u00e1ximo de 800VDC y una recomendaci\u00f3n VMP de 550VDC, este inversor se adapta a diversas configuraciones con la m\u00e1xima eficiencia.<\/p>\n<p><strong>Protecci\u00f3n Integral, Energ\u00eda Segura<\/strong> Tu tranquilidad es primordial. El Inversor USFULL est\u00e1 equipado con protecciones integrales, incluyendo salvaguardas contra bajo voltaje\/sobrevoltaje, sobre corriente, luz solar d\u00e9bil y agua completa\/falta de agua. Toma el control total de tu sistema el\u00e9ctrico con la confianza de que USFULL est\u00e1 a tu lado, protegiendo cada chispa y amperio.<\/p>\n<p>Descubre una nueva dimensi\u00f3n en rendimiento y facilidad con el Inversor USFULL. Energiza tus ambientes con precisi\u00f3n, facilidad y seguridad. Lleva la energ\u00eda el\u00e9ctrica a nuevas alturas con USFULL y s\u00e9 parte de la revoluci\u00f3n el\u00e9ctrica del futuro.<\/p>","protected":false},"featured_media":896,"template":"","meta":{"_coblocks_attr":"","_coblocks_dimensions":"","_coblocks_responsive_height":"","_coblocks_accordion_ie_support":"","_regular_price":["7200"],"currency_symbol":[]},"pwb-brand":[],"product_brand":[],"product_cat":[19],"product_tag":[52],"class_list":{"0":"post-895","1":"product","2":"type-product","3":"status-publish","4":"has-post-thumbnail","6":"product_cat-inversor-aislado","7":"product_tag-usfull","9":"first","10":"instock","11":"shipping-taxable","12":"purchasable","13":"product-type-simple"},"post_slider_layout_featured_media_urls":{"thumbnail":["https:\/\/ecologicosolar.com\/wp-content\/uploads\/2023\/08\/Inversor-De-Bomba-de-Agua-USFULL-2-150x150.gif",150,150,true],"post_slider_layout_landscape_large":["https:\/\/ecologicosolar.com\/wp-content\/uploads\/2023\/08\/Inversor-De-Bomba-de-Agua-USFULL-2-1080x800.gif",1080,800,true],"post_slider_layout_portrait_large":["https:\/\/ecologicosolar.com\/wp-content\/uploads\/2023\/08\/Inversor-De-Bomba-de-Agua-USFULL-2.gif",1080,1080,false],"post_slider_layout_square_large":["https:\/\/ecologicosolar.com\/wp-content\/uploads\/2023\/08\/Inversor-De-Bomba-de-Agua-USFULL-2.gif",1080,1080,false],"post_slider_layout_landscape":["https:\/\/ecologicosolar.com\/wp-content\/uploads\/2023\/08\/Inversor-De-Bomba-de-Agua-USFULL-2-600x400.gif",600,400,true],"post_slider_layout_portrait":["https:\/\/ecologicosolar.com\/wp-content\/uploads\/2023\/08\/Inversor-De-Bomba-de-Agua-USFULL-2-600x900.gif",600,900,true],"post_slider_layout_square":["https:\/\/ecologicosolar.com\/wp-content\/uploads\/2023\/08\/Inversor-De-Bomba-de-Agua-USFULL-2-600x600.gif",600,600,true],"full":["https:\/\/ecologicosolar.com\/wp-content\/uploads\/2023\/08\/Inversor-De-Bomba-de-Agua-USFULL-2.gif",1080,1080,false]},"brands":[],"_links":{"self":[{"href":"https:\/\/ecologicosolar.com\/en\/wp-json\/wp\/v2\/product\/895","targetHints":{"allow":["GET"]}}],"collection":[{"href":"https:\/\/ecologicosolar.com\/en\/wp-json\/wp\/v2\/product"}],"about":[{"href":"https:\/\/ecologicosolar.com\/en\/wp-json\/wp\/v2\/types\/product"}],"wp:featuredmedia":[{"embeddable":true,"href":"https:\/\/ecologicosolar.com\/en\/wp-json\/wp\/v2\/media\/896"}],"wp:attachment":[{"href":"https:\/\/ecologicosolar.com\/en\/wp-json\/wp\/v2\/media?parent=895"}],"wp:term":[{"taxonomy":"pwb-brand","embeddable":true,"href":"https:\/\/ecologicosolar.com\/en\/wp-json\/wp\/v2\/pwb-brand?post=895"},{"taxonomy":"product_brand","embeddable":true,"href":"https:\/\/ecologicosolar.com\/en\/wp-json\/wp\/v2\/product_brand?post=895"},{"taxonomy":"product_cat","embeddable":true,"href":"https:\/\/ecologicosolar.com\/en\/wp-json\/wp\/v2\/product_cat?post=895"},{"taxonomy":"product_tag","embeddable":true,"href":"https:\/\/ecologicosolar.com\/en\/wp-json\/wp\/v2\/product_tag?post=895"}],"curies":[{"name":"wp","href":"https:\/\/api.w.org\/{rel}","templated":true}]}}