{"id":899,"date":"2023-08-06T21:31:52","date_gmt":"2023-08-07T03:31:52","guid":{"rendered":"https:\/\/ecologicosolar.com\/?post_type=product&#038;p=899"},"modified":"2023-08-06T21:34:22","modified_gmt":"2023-08-07T03:34:22","slug":"fpv20a2p550v-circuit-breaker-de-20v-2-polos-550v-dc","status":"publish","type":"product","link":"https:\/\/ecologicosolar.com\/en\/product\/fpv20a2p550v-circuit-breaker-de-20v-2-polos-550v-dc\/","title":{"rendered":"FPV20A2P550V &#8211; Circuit Breaker de 20V 2 Polos 550V DC"},"content":{"rendered":"<p><strong>Protector Suplementario Solar 2P DC MCB: Eficiente Defensa contra Sobrecorriente<\/strong><\/p>\n<p>Los protectores suplementarios Solar 2P DC MCB est\u00e1n dise\u00f1ados para brindar protecci\u00f3n contra sobrecorriente en electrodom\u00e9sticos o equipos el\u00e9ctricos, donde la protecci\u00f3n del circuito derivado ya est\u00e1 presente o no es requerida. Estos dispositivos est\u00e1n dise\u00f1ados espec\u00edficamente para aplicaciones de control en corriente continua (CC).<\/p>\n<p><strong>Caracter\u00edsticas del Producto<\/strong><\/p>\n<ul>\n<li>MCB Especializado para Aplicaciones en CC<\/li>\n<li>Caracter\u00edsticas de disparo Tipo B, C y D (detalles disponibles a solicitud)<\/li>\n<li>Capacidad de Interrupci\u00f3n de 10kA (IEC60947)<\/li>\n<li>1P (250V DC), 2P (550V DC), 3P (750V DC), 4P (1000V DC)<\/li>\n<\/ul>\n<p><strong>Serie de Disyuntores FPV-63<\/strong><\/p>\n<table>\n<thead>\n<tr>\n<th>Modelo<\/th>\n<th>FPV-63<\/th>\n<\/tr>\n<\/thead>\n<tbody>\n<tr>\n<td>Grado de Marco<\/td>\n<td>63<\/td>\n<\/tr>\n<tr>\n<td><\/td>\n<td><\/td>\n<\/tr>\n<tr>\n<td>Voltaje Nominal de Operaci\u00f3n (VDC)<\/td>\n<td>DC12V-DC550V<\/td>\n<\/tr>\n<tr>\n<td>Corriente Nominal In (A)<\/td>\n<td>20A<\/td>\n<\/tr>\n<tr>\n<td>Voltaje de Aislamiento Nominal Ui (VDC)<\/td>\n<td>1200VDC<\/td>\n<\/tr>\n<tr>\n<td>Voltaje de Impacto Nominal Uimp (KV)<\/td>\n<td>4<\/td>\n<\/tr>\n<tr>\n<td>Capacidad de Interrupci\u00f3n M\u00e1xima Icu (KA)<\/td>\n<td>6<\/td>\n<\/tr>\n<tr>\n<td>Capacidad de Interrupci\u00f3n en Funcionamiento Ics (%Icu)<\/td>\n<td>75%<\/td>\n<\/tr>\n<tr>\n<td>Tipo de Curva<\/td>\n<td>C<\/td>\n<\/tr>\n<tr>\n<td>Tipo de Disparo<\/td>\n<td>T\u00e9rmico-magn\u00e9tico<\/td>\n<\/tr>\n<tr>\n<td>Mec\u00e1nico<\/td>\n<td>Valor promedio real: 20000<\/td>\n<\/tr>\n<tr>\n<td>Est\u00e1ndar<\/td>\n<td>Valor promedio real: 8500<\/td>\n<\/tr>\n<tr>\n<td>El\u00e9ctrico<\/td>\n<td>Valor promedio real: 2500<\/td>\n<\/tr>\n<tr>\n<td>Est\u00e1ndar<\/td>\n<td>Valor promedio real: 1500<\/td>\n<\/tr>\n<\/tbody>\n<\/table>\n<p>Obt\u00e9n una protecci\u00f3n precisa y confiable con los protectores suplementarios Solar 2P DC MCB. Dise\u00f1ados para mantener la seguridad y el rendimiento en sistemas de corriente continua, estos dispositivos son fundamentales para tus sistemas solares.<\/p>\n<p>&nbsp;<\/p>\n<p><img fetchpriority=\"high\" decoding=\"async\" src=\"https:\/\/www.feeo-solar.com\/Content\/uploads\/202233440\/20221111102541c696ed5b973e49aab3da96e7cab3c3e5.jpg\" alt=\"DC-MCB-2P_\" width=\"790\" height=\"6038\" \/><\/p>","protected":false},"excerpt":{"rendered":"<p><strong>Protector Suplementario Solar 2P DC MCB: Eficiente Defensa contra Sobrecorriente<\/strong><\/p>\n<p>Los protectores suplementarios Solar 2P DC MCB est\u00e1n dise\u00f1ados para brindar protecci\u00f3n contra sobrecorriente en electrodom\u00e9sticos o equipos el\u00e9ctricos, donde la protecci\u00f3n del circuito derivado ya est\u00e1 presente o no es requerida. Estos dispositivos est\u00e1n dise\u00f1ados espec\u00edficamente para aplicaciones de control en corriente continua (CC).<\/p>\n<p><strong>Caracter\u00edsticas del Producto<\/strong><\/p>\n<ul>\n<li>MCB Especializado para Aplicaciones en CC<\/li>\n<li>Caracter\u00edsticas de disparo Tipo B, C y D (detalles disponibles a solicitud)<\/li>\n<li>Capacidad de Interrupci\u00f3n de 10kA (IEC60947)<\/li>\n<li>1P (250V DC), 2P (550V DC), 3P (750V DC), 4P (1000V DC)<\/li>\n<\/ul>\n<p>&nbsp;<\/p>","protected":false},"featured_media":901,"template":"","meta":{"_coblocks_attr":"","_coblocks_dimensions":"","_coblocks_responsive_height":"","_coblocks_accordion_ie_support":"","_regular_price":["192"],"currency_symbol":[]},"pwb-brand":[],"product_brand":[],"product_cat":[26],"product_tag":[28],"class_list":{"0":"post-899","1":"product","2":"type-product","3":"status-publish","4":"has-post-thumbnail","6":"product_cat-accesorios","7":"product_tag-feeo","9":"first","10":"instock","11":"sale","12":"shipping-taxable","13":"purchasable","14":"product-type-simple"},"post_slider_layout_featured_media_urls":{"thumbnail":["https:\/\/ecologicosolar.com\/wp-content\/uploads\/2023\/08\/Protecciones_corto_circuito_feeo_paneles_solares_-150x150.gif",150,150,true],"post_slider_layout_landscape_large":["https:\/\/ecologicosolar.com\/wp-content\/uploads\/2023\/08\/Protecciones_corto_circuito_feeo_paneles_solares_-1200x800.gif",1200,800,true],"post_slider_layout_portrait_large":["https:\/\/ecologicosolar.com\/wp-content\/uploads\/2023\/08\/Protecciones_corto_circuito_feeo_paneles_solares_-1200x1300.gif",1200,1300,true],"post_slider_layout_square_large":["https:\/\/ecologicosolar.com\/wp-content\/uploads\/2023\/08\/Protecciones_corto_circuito_feeo_paneles_solares_-1200x1200.gif",1200,1200,true],"post_slider_layout_landscape":["https:\/\/ecologicosolar.com\/wp-content\/uploads\/2023\/08\/Protecciones_corto_circuito_feeo_paneles_solares_-600x400.gif",600,400,true],"post_slider_layout_portrait":["https:\/\/ecologicosolar.com\/wp-content\/uploads\/2023\/08\/Protecciones_corto_circuito_feeo_paneles_solares_-600x900.gif",600,900,true],"post_slider_layout_square":["https:\/\/ecologicosolar.com\/wp-content\/uploads\/2023\/08\/Protecciones_corto_circuito_feeo_paneles_solares_-600x600.gif",600,600,true],"full":["https:\/\/ecologicosolar.com\/wp-content\/uploads\/2023\/08\/Protecciones_corto_circuito_feeo_paneles_solares_.gif",1300,1300,false]},"brands":[],"_links":{"self":[{"href":"https:\/\/ecologicosolar.com\/en\/wp-json\/wp\/v2\/product\/899","targetHints":{"allow":["GET"]}}],"collection":[{"href":"https:\/\/ecologicosolar.com\/en\/wp-json\/wp\/v2\/product"}],"about":[{"href":"https:\/\/ecologicosolar.com\/en\/wp-json\/wp\/v2\/types\/product"}],"wp:featuredmedia":[{"embeddable":true,"href":"https:\/\/ecologicosolar.com\/en\/wp-json\/wp\/v2\/media\/901"}],"wp:attachment":[{"href":"https:\/\/ecologicosolar.com\/en\/wp-json\/wp\/v2\/media?parent=899"}],"wp:term":[{"taxonomy":"pwb-brand","embeddable":true,"href":"https:\/\/ecologicosolar.com\/en\/wp-json\/wp\/v2\/pwb-brand?post=899"},{"taxonomy":"product_brand","embeddable":true,"href":"https:\/\/ecologicosolar.com\/en\/wp-json\/wp\/v2\/product_brand?post=899"},{"taxonomy":"product_cat","embeddable":true,"href":"https:\/\/ecologicosolar.com\/en\/wp-json\/wp\/v2\/product_cat?post=899"},{"taxonomy":"product_tag","embeddable":true,"href":"https:\/\/ecologicosolar.com\/en\/wp-json\/wp\/v2\/product_tag?post=899"}],"curies":[{"name":"wp","href":"https:\/\/api.w.org\/{rel}","templated":true}]}}