{"id":904,"date":"2023-08-06T21:55:55","date_gmt":"2023-08-07T03:55:55","guid":{"rendered":"https:\/\/ecologicosolar.com\/?post_type=product&#038;p=904"},"modified":"2023-08-06T22:05:41","modified_gmt":"2023-08-07T04:05:41","slug":"fdi32a-interruptor-de-aislamiento-dc-32a-ip66","status":"publish","type":"product","link":"https:\/\/ecologicosolar.com\/en\/product\/fdi32a-interruptor-de-aislamiento-dc-32a-ip66\/","title":{"rendered":"FDI32A &#8211; Interruptor de Aislamiento DC 32A IP66"},"content":{"rendered":"<p>Caracter\u00edsticas Destacadas:<\/p>\n<ul>\n<li><strong>Dise\u00f1o Compacto y Vers\u00e1til<\/strong>: Perfecto cuando el espacio es limitado, nuestro interruptor es una soluci\u00f3n eficiente y de gran rendimiento.<\/li>\n<li><strong>Montaje en Riel DIN<\/strong>: La instalaci\u00f3n nunca ha sido tan f\u00e1cil. Nuestro dise\u00f1o de montaje en riel DIN asegura una instalaci\u00f3n sin complicaciones.<\/li>\n<li><strong>Corte de Carga hasta 8 Veces la Corriente Nominal<\/strong>: Ideal para el aislamiento de motores, nuestro interruptor puede soportar cargas de hasta 8 veces la corriente nominal.<\/li>\n<li><strong>Doble Corte con Remaches de Plata<\/strong>: Garantizamos un rendimiento superior y una larga duraci\u00f3n gracias a nuestro dise\u00f1o de doble corte con remaches de plata.<\/li>\n<li><strong>Mango de Alta Visibilidad<\/strong>: Nuestro interruptor est\u00e1 equipado con un mango rojo\/amarillo altamente visible, lo que facilita su operaci\u00f3n y uso.<\/li>\n<li><strong>Manijas Robustas para Candado<\/strong>: Priorizamos la seguridad. Nuestras manijas rojas\/amarillas o grises\/negras son lo suficientemente grandes para candados, brind\u00e1ndote control total.<\/li>\n<li><strong>Amplia Gama de Modelos<\/strong>: Desde 16A hasta 32A, ofrecemos una amplia gama de modelos para adaptarse a tus necesidades espec\u00edficas.<\/li>\n<li><strong>Alta Calificaci\u00f3n IP 66<\/strong>: Dise\u00f1ado para resistir entornos desafiantes, nuestro interruptor cuenta con una alta calificaci\u00f3n IP 66.<\/li>\n<li><strong>Capacidad de Interrupci\u00f3n Elevada con Espacio de Aire de 12.5 mm<\/strong>: Garantizamos un rendimiento \u00f3ptimo con una capacidad de interrupci\u00f3n elevada y un espacio de aire de 12.5 mm.<\/li>\n<li><strong>Instalaci\u00f3n y Operaci\u00f3n Sencillas<\/strong>: Nuestro sistema de montaje y operaci\u00f3n snap-on lo hace f\u00e1cil para que puedas comenzar en poco tiempo.<\/li>\n<\/ul>\n<p>&nbsp;<\/p>\n<p>&nbsp;<\/p>\n<table class=\"table\" border=\"0\" width=\"100%\" cellspacing=\"0\" cellpadding=\"0\">\n<colgroup>\n<col width=\"248\" \/>\n<col span=\"6\" width=\"72\" \/><\/colgroup>\n<tbody>\n<tr class=\"firstRow\">\n<td width=\"248\">Technical \u00a0 parameters<\/td>\n<td width=\"72\"><\/td>\n<td width=\"72\"><\/td>\n<td align=\"center\" valign=\"middle\" width=\"72\">Modelo<\/td>\n<td align=\"center\" valign=\"middle\" width=\"72\">x<\/td>\n<td align=\"center\" valign=\"middle\" width=\"72\">x<\/td>\n<td align=\"center\" valign=\"middle\" width=\"72\">FDI32A<\/td>\n<\/tr>\n<tr>\n<td colspan=\"7\" width=\"680\">The \u00a0 following CNC according to IEC60947-3,the use of category DC21B<\/td>\n<\/tr>\n<tr>\n<td width=\"248\">Main parameters<\/td>\n<td colspan=\"6\" width=\"432\"><\/td>\n<\/tr>\n<tr>\n<td width=\"248\">Rated insulation voltage<\/td>\n<td align=\"center\" valign=\"middle\" width=\"72\">U<sub>i<\/sub><\/td>\n<td align=\"center\" valign=\"middle\" width=\"72\"><\/td>\n<td align=\"center\" valign=\"middle\" width=\"72\">V<\/td>\n<td align=\"center\" valign=\"middle\" width=\"72\">1500<\/td>\n<td align=\"center\" valign=\"middle\" width=\"72\">1500<\/td>\n<td align=\"center\" valign=\"middle\" width=\"72\">1500<\/td>\n<\/tr>\n<tr>\n<td width=\"248\">Rated heating current<\/td>\n<td align=\"center\" valign=\"middle\" width=\"72\">I<sub>the<\/sub><\/td>\n<td align=\"center\" valign=\"middle\" width=\"72\"><\/td>\n<td align=\"center\" valign=\"middle\" width=\"72\">A<\/td>\n<td align=\"center\" valign=\"middle\" width=\"72\">16<\/td>\n<td align=\"center\" valign=\"middle\" width=\"72\">25<\/td>\n<td align=\"center\" valign=\"middle\" width=\"72\">32<\/td>\n<\/tr>\n<tr>\n<td width=\"248\">Rated impulse withstand voltage<\/td>\n<td align=\"center\" valign=\"middle\" width=\"72\">U<sub>imp<\/sub><\/td>\n<td align=\"center\" valign=\"middle\" width=\"72\"><\/td>\n<td align=\"center\" valign=\"middle\" width=\"72\">V<\/td>\n<td align=\"center\" valign=\"middle\" width=\"72\">8000<\/td>\n<td align=\"center\" valign=\"middle\" width=\"72\">8000<\/td>\n<td align=\"center\" valign=\"middle\" width=\"72\">8000<\/td>\n<\/tr>\n<tr>\n<td rowspan=\"2\" width=\"248\">Rated short-time withstand current(1s)<\/td>\n<td rowspan=\"2\" align=\"center\" valign=\"middle\" width=\"72\">I<sub>cw<\/sub><\/td>\n<td align=\"center\" valign=\"middle\" width=\"72\">2,4<\/td>\n<td align=\"center\" valign=\"middle\" width=\"72\">A<\/td>\n<td align=\"center\" valign=\"middle\" width=\"72\">800<\/td>\n<td align=\"center\" valign=\"middle\" width=\"72\">900<\/td>\n<td align=\"center\" valign=\"middle\" width=\"72\">1000<\/td>\n<\/tr>\n<tr>\n<td align=\"center\" valign=\"middle\" width=\"72\">2H<\/td>\n<td align=\"center\" valign=\"middle\" width=\"72\">A<\/td>\n<td align=\"center\" valign=\"middle\" width=\"72\">1300<\/td>\n<td align=\"center\" valign=\"middle\" width=\"72\">1500<\/td>\n<td align=\"center\" valign=\"middle\" width=\"72\">1700<\/td>\n<\/tr>\n<tr>\n<td rowspan=\"2\" width=\"248\">Rated short-circuit making capacity<\/td>\n<td rowspan=\"2\" align=\"center\" valign=\"middle\" width=\"72\">I<sub>cm<\/sub><\/td>\n<td align=\"center\" valign=\"middle\" width=\"72\">2,4<\/td>\n<td align=\"center\" valign=\"middle\" width=\"72\">A<\/td>\n<td align=\"center\" valign=\"middle\" width=\"72\">800<\/td>\n<td align=\"center\" valign=\"middle\" width=\"72\">900<\/td>\n<td align=\"center\" valign=\"middle\" width=\"72\">1000<\/td>\n<\/tr>\n<tr>\n<td align=\"center\" valign=\"middle\" width=\"72\">2H<\/td>\n<td align=\"center\" valign=\"middle\" width=\"72\">A<\/td>\n<td align=\"center\" valign=\"middle\" width=\"72\">1300<\/td>\n<td align=\"center\" valign=\"middle\" width=\"72\">1500<\/td>\n<td align=\"center\" valign=\"middle\" width=\"72\">1700<\/td>\n<\/tr>\n<tr>\n<td width=\"248\">Rated short-circuit current<\/td>\n<td align=\"center\" valign=\"middle\" width=\"72\">I<sub>cc<\/sub><\/td>\n<td align=\"center\" valign=\"middle\" width=\"72\"><\/td>\n<td align=\"center\" valign=\"middle\" width=\"72\">A<\/td>\n<td align=\"center\" valign=\"middle\" width=\"72\">5000<\/td>\n<td align=\"center\" valign=\"middle\" width=\"72\">5000<\/td>\n<td align=\"center\" valign=\"middle\" width=\"72\">5000<\/td>\n<\/tr>\n<tr>\n<td width=\"248\">Maximum fuse specifications<\/td>\n<td align=\"center\" valign=\"middle\" width=\"72\">g<sub>L<\/sub>(g<sub>G<\/sub>)<\/td>\n<td align=\"center\" valign=\"middle\" width=\"72\"><\/td>\n<td align=\"center\" valign=\"middle\" width=\"72\">A<\/td>\n<td align=\"center\" valign=\"middle\" width=\"72\">40<\/td>\n<td align=\"center\" valign=\"middle\" width=\"72\">63<\/td>\n<td align=\"center\" valign=\"middle\" width=\"72\">80<\/td>\n<\/tr>\n<tr>\n<td width=\"248\">Mechanical life<\/td>\n<td align=\"center\" valign=\"middle\" width=\"72\"><\/td>\n<td align=\"center\" valign=\"middle\" width=\"72\"><\/td>\n<td align=\"center\" valign=\"middle\" width=\"72\"><\/td>\n<td align=\"center\" valign=\"middle\" width=\"72\">10,000<\/td>\n<td align=\"center\" valign=\"middle\" width=\"72\">10,000<\/td>\n<td align=\"center\" valign=\"middle\" width=\"72\">10,000<\/td>\n<\/tr>\n<tr>\n<td width=\"248\">DC poles<\/td>\n<td align=\"center\" valign=\"middle\" width=\"72\"><\/td>\n<td align=\"center\" valign=\"middle\" width=\"72\"><\/td>\n<td align=\"center\" valign=\"middle\" width=\"72\"><\/td>\n<td colspan=\"3\" align=\"center\" valign=\"middle\" width=\"216\">2 or \u00a0 4<\/td>\n<\/tr>\n<tr>\n<td width=\"248\">Distance between contacts(pole-to-pole)<\/td>\n<td width=\"72\"><\/td>\n<td width=\"72\"><\/td>\n<td align=\"center\" valign=\"middle\" width=\"72\">mm<\/td>\n<td colspan=\"3\" align=\"center\" valign=\"middle\" width=\"216\">8<\/td>\n<\/tr>\n<tr>\n<td width=\"248\">Operating temperature<\/td>\n<td width=\"72\"><\/td>\n<td width=\"72\"><\/td>\n<td align=\"center\" valign=\"middle\" width=\"72\">\u2103<\/td>\n<td colspan=\"3\" align=\"center\" valign=\"middle\" width=\"216\">-25 \u00a0 to +70<\/td>\n<\/tr>\n<tr>\n<td width=\"248\">Storage temperature<\/td>\n<td width=\"72\"><\/td>\n<td width=\"72\"><\/td>\n<td align=\"center\" valign=\"middle\" width=\"72\">\u2103<\/td>\n<td colspan=\"3\" align=\"center\" valign=\"middle\" width=\"216\">-40 \u00a0 to +70<\/td>\n<\/tr>\n<tr>\n<td width=\"248\">Class of pollution<\/td>\n<td width=\"72\"><\/td>\n<td width=\"72\"><\/td>\n<td align=\"center\" valign=\"middle\" width=\"72\"><\/td>\n<td colspan=\"3\" align=\"center\" valign=\"middle\" width=\"216\">2<\/td>\n<\/tr>\n<tr>\n<td width=\"248\">Overvoltage category<\/td>\n<td width=\"72\"><\/td>\n<td width=\"72\"><\/td>\n<td align=\"center\" valign=\"middle\" width=\"72\"><\/td>\n<td colspan=\"3\" align=\"center\" valign=\"middle\" width=\"216\">\u2160 to \u00a0 \u2162<\/td>\n<\/tr>\n<tr>\n<td width=\"248\">IP level<\/td>\n<td width=\"72\"><\/td>\n<td width=\"72\"><\/td>\n<td align=\"center\" valign=\"middle\" width=\"72\"><\/td>\n<td colspan=\"3\" align=\"center\" valign=\"middle\" width=\"216\">IP66<\/td>\n<\/tr>\n<\/tbody>\n<\/table>\n<p>&nbsp;<\/p>\n<p>&nbsp;<\/p>\n<p><img fetchpriority=\"high\" decoding=\"async\" src=\"https:\/\/www.feeo-solar.com\/Content\/uploads\/202233440\/202211111104414120de529b114fa1a32af2b64730b0b0.jpg\" alt=\"_(1)\" width=\"790\" height=\"7129\" \/><\/p>","protected":false},"excerpt":{"rendered":"<p>INTERRUPTOR DE AISLAMIENTO IP66<\/p>\n<p>Caracter\u00edsticas Destacadas:<\/p>\n<ul>\n<li><strong>Dise\u00f1o Compacto y Vers\u00e1til<\/strong>: Perfecto cuando el espacio es limitado, nuestro interruptor es una soluci\u00f3n eficiente y de gran rendimiento.<\/li>\n<li><strong>Montaje en Riel DIN<\/strong>: La instalaci\u00f3n nunca ha sido tan f\u00e1cil. Nuestro dise\u00f1o de montaje en riel DIN asegura una instalaci\u00f3n sin complicaciones.<\/li>\n<li><strong>Corte de Carga hasta 8 Veces la Corriente Nominal<\/strong>: Ideal para el aislamiento de motores, nuestro interruptor puede soportar cargas de hasta 8 veces la corriente nominal.<\/li>\n<li><strong>Doble Corte con Remaches de Plata<\/strong>: Garantizamos un rendimiento superior y una larga duraci\u00f3n gracias a nuestro dise\u00f1o de doble corte con remaches de plata.<\/li>\n<li><strong>Mango de Alta Visibilidad<\/strong>: Nuestro interruptor est\u00e1 equipado con un mango rojo\/amarillo altamente visible, lo que facilita su operaci\u00f3n y uso.<\/li>\n<li><strong>Manijas Robustas para Candado<\/strong>: Priorizamos la seguridad. Nuestras manijas rojas\/amarillas o grises\/negras son lo suficientemente grandes para candados, brind\u00e1ndote control total.<\/li>\n<li><strong>Amplia Gama de Modelos<\/strong>: Desde 16A hasta 32A, ofrecemos una amplia gama de modelos para adaptarse a tus necesidades espec\u00edficas.<\/li>\n<li><strong>Alta Calificaci\u00f3n IP 66<\/strong>: Dise\u00f1ado para resistir entornos desafiantes, nuestro interruptor cuenta con una alta calificaci\u00f3n IP 66.<\/li>\n<li><strong>Capacidad de Interrupci\u00f3n Elevada con Espacio de Aire de 12.5 mm<\/strong>: Garantizamos un rendimiento \u00f3ptimo con una capacidad de interrupci\u00f3n elevada y un espacio de aire de 12.5 mm.<\/li>\n<li><strong>Instalaci\u00f3n y Operaci\u00f3n Sencillas<\/strong>: Nuestro sistema de montaje y operaci\u00f3n snap-on lo hace f\u00e1cil para que puedas comenzar en poco tiempo.<\/li>\n<\/ul>","protected":false},"featured_media":905,"template":"","meta":{"_coblocks_attr":"","_coblocks_dimensions":"","_coblocks_responsive_height":"","_coblocks_accordion_ie_support":"","_regular_price":["626"],"currency_symbol":[]},"pwb-brand":[],"product_brand":[],"product_cat":[26],"product_tag":[28],"class_list":{"0":"post-904","1":"product","2":"type-product","3":"status-publish","4":"has-post-thumbnail","6":"product_cat-accesorios","7":"product_tag-feeo","9":"first","10":"instock","11":"sale","12":"shipping-taxable","13":"purchasable","14":"product-type-simple"},"post_slider_layout_featured_media_urls":{"thumbnail":["https:\/\/ecologicosolar.com\/wp-content\/uploads\/2023\/08\/Protecciones-interruptor-de-aislamiento-dc-150x150.gif",150,150,true],"post_slider_layout_landscape_large":["https:\/\/ecologicosolar.com\/wp-content\/uploads\/2023\/08\/Protecciones-interruptor-de-aislamiento-dc-1200x800.gif",1200,800,true],"post_slider_layout_portrait_large":["https:\/\/ecologicosolar.com\/wp-content\/uploads\/2023\/08\/Protecciones-interruptor-de-aislamiento-dc-1200x1300.gif",1200,1300,true],"post_slider_layout_square_large":["https:\/\/ecologicosolar.com\/wp-content\/uploads\/2023\/08\/Protecciones-interruptor-de-aislamiento-dc-1200x1200.gif",1200,1200,true],"post_slider_layout_landscape":["https:\/\/ecologicosolar.com\/wp-content\/uploads\/2023\/08\/Protecciones-interruptor-de-aislamiento-dc-600x400.gif",600,400,true],"post_slider_layout_portrait":["https:\/\/ecologicosolar.com\/wp-content\/uploads\/2023\/08\/Protecciones-interruptor-de-aislamiento-dc-600x900.gif",600,900,true],"post_slider_layout_square":["https:\/\/ecologicosolar.com\/wp-content\/uploads\/2023\/08\/Protecciones-interruptor-de-aislamiento-dc-600x600.gif",600,600,true],"full":["https:\/\/ecologicosolar.com\/wp-content\/uploads\/2023\/08\/Protecciones-interruptor-de-aislamiento-dc.gif",1300,1300,false]},"brands":[],"_links":{"self":[{"href":"https:\/\/ecologicosolar.com\/en\/wp-json\/wp\/v2\/product\/904","targetHints":{"allow":["GET"]}}],"collection":[{"href":"https:\/\/ecologicosolar.com\/en\/wp-json\/wp\/v2\/product"}],"about":[{"href":"https:\/\/ecologicosolar.com\/en\/wp-json\/wp\/v2\/types\/product"}],"wp:featuredmedia":[{"embeddable":true,"href":"https:\/\/ecologicosolar.com\/en\/wp-json\/wp\/v2\/media\/905"}],"wp:attachment":[{"href":"https:\/\/ecologicosolar.com\/en\/wp-json\/wp\/v2\/media?parent=904"}],"wp:term":[{"taxonomy":"pwb-brand","embeddable":true,"href":"https:\/\/ecologicosolar.com\/en\/wp-json\/wp\/v2\/pwb-brand?post=904"},{"taxonomy":"product_brand","embeddable":true,"href":"https:\/\/ecologicosolar.com\/en\/wp-json\/wp\/v2\/product_brand?post=904"},{"taxonomy":"product_cat","embeddable":true,"href":"https:\/\/ecologicosolar.com\/en\/wp-json\/wp\/v2\/product_cat?post=904"},{"taxonomy":"product_tag","embeddable":true,"href":"https:\/\/ecologicosolar.com\/en\/wp-json\/wp\/v2\/product_tag?post=904"}],"curies":[{"name":"wp","href":"https:\/\/api.w.org\/{rel}","templated":true}]}}