{"id":906,"date":"2023-08-06T22:15:59","date_gmt":"2023-08-07T04:15:59","guid":{"rendered":"https:\/\/ecologicosolar.com\/?post_type=product&#038;p=906"},"modified":"2023-08-06T22:16:00","modified_gmt":"2023-08-07T04:16:00","slug":"fsdp2pa40-supresor-de-sobretension-2p-240v-ac-40a","status":"publish","type":"product","link":"https:\/\/ecologicosolar.com\/en\/product\/fsdp2pa40-supresor-de-sobretension-2p-240v-ac-40a\/","title":{"rendered":"FSDP2PA40 &#8211; Supresor de Sobretensi\u00f3n 2P &#8211; 240V AC 40A"},"content":{"rendered":"<p>&nbsp;<\/p>\n<table>\n<thead>\n<tr>\n<th>Par\u00e1metros T\u00e9cnicos<\/th>\n<th>FSP-A<\/th>\n<th><\/th>\n<th><\/th>\n<th><\/th>\n<th><\/th>\n<th><\/th>\n<\/tr>\n<\/thead>\n<tbody>\n<tr>\n<td>Tensi\u00f3n Nominal Un(V~)<\/td>\n<td>380V\/220V<\/td>\n<td><\/td>\n<td><\/td>\n<td><\/td>\n<td><\/td>\n<td><\/td>\n<\/tr>\n<tr>\n<td>Tensi\u00f3n M\u00e1xima Uc(V~)<\/td>\n<td>275V<\/td>\n<td>320V<\/td>\n<td>385V<\/td>\n<td>385V<\/td>\n<td>385V<\/td>\n<td>420V<\/td>\n<\/tr>\n<tr>\n<td>Nivel de Protecci\u00f3n Up(V~)kV<\/td>\n<td>\u22641.0<\/td>\n<td>\u22641.2<\/td>\n<td>\u22641.8<\/td>\n<td>\u22642.0<\/td>\n<td>\u22642.2<\/td>\n<td>\u22642.8<\/td>\n<\/tr>\n<tr>\n<td>Corriente Nominal ln (8\/20s)kA<\/td>\n<td>5<\/td>\n<td>10<\/td>\n<td>20<\/td>\n<td>30<\/td>\n<td>40<\/td>\n<td>60<\/td>\n<\/tr>\n<tr>\n<td>Corriente M\u00e1xima lmax(8\/20s)kA<\/td>\n<td>10<\/td>\n<td>20<\/td>\n<td>40<\/td>\n<td>60<\/td>\n<td>80<\/td>\n<td>100<\/td>\n<\/tr>\n<tr>\n<td>Tiempo de Respuesta (ns)<\/td>\n<td>&lt;25<\/td>\n<td><\/td>\n<td><\/td>\n<td><\/td>\n<td><\/td>\n<td><\/td>\n<\/tr>\n<tr>\n<td>Est\u00e1ndar de Prueba<\/td>\n<td>IEC61643.1, GB18802.1<\/td>\n<td><\/td>\n<td><\/td>\n<td><\/td>\n<td><\/td>\n<td><\/td>\n<\/tr>\n<tr>\n<td>Entorno de Operaci\u00f3n (cent\u00edgrados)<\/td>\n<td>-40\u2103~+85\u2103<\/td>\n<td><\/td>\n<td><\/td>\n<td><\/td>\n<td><\/td>\n<td><\/td>\n<\/tr>\n<tr>\n<td>Conexi\u00f3n de L\u00ednea M\u00e1xima<\/td>\n<td>35mm2 cable duro\/35mm2 cable de hebra de cobre<\/td>\n<td><\/td>\n<td><\/td>\n<td><\/td>\n<td><\/td>\n<td><\/td>\n<\/tr>\n<tr>\n<td>Conexi\u00f3n de L\u00ednea Recomendada<\/td>\n<td>16mm2 cable duro\/25mm2 cable de hebra de cobre<\/td>\n<td><\/td>\n<td><\/td>\n<td><\/td>\n<td><\/td>\n<td><\/td>\n<\/tr>\n<tr>\n<td>Instalaci\u00f3n<\/td>\n<td>Carril Est\u00e1ndar de 35mm<\/td>\n<td><\/td>\n<td><\/td>\n<td><\/td>\n<td><\/td>\n<td><\/td>\n<\/tr>\n<tr>\n<td>Material de la Cubierta Exterior<\/td>\n<td>Nylon Ign\u00edfugo<\/td>\n<td><\/td>\n<td><\/td>\n<td><\/td>\n<td><\/td>\n<td><\/td>\n<\/tr>\n<\/tbody>\n<\/table>\n<p>\u00a1Presentamos al Guardi\u00e1n Imparable: Dispositivo de Protecci\u00f3n contra Sobretensiones AC!<\/p>\n<p>Prep\u00e1rate para la m\u00e1xima protecci\u00f3n con nuestro avanzado Dispositivo de Protecci\u00f3n AC. Dise\u00f1ado para enfrentar los desaf\u00edos m\u00e1s dif\u00edciles, esta maravilla tecnol\u00f3gica est\u00e1 lista para resguardar tus sistemas el\u00e9ctricos con determinaci\u00f3n inquebrantable.<\/p>\n<p>Caracter\u00edsticas Clave:<\/p>\n<ul>\n<li><strong>Versatilidad Inigualable<\/strong>: Compatible con sistemas de suministro de energ\u00eda TT, TN-S, TN-C, IT, TN-C-S y otros operando a AC 50\/60Hz, &lt;380V, nuestro Dispositivo de Protecci\u00f3n AC es la soluci\u00f3n vers\u00e1til para diversas aplicaciones.<\/li>\n<li><strong>Instalaci\u00f3n Estrat\u00e9gica<\/strong>: Dise\u00f1ado para ubicarse en el punto de encuentro de las zonas LPZ1 o LPZ2 y LPZ3, nuestro SPD garantiza que todo tu sistema est\u00e9 protegido de sobretensiones.<\/li>\n<li><strong>Mecanismo a Prueba de Fallas<\/strong>: Equipado con un innovador mecanismo de liberaci\u00f3n en caso de falla, nuestro SPD se esfuerza por proteger tus equipos valiosos. En caso de sobrecarga o exceso de corriente, la liberaci\u00f3n de falla entra en acci\u00f3n, desconectando r\u00e1pidamente tus equipos el\u00e9ctricos del sistema de suministro. Las se\u00f1ales de indicaci\u00f3n verde y roja te mantienen informado: verde para normalidad, rojo para una alerta vigilante.<\/li>\n<li><strong>Confiabilidad Elevada<\/strong>: Nuestro SPD cuenta con un dise\u00f1o modular que incluye un m\u00f3dulo reemplazable con capacidades de voltaje operativo. Esto garantiza que tu protecci\u00f3n contra sobretensiones se mantenga firme, incluso en condiciones exigentes.<\/li>\n<li><strong>Integraci\u00f3n Sin Problemas<\/strong>: Nuestro Dispositivo de Protecci\u00f3n AC se integra sin esfuerzo en tu configuraci\u00f3n, utilizando un riel est\u00e1ndar de 35mm para una instalaci\u00f3n sencilla. As\u00ed, puedes disfrutar de una protecci\u00f3n s\u00f3lida sin complicaciones.<\/li>\n<\/ul>\n<p>Cuando se trata de resguardar tu infraestructura el\u00e9ctrica, no aceptes menos que lo extraordinario. Eleva tu nivel de protecci\u00f3n con el Dispositivo de Protecci\u00f3n contra Sobretensiones AC y descansa tranquilo, sabiendo que tu suministro de energ\u00eda est\u00e1 fortificado por la m\u00e1xima resiliencia e innovaci\u00f3n.<\/p>\n<p>\u00a1No esperes a que ocurra un desastre! Empodera tus sistemas con el escudo inquebrantable de nuestro Dispositivo de Protecci\u00f3n AC hoy mismo. Tu seguridad el\u00e9ctrica merece nada menos que lo mejor.<\/p>\n<p>&nbsp;<\/p>\n<p><img fetchpriority=\"high\" decoding=\"async\" src=\"https:\/\/www.feeo-solar.com\/Content\/uploads\/202233440\/20220429120417a7546ae4c496491e8c558f61f94642cd.jpg\" alt=\"AC-FSP-A40_01\" width=\"790\" height=\"1052\" \/><\/p>\n<p><img decoding=\"async\" src=\"https:\/\/www.feeo-solar.com\/Content\/uploads\/202233440\/20220429120417e4ac2959c6174975a7e81df27afdd69d.jpg\" alt=\"AC-FSP-A40_03\" width=\"790\" height=\"998\" \/><\/p>\n<p><img decoding=\"async\" src=\"https:\/\/www.feeo-solar.com\/Content\/uploads\/202233440\/20220429120418e123f6f356964664bd03b101d311fa59.jpg\" alt=\"AC-FSP-A40_04\" \/><\/p>\n<p><img decoding=\"async\" src=\"https:\/\/www.feeo-solar.com\/Content\/uploads\/202233440\/20220429120418f59c66801a984d2594d121358ca163ff.jpg\" alt=\"AC-FSP-A40_02\" width=\"790\" height=\"968\" \/><\/p>\n<p><img decoding=\"async\" src=\"https:\/\/www.feeo-solar.com\/Content\/uploads\/202233440\/20220429120419b34215cd2de442589828dd029438287a.jpg\" alt=\"AC-FSP-A40_05\" \/><\/p>","protected":false},"excerpt":{"rendered":"<table>\n<thead>\n<tr>\n<th>Par\u00e1metros T\u00e9cnicos<\/th>\n<th>FSP-A<\/th>\n<th><\/th>\n<th><\/th>\n<th><\/th>\n<th><\/th>\n<th><\/th>\n<\/tr>\n<\/thead>\n<tbody>\n<tr>\n<td>Tensi\u00f3n Nominal Un(V~)<\/td>\n<td>380V\/220V<\/td>\n<td><\/td>\n<td><\/td>\n<td><\/td>\n<td><\/td>\n<td><\/td>\n<\/tr>\n<tr>\n<td>Tensi\u00f3n M\u00e1xima Uc(V~)<\/td>\n<td>275V<\/td>\n<td>320V<\/td>\n<td>385V<\/td>\n<td>385V<\/td>\n<td>385V<\/td>\n<td>420V<\/td>\n<\/tr>\n<tr>\n<td>Nivel de Protecci\u00f3n Up(V~)kV<\/td>\n<td>\u22641.0<\/td>\n<td>\u22641.2<\/td>\n<td>\u22641.8<\/td>\n<td>\u22642.0<\/td>\n<td>\u22642.2<\/td>\n<td>\u22642.8<\/td>\n<\/tr>\n<tr>\n<td>Corriente Nominal ln (8\/20s)kA<\/td>\n<td>5<\/td>\n<td>10<\/td>\n<td>20<\/td>\n<td>30<\/td>\n<td>40<\/td>\n<td>60<\/td>\n<\/tr>\n<tr>\n<td>Corriente M\u00e1xima lmax(8\/20s)kA<\/td>\n<td>10<\/td>\n<td>20<\/td>\n<td>40<\/td>\n<td>60<\/td>\n<td>80<\/td>\n<td>100<\/td>\n<\/tr>\n<tr>\n<td>Tiempo de Respuesta (ns)<\/td>\n<td>&lt;25<\/td>\n<td><\/td>\n<td><\/td>\n<td><\/td>\n<td><\/td>\n<td><\/td>\n<\/tr>\n<tr>\n<td>Est\u00e1ndar de Prueba<\/td>\n<td>IEC61643.1, GB18802.1<\/td>\n<td><\/td>\n<td><\/td>\n<td><\/td>\n<td><\/td>\n<td><\/td>\n<\/tr>\n<tr>\n<td>Entorno de Operaci\u00f3n (cent\u00edgrados)<\/td>\n<td>-40\u2103~+85\u2103<\/td>\n<td><\/td>\n<td><\/td>\n<td><\/td>\n<td><\/td>\n<td><\/td>\n<\/tr>\n<tr>\n<td>Conexi\u00f3n de L\u00ednea M\u00e1xima<\/td>\n<td>35mm2 cable duro\/35mm2 cable de hebra de cobre<\/td>\n<td><\/td>\n<td><\/td>\n<td><\/td>\n<td><\/td>\n<td><\/td>\n<\/tr>\n<tr>\n<td>Conexi\u00f3n de L\u00ednea Recomendada<\/td>\n<td>16mm2 cable duro\/25mm2 cable de hebra de cobre<\/td>\n<td><\/td>\n<td><\/td>\n<td><\/td>\n<td><\/td>\n<td><\/td>\n<\/tr>\n<tr>\n<td>Instalaci\u00f3n<\/td>\n<td>Carril Est\u00e1ndar de 35mm<\/td>\n<td><\/td>\n<td><\/td>\n<td><\/td>\n<td><\/td>\n<td><\/td>\n<\/tr>\n<tr>\n<td>Material de la Cubierta Exterior<\/td>\n<td>Nylon Ign\u00edfugo<\/td>\n<td><\/td>\n<td><\/td>\n<td><\/td>\n<td><\/td>\n<td><\/td>\n<\/tr>\n<\/tbody>\n<\/table>","protected":false},"featured_media":907,"template":"","meta":{"_coblocks_attr":"","_coblocks_dimensions":"","_coblocks_responsive_height":"","_coblocks_accordion_ie_support":"","_regular_price":["234"],"currency_symbol":[]},"pwb-brand":[],"product_brand":[],"product_cat":[26],"product_tag":[28],"class_list":{"0":"post-906","1":"product","2":"type-product","3":"status-publish","4":"has-post-thumbnail","6":"product_cat-accesorios","7":"product_tag-feeo","9":"first","10":"instock","11":"shipping-taxable","12":"purchasable","13":"product-type-simple"},"post_slider_layout_featured_media_urls":{"thumbnail":["https:\/\/ecologicosolar.com\/wp-content\/uploads\/2023\/08\/Protecciones-SUPRESOR-DE-PICOS-AC-150x150.gif",150,150,true],"post_slider_layout_landscape_large":["https:\/\/ecologicosolar.com\/wp-content\/uploads\/2023\/08\/Protecciones-SUPRESOR-DE-PICOS-AC-1200x800.gif",1200,800,true],"post_slider_layout_portrait_large":["https:\/\/ecologicosolar.com\/wp-content\/uploads\/2023\/08\/Protecciones-SUPRESOR-DE-PICOS-AC-1200x1300.gif",1200,1300,true],"post_slider_layout_square_large":["https:\/\/ecologicosolar.com\/wp-content\/uploads\/2023\/08\/Protecciones-SUPRESOR-DE-PICOS-AC-1200x1200.gif",1200,1200,true],"post_slider_layout_landscape":["https:\/\/ecologicosolar.com\/wp-content\/uploads\/2023\/08\/Protecciones-SUPRESOR-DE-PICOS-AC-600x400.gif",600,400,true],"post_slider_layout_portrait":["https:\/\/ecologicosolar.com\/wp-content\/uploads\/2023\/08\/Protecciones-SUPRESOR-DE-PICOS-AC-600x900.gif",600,900,true],"post_slider_layout_square":["https:\/\/ecologicosolar.com\/wp-content\/uploads\/2023\/08\/Protecciones-SUPRESOR-DE-PICOS-AC-600x600.gif",600,600,true],"full":["https:\/\/ecologicosolar.com\/wp-content\/uploads\/2023\/08\/Protecciones-SUPRESOR-DE-PICOS-AC.gif",1300,1300,false]},"brands":[],"_links":{"self":[{"href":"https:\/\/ecologicosolar.com\/en\/wp-json\/wp\/v2\/product\/906","targetHints":{"allow":["GET"]}}],"collection":[{"href":"https:\/\/ecologicosolar.com\/en\/wp-json\/wp\/v2\/product"}],"about":[{"href":"https:\/\/ecologicosolar.com\/en\/wp-json\/wp\/v2\/types\/product"}],"wp:featuredmedia":[{"embeddable":true,"href":"https:\/\/ecologicosolar.com\/en\/wp-json\/wp\/v2\/media\/907"}],"wp:attachment":[{"href":"https:\/\/ecologicosolar.com\/en\/wp-json\/wp\/v2\/media?parent=906"}],"wp:term":[{"taxonomy":"pwb-brand","embeddable":true,"href":"https:\/\/ecologicosolar.com\/en\/wp-json\/wp\/v2\/pwb-brand?post=906"},{"taxonomy":"product_brand","embeddable":true,"href":"https:\/\/ecologicosolar.com\/en\/wp-json\/wp\/v2\/product_brand?post=906"},{"taxonomy":"product_cat","embeddable":true,"href":"https:\/\/ecologicosolar.com\/en\/wp-json\/wp\/v2\/product_cat?post=906"},{"taxonomy":"product_tag","embeddable":true,"href":"https:\/\/ecologicosolar.com\/en\/wp-json\/wp\/v2\/product_tag?post=906"}],"curies":[{"name":"wp","href":"https:\/\/api.w.org\/{rel}","templated":true}]}}